{"id":12734,"date":"2022-06-01T10:27:16","date_gmt":"2022-06-01T10:27:16","guid":{"rendered":"https:\/\/resawod.com\/fitnesskpi\/"},"modified":"2024-10-15T13:43:37","modified_gmt":"2024-10-15T13:43:37","slug":"partnerships-fitnesskpi","status":"publish","type":"page","link":"https:\/\/resawod.com\/de\/partnerships-fitnesskpi\/","title":{"rendered":"FitnessKPI"},"content":{"rendered":"<p>[et_pb_section fb_built=&#8220;1&#8243; module_class=&#8220;partnersscreen-spacing&#8220; _builder_version=&#8220;4.17.4&#8243; _module_preset=&#8220;default&#8220; background_image=&#8220;https:\/\/resawod.com\/wp-content\/uploads\/sites\/7\/2022\/04\/partner-BG-01.png&#8220; custom_padding=&#8220;||||true|false&#8220; locked=&#8220;off&#8220; global_colors_info=&#8220;{}&#8220;][et_pb_row column_structure=&#8220;1_2,1_2&#8243; use_custom_gutter=&#8220;on&#8220; gutter_width=&#8220;4&#8243; module_class=&#8220;partnersrow-spacing&#8220; _builder_version=&#8220;4.17.3&#8243; _module_preset=&#8220;default&#8220; module_alignment=&#8220;center&#8220; custom_margin=&#8220;||||false|false&#8220; custom_padding=&#8220;||||false|false&#8220; global_colors_info=&#8220;{}&#8220;][et_pb_column type=&#8220;1_2&#8243; _builder_version=&#8220;4.17.2&#8243; _module_preset=&#8220;default&#8220; use_background_color_gradient=&#8220;on&#8220; background_color_gradient_stops=&#8220;rgba(248,175,32,0) 8%|#f8af20 100%&#8220; animation_style=&#8220;slide&#8220; animation_direction=&#8220;top&#8220; animation_duration=&#8220;1600ms&#8220; animation_delay=&#8220;350ms&#8220; animation_intensity_slide=&#8220;10%&#8220; background_last_edited=&#8220;on|phone&#8220; use_background_color_gradient_phone=&#8220;off&#8220; border_radii=&#8220;on|25px|25px|25px|25px&#8220; global_colors_info=&#8220;{}&#8220;][et_pb_gallery gallery_ids=&#8220;11592,11587&#8243; fullwidth=&#8220;on&#8220; _builder_version=&#8220;4.17.3&#8243; _module_preset=&#8220;default&#8220; width=&#8220;60%&#8220; max_width=&#8220;100%&#8220; module_alignment=&#8220;center&#8220; custom_margin=&#8220;-55px||||false|false&#8220; custom_padding=&#8220;||20px||false|false&#8220; global_colors_info=&#8220;{}&#8220;][\/et_pb_gallery][et_pb_gallery gallery_ids=&#8220;1543,1553&#8243; fullwidth=&#8220;on&#8220; _builder_version=&#8220;4.17.2&#8243; _module_preset=&#8220;default&#8220; width=&#8220;60%&#8220; max_width=&#8220;100%&#8220; module_alignment=&#8220;center&#8220; custom_margin=&#8220;-55px||||false|false&#8220; custom_padding=&#8220;||20px||false|false&#8220; locked=&#8220;off&#8220; global_colors_info=&#8220;{}&#8220;][\/et_pb_gallery][et_pb_text _builder_version=&#8220;4.17.2&#8243; _module_preset=&#8220;default&#8220; text_font=&#8220;Raleway||||||||&#8220; text_text_color=&#8220;#FFFFFF&#8220; header_2_font=&#8220;Raleway|700|||||||&#8220; header_2_text_color=&#8220;#ffffff&#8220; header_2_font_size=&#8220;30px&#8220; min_height=&#8220;5px&#8220; custom_margin=&#8220;0px||0px||true|false&#8220; custom_padding=&#8220;|||75px|true|false&#8220; custom_padding_tablet=&#8220;|||75px|true|false&#8220; custom_padding_phone=&#8220;|10px||10px|true|true&#8220; custom_padding_last_edited=&#8220;on|phone&#8220; animation_direction=&#8220;bottom&#8220; border_radii=&#8220;on|25px|25px|25px|25px&#8220; global_colors_info=&#8220;{}&#8220;]<\/p>\n<h2>Fitness KPI<\/h2>\n<p>[\/et_pb_text][et_pb_text _builder_version=&#8220;4.17.4&#8243; _module_preset=&#8220;default&#8220; text_font=&#8220;Raleway||||||||&#8220; text_text_color=&#8220;#FFFFFF&#8220; header_2_font=&#8220;Raleway|700|||||||&#8220; header_2_text_color=&#8220;#ffffff&#8220; header_2_font_size=&#8220;30px&#8220; custom_margin=&#8220;||||false|false&#8220; custom_padding=&#8220;|75px|35px|75px|false|true&#8220; custom_padding_tablet=&#8220;|75px||75px|true|true&#8220; custom_padding_phone=&#8220;|10px||10px|true|true&#8220; custom_padding_last_edited=&#8220;on|phone&#8220; animation_direction=&#8220;bottom&#8220; border_radii=&#8220;on|25px|25px|25px|25px&#8220; locked=&#8220;off&#8220; global_colors_info=&#8220;{}&#8220;]<\/p>\n<p data-pm-slice=\"1 1 []\"><span data-sheets-value=\"{&quot;1&quot;:2,&quot;2&quot;:&quot;Business Intelligence f\u00fcr Ihr Sportzentrum. Alle Daten Ihres Zentrums vollst\u00e4ndig unter Kontrolle. FitnessKPI ist das erste Dashboard auf dem Markt, das auf die Verwaltung von Sport- und Fitnesseinrichtungen spezialisiert ist.&quot;}\" data-sheets-userformat=\"{&quot;2&quot;:769,&quot;3&quot;:{&quot;1&quot;:0},&quot;11&quot;:4,&quot;12&quot;:0}\">Business Intelligence f\u00fcr Ihr Box. Alle Daten Ihres Zentrums vollst\u00e4ndig unter Kontrolle. Fitness KPI ist das erste Dashboard auf dem Markt, das auf die Verwaltung von Sport- und Fitnesseinrichtungen spezialisiert ist.<\/span><\/p>\n<p>[\/et_pb_text][\/et_pb_column][et_pb_column type=&#8220;1_2&#8243; _builder_version=&#8220;4.17.2&#8243; _module_preset=&#8220;default&#8220; global_colors_info=&#8220;{}&#8220;][et_pb_image src=&#8220;https:\/\/resawod.com\/wp-content\/uploads\/sites\/7\/2022\/05\/rw-fkpi.png&#8220; title_text=&#8220;rw&#8212;fkpi&#8220; show_bottom_space=&#8220;off&#8220; align=&#8220;center&#8220; _builder_version=&#8220;4.17.3&#8243; _module_preset=&#8220;default&#8220; global_colors_info=&#8220;{}&#8220;][\/et_pb_image][et_pb_text _builder_version=&#8220;4.17.4&#8243; _module_preset=&#8220;default&#8220; text_font_size=&#8220;1em&#8220; header_font=&#8220;Raleway|900|||||||&#8220; header_text_color=&#8220;#21405a&#8220; header_font_size=&#8220;4em&#8220; header_2_font=&#8220;Raleway|500|||||||&#8220; header_2_font_size=&#8220;2em&#8220; text_font_size_tablet=&#8220;1em&#8220; text_font_size_phone=&#8220;0.8em&#8220; text_font_size_last_edited=&#8220;on|phone&#8220; header_font_size_tablet=&#8220;4em&#8220; header_font_size_phone=&#8220;4em&#8220; header_font_size_last_edited=&#8220;on|desktop&#8220; header_2_font_size_tablet=&#8220;2em&#8220; header_2_font_size_phone=&#8220;2em&#8220; header_2_font_size_last_edited=&#8220;on|desktop&#8220; global_colors_info=&#8220;{}&#8220;]<\/p>\n<h1><span data-sheets-value=\"{&quot;1&quot;:2,&quot;2&quot;:&quot;Kontrollieren Sie Ihr Sportzentrum mit Fitness KPI und Resasports.&quot;}\" data-sheets-userformat=\"{&quot;2&quot;:769,&quot;3&quot;:{&quot;1&quot;:0},&quot;11&quot;:4,&quot;12&quot;:0}\">Kontrollieren Sie Ihr Box mit Fitness KPI und <\/span>Resawod.<\/h1>\n<p data-pm-slice=\"1 1 []\"><span data-sheets-value=\"{&quot;1&quot;:2,&quot;2&quot;:&quot;Die St\u00e4rke der Resasports Software f\u00fcr die Verwaltung von Sportzentren und die Kraft der Fitness KPI Business Intelligence, kombiniert um Ihnen das beste und vollst\u00e4ndigste Verwaltungssystem f\u00fcr Ihr Zentrum anzubieten.&quot;}\" data-sheets-userformat=\"{&quot;2&quot;:769,&quot;3&quot;:{&quot;1&quot;:0},&quot;11&quot;:4,&quot;12&quot;:0}\">Die St\u00e4rke der Resawod Software f\u00fcr die Verwaltung von Box und die Kraft der Fitness KPI Business Intelligence, kombiniert um Ihnen das beste und vollst\u00e4ndigste Verwaltungssystem f\u00fcr Ihr Zentrum anzubieten.<\/span><\/p>\n<p><span data-sheets-value=\"{&quot;1&quot;:2,&quot;2&quot;:&quot;Erhalten Sie detaillierte Analysen und Statistiken f\u00fcr:&quot;}\" data-sheets-userformat=\"{&quot;2&quot;:769,&quot;3&quot;:{&quot;1&quot;:0},&quot;11&quot;:4,&quot;12&quot;:0}\">Erhalten Sie detaillierte Analysen und Statistiken f\u00fcr:<\/span><\/p>\n<ul>\n<li style=\"list-style-type: none;\">\n<ul>\n<li><span data-sheets-value=\"{&quot;1&quot;:2,&quot;2&quot;:&quot;Mitgliederprofil&quot;}\" data-sheets-userformat=\"{&quot;2&quot;:513,&quot;3&quot;:{&quot;1&quot;:0},&quot;12&quot;:0}\">Mitgliederprofil<\/span><\/li>\n<li><span data-sheets-value=\"{&quot;1&quot;:2,&quot;2&quot;:&quot;Rekrutierung und Loyalit\u00e4t&quot;}\" data-sheets-userformat=\"{&quot;2&quot;:513,&quot;3&quot;:{&quot;1&quot;:0},&quot;12&quot;:0}\">Rekrutierung und Loyalit\u00e4t<\/span><\/li>\n<li><span data-sheets-value=\"{&quot;1&quot;:2,&quot;2&quot;:&quot;Inanspruchnahme und Rekrutierung&quot;}\" data-sheets-userformat=\"{&quot;2&quot;:513,&quot;3&quot;:{&quot;1&quot;:0},&quot;12&quot;:0}\">Inanspruchnahme und Rekrutierung<\/span><\/li>\n<li><span data-sheets-value=\"{&quot;1&quot;:2,&quot;2&quot;:&quot;Wirtschaft und Finanzen&quot;}\" data-sheets-userformat=\"{&quot;2&quot;:513,&quot;3&quot;:{&quot;1&quot;:0},&quot;12&quot;:0}\">Wirtschaft und Finanzen<\/span><\/li>\n<li><span data-sheets-value=\"{&quot;1&quot;:2,&quot;2&quot;:&quot;Geolocation&quot;}\" data-sheets-userformat=\"{&quot;2&quot;:769,&quot;3&quot;:{&quot;1&quot;:0},&quot;11&quot;:4,&quot;12&quot;:0}\">Geolocation<\/span><\/li>\n<li><span data-sheets-value=\"{&quot;1&quot;:2,&quot;2&quot;:&quot;Arbeitsklima&quot;}\" data-sheets-userformat=\"{&quot;2&quot;:513,&quot;3&quot;:{&quot;1&quot;:0},&quot;12&quot;:0}\">Arbeitsklima<\/span><\/li>\n<\/ul>\n<\/li>\n<\/ul>\n<p><span data-sheets-value=\"{&quot;1&quot;:2,&quot;2&quot;:&quot;Erhalten Sie Indikatoren f\u00fcr Ihr Sportzentrum in Echtzeit, analysieren Sie Ihre Ziele und vergleichen Sie sich mit dem Markt.&quot;}\" data-sheets-userformat=\"{&quot;2&quot;:769,&quot;3&quot;:{&quot;1&quot;:0},&quot;11&quot;:4,&quot;12&quot;:0}\">Erhalten Sie Indikatoren f\u00fcr Ihr Sportzentrum in Echtzeit, analysieren Sie Ihre Ziele und vergleichen Sie sich mit dem Markt.<\/span><\/p>\n<p><span data-sheets-value=\"{&quot;1&quot;:2,&quot;2&quot;:&quot;Die Verwaltung Ihres Sportzentrums, einfacher denn je mit Resasports und Fitness KPI.&quot;}\" data-sheets-userformat=\"{&quot;2&quot;:769,&quot;3&quot;:{&quot;1&quot;:0},&quot;11&quot;:4,&quot;12&quot;:0}\">Die Verwaltung Ihres Boxes, einfacher denn je mit Resawod und Fitness KPI.<\/span>[\/et_pb_text][\/et_pb_column][\/et_pb_row][\/et_pb_section][et_pb_section fb_built=&#8220;1&#8243; admin_label=&#8220;Section&#8220; _builder_version=&#8220;4.17.2&#8243; _module_preset=&#8220;default&#8220; background_color=&#8220;#f7f8f9&#8243; locked=&#8220;off&#8220; global_colors_info=&#8220;{}&#8220;][et_pb_row column_structure=&#8220;1_2,1_2&#8243; _builder_version=&#8220;4.17.2&#8243; _module_preset=&#8220;default&#8220; global_colors_info=&#8220;{}&#8220;][et_pb_column type=&#8220;1_2&#8243; _builder_version=&#8220;4.17.2&#8243; _module_preset=&#8220;default&#8220; global_colors_info=&#8220;{}&#8220;][et_pb_image src=&#8220;https:\/\/resawod.com\/wp-content\/uploads\/sites\/7\/2022\/04\/RW-form-phone-01.png&#8220; title_text=&#8220;RW&#8212;form-phone-01&#8243; _builder_version=&#8220;4.17.2&#8243; _module_preset=&#8220;default&#8220; global_colors_info=&#8220;{}&#8220;][\/et_pb_image][\/et_pb_column][et_pb_column type=&#8220;1_2&#8243; _builder_version=&#8220;4.17.2&#8243; _module_preset=&#8220;default&#8220; global_colors_info=&#8220;{}&#8220;][et_pb_text content_tablet=&#8220;<\/p>\n<h2>Ihre Zeugnisse sind von Bedeutung, Spiel und Wettkampf<\/h2>\n<p>&#8220; content_phone=&#8220;&#8220; content_last_edited=&#8220;on|tablet&#8220; _builder_version=&#8220;4.17.4&#8243; _module_preset=&#8220;default&#8220; text_font=&#8220;Raleway||||||||&#8220; text_text_color=&#8220;#21405a&#8220; header_2_font=&#8220;Raleway|900|||||||&#8220; header_2_text_color=&#8220;#21405a&#8220; header_2_font_size=&#8220;24px&#8220; custom_padding=&#8220;35px||||false|false&#8220; animation_direction=&#8220;bottom&#8220; locked=&#8220;off&#8220; global_colors_info=&#8220;{}&#8220;]<\/p>\n<h2 style=\"text-align: left;\"><span data-sheets-value=\"{&quot;1&quot;:2,&quot;2&quot;:&quot;Steigen Sie bei Business Intelligence ein?&quot;}\" data-sheets-userformat=\"{&quot;2&quot;:513,&quot;3&quot;:{&quot;1&quot;:0},&quot;12&quot;:0}\">M\u00f6chten Sie mehr \u00fcber dieses Benefits Program erfahren?<\/span><\/h2>\n<p><span data-sheets-value=\"{&quot;1&quot;:2,&quot;2&quot;:&quot;Ob Sie Resasports-Kunde sind oder nicht, aber Sie sind daran interessiert, die Vorteile von Resasports und Fitness KPI zusammen zu erfahren, kontaktieren Sie uns und wir werden Sie \u00fcber die Vorteile informieren.&quot;}\" data-sheets-userformat=\"{&quot;2&quot;:769,&quot;3&quot;:{&quot;1&quot;:0},&quot;11&quot;:4,&quot;12&quot;:0}\">F\u00fcllen Sie das Formular aus, und wir werden uns mit Ihnen in Verbindung setzen, um Ihnen alle Informationen dar\u00fcber zukommen zu lasser, wie Sie von dieser Zusammenarbeit und unserem Benefits Program profitieren k\u00f6nnen, nur weil Sie Teil des Team Resawod sind.<\/span>[\/et_pb_text][\/et_pb_column][\/et_pb_row][\/et_pb_section]<\/p>\n","protected":false},"excerpt":{"rendered":"<p>[et_pb_section fb_built=&#8220;1&#8243; module_class=&#8220;partnersscreen-spacing&#8220; _builder_version=&#8220;4.17.4&#8243; _module_preset=&#8220;default&#8220; background_image=&#8220;https:\/\/resawod.com\/wp-content\/uploads\/sites\/7\/2022\/04\/partner-BG-01.png&#8220; custom_padding=&#8220;||||true|false&#8220; locked=&#8220;off&#8220; global_colors_info=&#8220;{}&#8220;][et_pb_row column_structure=&#8220;1_2,1_2&#8243; use_custom_gutter=&#8220;on&#8220; gutter_width=&#8220;4&#8243; module_class=&#8220;partnersrow-spacing&#8220; _builder_version=&#8220;4.17.3&#8243; _module_preset=&#8220;default&#8220; module_alignment=&#8220;center&#8220; custom_margin=&#8220;||||false|false&#8220; custom_padding=&#8220;||||false|false&#8220; global_colors_info=&#8220;{}&#8220;][et_pb_column type=&#8220;1_2&#8243; _builder_version=&#8220;4.17.2&#8243; _module_preset=&#8220;default&#8220; use_background_color_gradient=&#8220;on&#8220; background_color_gradient_stops=&#8220;rgba(248,175,32,0) 8%|#f8af20 100%&#8220; animation_style=&#8220;slide&#8220; animation_direction=&#8220;top&#8220; animation_duration=&#8220;1600ms&#8220; animation_delay=&#8220;350ms&#8220; animation_intensity_slide=&#8220;10%&#8220; background_last_edited=&#8220;on|phone&#8220; use_background_color_gradient_phone=&#8220;off&#8220; border_radii=&#8220;on|25px|25px|25px|25px&#8220; global_colors_info=&#8220;{}&#8220;][et_pb_gallery gallery_ids=&#8220;11592,11587&#8243; fullwidth=&#8220;on&#8220; _builder_version=&#8220;4.17.3&#8243; _module_preset=&#8220;default&#8220; width=&#8220;60%&#8220; max_width=&#8220;100%&#8220; module_alignment=&#8220;center&#8220; custom_margin=&#8220;-55px||||false|false&#8220; custom_padding=&#8220;||20px||false|false&#8220; global_colors_info=&#8220;{}&#8220;][\/et_pb_gallery][et_pb_gallery gallery_ids=&#8220;1543,1553&#8243; fullwidth=&#8220;on&#8220; _builder_version=&#8220;4.17.2&#8243; _module_preset=&#8220;default&#8220; width=&#8220;60%&#8220; max_width=&#8220;100%&#8220; module_alignment=&#8220;center&#8220; custom_margin=&#8220;-55px||||false|false&#8220; custom_padding=&#8220;||20px||false|false&#8220; locked=&#8220;off&#8220; [&hellip;]<\/p>\n","protected":false},"author":3,"featured_media":0,"parent":0,"menu_order":0,"comment_status":"closed","ping_status":"closed","template":"","meta":{"content-type":"","footnotes":""},"class_list":["post-12734","page","type-page","status-publish","hentry"],"yoast_head":"<!-- This site is optimized with the Yoast SEO plugin v25.7 - https:\/\/yoast.com\/wordpress\/plugins\/seo\/ -->\n<title>Partnership mit Fitness KPI - Resawod<\/title>\n<meta name=\"description\" content=\"Kontrollieren Sie Ihre Box mit Fitness KPI und Resawod. Alle Daten Ihrer Box unter Kontrolle. Verwalten Sie Ihre Box, einfacher denn je.\" \/>\n<meta name=\"robots\" content=\"index, follow, max-snippet:-1, max-image-preview:large, max-video-preview:-1\" \/>\n<link rel=\"canonical\" href=\"https:\/\/resawod.com\/de\/partnerships-fitnesskpi\/\" \/>\n<meta property=\"og:locale\" content=\"de_DE\" \/>\n<meta property=\"og:type\" content=\"article\" \/>\n<meta property=\"og:title\" content=\"Partnership mit Fitness KPI - Resawod\" \/>\n<meta property=\"og:description\" content=\"Kontrollieren Sie Ihre Box mit Fitness KPI und Resawod. Alle Daten Ihrer Box unter Kontrolle. Verwalten Sie Ihre Box, einfacher denn je.\" \/>\n<meta property=\"og:url\" content=\"https:\/\/resawod.com\/de\/partnerships-fitnesskpi\/\" \/>\n<meta property=\"og:site_name\" content=\"Resawod\" \/>\n<meta property=\"article:modified_time\" content=\"2024-10-15T13:43:37+00:00\" \/>\n<meta name=\"twitter:card\" content=\"summary_large_image\" \/>\n<meta name=\"twitter:label1\" content=\"Gesch\u00e4tzte Lesezeit\" \/>\n\t<meta name=\"twitter:data1\" content=\"2\u00a0Minuten\" \/>\n<script type=\"application\/ld+json\" class=\"yoast-schema-graph\">{\"@context\":\"https:\/\/schema.org\",\"@graph\":[{\"@type\":\"WebPage\",\"@id\":\"https:\/\/resawod.com\/de\/partnerships-fitnesskpi\/\",\"url\":\"https:\/\/resawod.com\/de\/partnerships-fitnesskpi\/\",\"name\":\"Partnership mit Fitness KPI - Resawod\",\"isPartOf\":{\"@id\":\"https:\/\/resawod.com\/de\/#website\"},\"datePublished\":\"2022-06-01T10:27:16+00:00\",\"dateModified\":\"2024-10-15T13:43:37+00:00\",\"description\":\"Kontrollieren Sie Ihre Box mit Fitness KPI und Resawod. Alle Daten Ihrer Box unter Kontrolle. Verwalten Sie Ihre Box, einfacher denn je.\",\"breadcrumb\":{\"@id\":\"https:\/\/resawod.com\/de\/partnerships-fitnesskpi\/#breadcrumb\"},\"inLanguage\":\"de\",\"potentialAction\":[{\"@type\":\"ReadAction\",\"target\":[\"https:\/\/resawod.com\/de\/partnerships-fitnesskpi\/\"]}]},{\"@type\":\"BreadcrumbList\",\"@id\":\"https:\/\/resawod.com\/de\/partnerships-fitnesskpi\/#breadcrumb\",\"itemListElement\":[{\"@type\":\"ListItem\",\"position\":1,\"name\":\"Portada\",\"item\":\"https:\/\/resawod.com\/de\/\"},{\"@type\":\"ListItem\",\"position\":2,\"name\":\"FitnessKPI\"}]},{\"@type\":\"WebSite\",\"@id\":\"https:\/\/resawod.com\/de\/#website\",\"url\":\"https:\/\/resawod.com\/de\/\",\"name\":\"Resawod\",\"description\":\"\",\"publisher\":{\"@id\":\"https:\/\/resawod.com\/de\/#organization\"},\"potentialAction\":[{\"@type\":\"SearchAction\",\"target\":{\"@type\":\"EntryPoint\",\"urlTemplate\":\"https:\/\/resawod.com\/de\/?s={search_term_string}\"},\"query-input\":{\"@type\":\"PropertyValueSpecification\",\"valueRequired\":true,\"valueName\":\"search_term_string\"}}],\"inLanguage\":\"de\"},{\"@type\":\"Organization\",\"@id\":\"https:\/\/resawod.com\/de\/#organization\",\"name\":\"Resawod\",\"url\":\"https:\/\/resawod.com\/de\/\",\"logo\":{\"@type\":\"ImageObject\",\"inLanguage\":\"de\",\"@id\":\"https:\/\/resawod.com\/de\/#\/schema\/logo\/image\/\",\"url\":\"https:\/\/resawod.com\/wp-content\/uploads\/sites\/7\/2025\/06\/resawod_Sitelogo.svg\",\"contentUrl\":\"https:\/\/resawod.com\/wp-content\/uploads\/sites\/7\/2025\/06\/resawod_Sitelogo.svg\",\"width\":350,\"height\":65,\"caption\":\"Resawod\"},\"image\":{\"@id\":\"https:\/\/resawod.com\/de\/#\/schema\/logo\/image\/\"}}]}<\/script>\n<!-- \/ Yoast SEO plugin. -->","yoast_head_json":{"title":"Partnership mit Fitness KPI - Resawod","description":"Kontrollieren Sie Ihre Box mit Fitness KPI und Resawod. Alle Daten Ihrer Box unter Kontrolle. Verwalten Sie Ihre Box, einfacher denn je.","robots":{"index":"index","follow":"follow","max-snippet":"max-snippet:-1","max-image-preview":"max-image-preview:large","max-video-preview":"max-video-preview:-1"},"canonical":"https:\/\/resawod.com\/de\/partnerships-fitnesskpi\/","og_locale":"de_DE","og_type":"article","og_title":"Partnership mit Fitness KPI - Resawod","og_description":"Kontrollieren Sie Ihre Box mit Fitness KPI und Resawod. Alle Daten Ihrer Box unter Kontrolle. Verwalten Sie Ihre Box, einfacher denn je.","og_url":"https:\/\/resawod.com\/de\/partnerships-fitnesskpi\/","og_site_name":"Resawod","article_modified_time":"2024-10-15T13:43:37+00:00","twitter_card":"summary_large_image","twitter_misc":{"Gesch\u00e4tzte Lesezeit":"2\u00a0Minuten"},"schema":{"@context":"https:\/\/schema.org","@graph":[{"@type":"WebPage","@id":"https:\/\/resawod.com\/de\/partnerships-fitnesskpi\/","url":"https:\/\/resawod.com\/de\/partnerships-fitnesskpi\/","name":"Partnership mit Fitness KPI - Resawod","isPartOf":{"@id":"https:\/\/resawod.com\/de\/#website"},"datePublished":"2022-06-01T10:27:16+00:00","dateModified":"2024-10-15T13:43:37+00:00","description":"Kontrollieren Sie Ihre Box mit Fitness KPI und Resawod. Alle Daten Ihrer Box unter Kontrolle. Verwalten Sie Ihre Box, einfacher denn je.","breadcrumb":{"@id":"https:\/\/resawod.com\/de\/partnerships-fitnesskpi\/#breadcrumb"},"inLanguage":"de","potentialAction":[{"@type":"ReadAction","target":["https:\/\/resawod.com\/de\/partnerships-fitnesskpi\/"]}]},{"@type":"BreadcrumbList","@id":"https:\/\/resawod.com\/de\/partnerships-fitnesskpi\/#breadcrumb","itemListElement":[{"@type":"ListItem","position":1,"name":"Portada","item":"https:\/\/resawod.com\/de\/"},{"@type":"ListItem","position":2,"name":"FitnessKPI"}]},{"@type":"WebSite","@id":"https:\/\/resawod.com\/de\/#website","url":"https:\/\/resawod.com\/de\/","name":"Resawod","description":"","publisher":{"@id":"https:\/\/resawod.com\/de\/#organization"},"potentialAction":[{"@type":"SearchAction","target":{"@type":"EntryPoint","urlTemplate":"https:\/\/resawod.com\/de\/?s={search_term_string}"},"query-input":{"@type":"PropertyValueSpecification","valueRequired":true,"valueName":"search_term_string"}}],"inLanguage":"de"},{"@type":"Organization","@id":"https:\/\/resawod.com\/de\/#organization","name":"Resawod","url":"https:\/\/resawod.com\/de\/","logo":{"@type":"ImageObject","inLanguage":"de","@id":"https:\/\/resawod.com\/de\/#\/schema\/logo\/image\/","url":"https:\/\/resawod.com\/wp-content\/uploads\/sites\/7\/2025\/06\/resawod_Sitelogo.svg","contentUrl":"https:\/\/resawod.com\/wp-content\/uploads\/sites\/7\/2025\/06\/resawod_Sitelogo.svg","width":350,"height":65,"caption":"Resawod"},"image":{"@id":"https:\/\/resawod.com\/de\/#\/schema\/logo\/image\/"}}]}},"_links":{"self":[{"href":"https:\/\/resawod.com\/de\/wp-json\/wp\/v2\/pages\/12734","targetHints":{"allow":["GET"]}}],"collection":[{"href":"https:\/\/resawod.com\/de\/wp-json\/wp\/v2\/pages"}],"about":[{"href":"https:\/\/resawod.com\/de\/wp-json\/wp\/v2\/types\/page"}],"author":[{"embeddable":true,"href":"https:\/\/resawod.com\/de\/wp-json\/wp\/v2\/users\/3"}],"replies":[{"embeddable":true,"href":"https:\/\/resawod.com\/de\/wp-json\/wp\/v2\/comments?post=12734"}],"version-history":[{"count":32,"href":"https:\/\/resawod.com\/de\/wp-json\/wp\/v2\/pages\/12734\/revisions"}],"predecessor-version":[{"id":27305,"href":"https:\/\/resawod.com\/de\/wp-json\/wp\/v2\/pages\/12734\/revisions\/27305"}],"wp:attachment":[{"href":"https:\/\/resawod.com\/de\/wp-json\/wp\/v2\/media?parent=12734"}],"curies":[{"name":"wp","href":"https:\/\/api.w.org\/{rel}","templated":true}]}}