{"id":31150,"date":"2025-07-15T10:15:48","date_gmt":"2025-07-15T10:15:48","guid":{"rendered":"https:\/\/resawod.com\/demo-2\/"},"modified":"2025-09-05T07:25:34","modified_gmt":"2025-09-05T07:25:34","slug":"demo","status":"publish","type":"page","link":"https:\/\/resawod.com\/de\/demo\/","title":{"rendered":"Demo &#8211; Resawod"},"content":{"rendered":"\t\t<div data-elementor-type=\"wp-page\" data-elementor-id=\"31150\" class=\"elementor elementor-31150 elementor-30113\" data-elementor-post-type=\"page\">\n\t\t\t\t<div class=\"elementor-element elementor-element-7e69794a e-con-full e-flex e-con e-parent\" data-id=\"7e69794a\" data-element_type=\"container\" data-settings=\"{&quot;background_background&quot;:&quot;classic&quot;}\">\n\t\t<div class=\"elementor-element elementor-element-33617a89 e-con-full e-flex e-con e-child\" data-id=\"33617a89\" data-element_type=\"container\" data-settings=\"{&quot;background_background&quot;:&quot;gradient&quot;}\">\n\t\t<div class=\"elementor-element elementor-element-2f115ae e-con-full e-flex e-con e-child\" data-id=\"2f115ae\" data-element_type=\"container\" data-settings=\"{&quot;background_background&quot;:&quot;classic&quot;}\">\n\t\t<div class=\"elementor-element elementor-element-f987740 e-con-full e-flex e-con e-child\" data-id=\"f987740\" data-element_type=\"container\">\n\t\t<div class=\"elementor-element elementor-element-1b2a08b e-grid e-con-full e-con e-child\" data-id=\"1b2a08b\" data-element_type=\"container\">\n\t\t<div class=\"elementor-element elementor-element-35f85ce e-flex e-con-boxed e-con e-child\" data-id=\"35f85ce\" data-element_type=\"container\" data-settings=\"{&quot;background_background&quot;:&quot;gradient&quot;}\">\n\t\t\t\t\t<div class=\"e-con-inner\">\n\t\t\t\t<div class=\"elementor-element elementor-element-759ee989 elementor-widget elementor-widget-heading\" data-id=\"759ee989\" data-element_type=\"widget\" data-widget_type=\"heading.default\">\n\t\t\t\t<div class=\"elementor-widget-container\">\n\t\t\t\t\t<h2 class=\"elementor-heading-title elementor-size-default\">Reserviere deine Demo<\/h2>\t\t\t\t<\/div>\n\t\t\t\t<\/div>\n\t\t\t\t<div class=\"elementor-element elementor-element-2a092a4 elementor-widget elementor-widget-text-editor\" data-id=\"2a092a4\" data-element_type=\"widget\" data-widget_type=\"text-editor.default\">\n\t\t\t\t<div class=\"elementor-widget-container\">\n\t\t\t\t\t\t\t\t\t<ul>\n<li data-start=\"234\" data-end=\"505\">Ein Experte wird die Bed\u00fcrfnisse deines Fitnessstudios analysieren und dir zeigen, wie Resawod dir helfen kann.<\/li>\n<li data-start=\"234\" data-end=\"505\">Du wirst live sehen, wie du dein Fitnessstudio effizienter verwalten kannst.<\/li>\n<li data-start=\"234\" data-end=\"505\">Alle deine Fragen werden sofort gekl\u00e4rt.<\/li>\n<\/ul>\n\t\t\t\t\t\t\t\t<\/div>\n\t\t\t\t<\/div>\n\t\t\t\t<div class=\"elementor-element elementor-element-2c9a4de2 elementor-widget elementor-widget-text-editor\" data-id=\"2c9a4de2\" data-element_type=\"widget\" data-widget_type=\"text-editor.default\">\n\t\t\t\t<div class=\"elementor-widget-container\">\n\t\t\t\t\t\t\t\t\t<p>F\u00fclle das Formular aus und vereinbare deine pers\u00f6nliche Sitzung mit einem Spezialisten. Es dauert nur 1 Minute!<\/p>\n\t\t\t\t\t\t\t\t<\/div>\n\t\t\t\t<\/div>\n\t\t\t\t<div class=\"elementor-element elementor-element-30c6fa9 elementor-widget elementor-widget-image\" data-id=\"30c6fa9\" data-element_type=\"widget\" data-widget_type=\"image.default\">\n\t\t\t\t<div class=\"elementor-widget-container\">\n\t\t\t\t\t\t\t\t\t\t\t\t\t\t\t<img fetchpriority=\"high\" decoding=\"async\" width=\"800\" height=\"86\" src=\"https:\/\/resawod.com\/wp-content\/uploads\/sites\/7\/2025\/06\/Porque-RW_logos.png\" class=\"attachment-large size-large wp-image-29921\" alt=\"\" srcset=\"https:\/\/resawod.com\/wp-content\/uploads\/sites\/7\/2025\/06\/Porque-RW_logos.png 896w, https:\/\/resawod.com\/wp-content\/uploads\/sites\/7\/2025\/06\/Porque-RW_logos-300x32.png 300w, https:\/\/resawod.com\/wp-content\/uploads\/sites\/7\/2025\/06\/Porque-RW_logos-768x82.png 768w\" sizes=\"(max-width: 800px) 100vw, 800px\" \/>\t\t\t\t\t\t\t\t\t\t\t\t\t\t\t<\/div>\n\t\t\t\t<\/div>\n\t\t\t\t\t<\/div>\n\t\t\t\t<\/div>\n\t\t<div class=\"elementor-element elementor-element-9ace5df e-flex e-con-boxed e-con e-child\" data-id=\"9ace5df\" data-element_type=\"container\">\n\t\t\t\t\t<div class=\"e-con-inner\">\n\t\t\t\t<div class=\"elementor-element elementor-element-9b316cb elementor-widget elementor-widget-html\" data-id=\"9b316cb\" data-element_type=\"widget\" data-widget_type=\"html.default\">\n\t\t\t\t<div class=\"elementor-widget-container\">\n\t\t\t\t\t<script charset=\"utf-8\" type=\"text\/javascript\" src=\"\/\/js.hsforms.net\/forms\/embed\/v2.js\"><\/script>\r\n<script>\r\n  hbspt.forms.create({\r\n    portalId: \"6234568\",\r\n    formId: \"f70e13a4-f2a0-4ab1-a912-f11a8752dcfa\",\r\n    region: \"na1\"\r\n  });\r\n<\/script>\t\t\t\t<\/div>\n\t\t\t\t<\/div>\n\t\t\t\t\t<\/div>\n\t\t\t\t<\/div>\n\t\t\t\t<\/div>\n\t\t\t\t<\/div>\n\t\t\t\t<\/div>\n\t\t\t\t<\/div>\n\t\t\t\t<\/div>\n\t\t\t\t<\/div>\n\t\t","protected":false},"excerpt":{"rendered":"<p>Reserviere deine Demo Ein Experte wird die Bed\u00fcrfnisse deines Fitnessstudios analysieren und dir zeigen, wie Resawod dir helfen kann. Du wirst live sehen, wie du dein Fitnessstudio effizienter verwalten kannst. Alle deine Fragen werden sofort gekl\u00e4rt. F\u00fclle das Formular aus und vereinbare deine pers\u00f6nliche Sitzung mit einem Spezialisten. Es dauert nur 1 Minute!<\/p>\n","protected":false},"author":3,"featured_media":0,"parent":0,"menu_order":0,"comment_status":"closed","ping_status":"closed","template":"","meta":{"content-type":"","footnotes":""},"class_list":["post-31150","page","type-page","status-publish","hentry"],"yoast_head":"<!-- This site is optimized with the Yoast SEO plugin v25.7 - https:\/\/yoast.com\/wordpress\/plugins\/seo\/ -->\n<title>Resawod - Demo<\/title>\n<meta name=\"description\" content=\"Fitnessstudio-Management-Software. Vereinbaren Sie in 1 Minute Ihre kostenlose Demo und optimieren Sie Ihr Fitnessstudio-Management.\" \/>\n<meta name=\"robots\" content=\"index, follow, max-snippet:-1, max-image-preview:large, max-video-preview:-1\" \/>\n<link rel=\"canonical\" href=\"https:\/\/resawod.com\/de\/demo\/\" \/>\n<meta property=\"og:locale\" content=\"de_DE\" \/>\n<meta property=\"og:type\" content=\"article\" \/>\n<meta property=\"og:title\" content=\"Resawod - Demo\" \/>\n<meta property=\"og:description\" content=\"Fitnessstudio-Management-Software. Vereinbaren Sie in 1 Minute Ihre kostenlose Demo und optimieren Sie Ihr Fitnessstudio-Management.\" \/>\n<meta property=\"og:url\" content=\"https:\/\/resawod.com\/de\/demo\/\" \/>\n<meta property=\"og:site_name\" content=\"Resawod\" \/>\n<meta property=\"article:modified_time\" content=\"2025-09-05T07:25:34+00:00\" \/>\n<meta property=\"og:image\" content=\"https:\/\/resawod.com\/wp-content\/uploads\/sites\/7\/2025\/06\/Porque-RW_logos.png\" \/>\n\t<meta property=\"og:image:width\" content=\"896\" \/>\n\t<meta property=\"og:image:height\" content=\"96\" \/>\n\t<meta property=\"og:image:type\" content=\"image\/png\" \/>\n<meta name=\"twitter:card\" content=\"summary_large_image\" \/>\n<meta name=\"twitter:label1\" content=\"Gesch\u00e4tzte Lesezeit\" \/>\n\t<meta name=\"twitter:data1\" content=\"1\u00a0Minute\" \/>\n<script type=\"application\/ld+json\" class=\"yoast-schema-graph\">{\"@context\":\"https:\/\/schema.org\",\"@graph\":[{\"@type\":\"WebPage\",\"@id\":\"https:\/\/resawod.com\/de\/demo\/\",\"url\":\"https:\/\/resawod.com\/de\/demo\/\",\"name\":\"Resawod - Demo\",\"isPartOf\":{\"@id\":\"https:\/\/resawod.com\/de\/#website\"},\"primaryImageOfPage\":{\"@id\":\"https:\/\/resawod.com\/de\/demo\/#primaryimage\"},\"image\":{\"@id\":\"https:\/\/resawod.com\/de\/demo\/#primaryimage\"},\"thumbnailUrl\":\"https:\/\/resawod.com\/wp-content\/uploads\/sites\/7\/2025\/06\/Porque-RW_logos.png\",\"datePublished\":\"2025-07-15T10:15:48+00:00\",\"dateModified\":\"2025-09-05T07:25:34+00:00\",\"description\":\"Fitnessstudio-Management-Software. Vereinbaren Sie in 1 Minute Ihre kostenlose Demo und optimieren Sie Ihr Fitnessstudio-Management.\",\"breadcrumb\":{\"@id\":\"https:\/\/resawod.com\/de\/demo\/#breadcrumb\"},\"inLanguage\":\"de\",\"potentialAction\":[{\"@type\":\"ReadAction\",\"target\":[\"https:\/\/resawod.com\/de\/demo\/\"]}]},{\"@type\":\"ImageObject\",\"inLanguage\":\"de\",\"@id\":\"https:\/\/resawod.com\/de\/demo\/#primaryimage\",\"url\":\"https:\/\/resawod.com\/wp-content\/uploads\/sites\/7\/2025\/06\/Porque-RW_logos.png\",\"contentUrl\":\"https:\/\/resawod.com\/wp-content\/uploads\/sites\/7\/2025\/06\/Porque-RW_logos.png\"},{\"@type\":\"BreadcrumbList\",\"@id\":\"https:\/\/resawod.com\/de\/demo\/#breadcrumb\",\"itemListElement\":[{\"@type\":\"ListItem\",\"position\":1,\"name\":\"Portada\",\"item\":\"https:\/\/resawod.com\/de\/\"},{\"@type\":\"ListItem\",\"position\":2,\"name\":\"Demo &#8211; Resawod\"}]},{\"@type\":\"WebSite\",\"@id\":\"https:\/\/resawod.com\/de\/#website\",\"url\":\"https:\/\/resawod.com\/de\/\",\"name\":\"Resawod\",\"description\":\"\",\"publisher\":{\"@id\":\"https:\/\/resawod.com\/de\/#organization\"},\"potentialAction\":[{\"@type\":\"SearchAction\",\"target\":{\"@type\":\"EntryPoint\",\"urlTemplate\":\"https:\/\/resawod.com\/de\/?s={search_term_string}\"},\"query-input\":{\"@type\":\"PropertyValueSpecification\",\"valueRequired\":true,\"valueName\":\"search_term_string\"}}],\"inLanguage\":\"de\"},{\"@type\":\"Organization\",\"@id\":\"https:\/\/resawod.com\/de\/#organization\",\"name\":\"Resawod\",\"url\":\"https:\/\/resawod.com\/de\/\",\"logo\":{\"@type\":\"ImageObject\",\"inLanguage\":\"de\",\"@id\":\"https:\/\/resawod.com\/de\/#\/schema\/logo\/image\/\",\"url\":\"https:\/\/resawod.com\/wp-content\/uploads\/sites\/7\/2025\/06\/resawod_Sitelogo.svg\",\"contentUrl\":\"https:\/\/resawod.com\/wp-content\/uploads\/sites\/7\/2025\/06\/resawod_Sitelogo.svg\",\"width\":350,\"height\":65,\"caption\":\"Resawod\"},\"image\":{\"@id\":\"https:\/\/resawod.com\/de\/#\/schema\/logo\/image\/\"}}]}<\/script>\n<!-- \/ Yoast SEO plugin. -->","yoast_head_json":{"title":"Resawod - Demo","description":"Fitnessstudio-Management-Software. Vereinbaren Sie in 1 Minute Ihre kostenlose Demo und optimieren Sie Ihr Fitnessstudio-Management.","robots":{"index":"index","follow":"follow","max-snippet":"max-snippet:-1","max-image-preview":"max-image-preview:large","max-video-preview":"max-video-preview:-1"},"canonical":"https:\/\/resawod.com\/de\/demo\/","og_locale":"de_DE","og_type":"article","og_title":"Resawod - Demo","og_description":"Fitnessstudio-Management-Software. Vereinbaren Sie in 1 Minute Ihre kostenlose Demo und optimieren Sie Ihr Fitnessstudio-Management.","og_url":"https:\/\/resawod.com\/de\/demo\/","og_site_name":"Resawod","article_modified_time":"2025-09-05T07:25:34+00:00","og_image":[{"width":896,"height":96,"url":"https:\/\/resawod.com\/wp-content\/uploads\/sites\/7\/2025\/06\/Porque-RW_logos.png","type":"image\/png"}],"twitter_card":"summary_large_image","twitter_misc":{"Gesch\u00e4tzte Lesezeit":"1\u00a0Minute"},"schema":{"@context":"https:\/\/schema.org","@graph":[{"@type":"WebPage","@id":"https:\/\/resawod.com\/de\/demo\/","url":"https:\/\/resawod.com\/de\/demo\/","name":"Resawod - Demo","isPartOf":{"@id":"https:\/\/resawod.com\/de\/#website"},"primaryImageOfPage":{"@id":"https:\/\/resawod.com\/de\/demo\/#primaryimage"},"image":{"@id":"https:\/\/resawod.com\/de\/demo\/#primaryimage"},"thumbnailUrl":"https:\/\/resawod.com\/wp-content\/uploads\/sites\/7\/2025\/06\/Porque-RW_logos.png","datePublished":"2025-07-15T10:15:48+00:00","dateModified":"2025-09-05T07:25:34+00:00","description":"Fitnessstudio-Management-Software. Vereinbaren Sie in 1 Minute Ihre kostenlose Demo und optimieren Sie Ihr Fitnessstudio-Management.","breadcrumb":{"@id":"https:\/\/resawod.com\/de\/demo\/#breadcrumb"},"inLanguage":"de","potentialAction":[{"@type":"ReadAction","target":["https:\/\/resawod.com\/de\/demo\/"]}]},{"@type":"ImageObject","inLanguage":"de","@id":"https:\/\/resawod.com\/de\/demo\/#primaryimage","url":"https:\/\/resawod.com\/wp-content\/uploads\/sites\/7\/2025\/06\/Porque-RW_logos.png","contentUrl":"https:\/\/resawod.com\/wp-content\/uploads\/sites\/7\/2025\/06\/Porque-RW_logos.png"},{"@type":"BreadcrumbList","@id":"https:\/\/resawod.com\/de\/demo\/#breadcrumb","itemListElement":[{"@type":"ListItem","position":1,"name":"Portada","item":"https:\/\/resawod.com\/de\/"},{"@type":"ListItem","position":2,"name":"Demo &#8211; Resawod"}]},{"@type":"WebSite","@id":"https:\/\/resawod.com\/de\/#website","url":"https:\/\/resawod.com\/de\/","name":"Resawod","description":"","publisher":{"@id":"https:\/\/resawod.com\/de\/#organization"},"potentialAction":[{"@type":"SearchAction","target":{"@type":"EntryPoint","urlTemplate":"https:\/\/resawod.com\/de\/?s={search_term_string}"},"query-input":{"@type":"PropertyValueSpecification","valueRequired":true,"valueName":"search_term_string"}}],"inLanguage":"de"},{"@type":"Organization","@id":"https:\/\/resawod.com\/de\/#organization","name":"Resawod","url":"https:\/\/resawod.com\/de\/","logo":{"@type":"ImageObject","inLanguage":"de","@id":"https:\/\/resawod.com\/de\/#\/schema\/logo\/image\/","url":"https:\/\/resawod.com\/wp-content\/uploads\/sites\/7\/2025\/06\/resawod_Sitelogo.svg","contentUrl":"https:\/\/resawod.com\/wp-content\/uploads\/sites\/7\/2025\/06\/resawod_Sitelogo.svg","width":350,"height":65,"caption":"Resawod"},"image":{"@id":"https:\/\/resawod.com\/de\/#\/schema\/logo\/image\/"}}]}},"_links":{"self":[{"href":"https:\/\/resawod.com\/de\/wp-json\/wp\/v2\/pages\/31150","targetHints":{"allow":["GET"]}}],"collection":[{"href":"https:\/\/resawod.com\/de\/wp-json\/wp\/v2\/pages"}],"about":[{"href":"https:\/\/resawod.com\/de\/wp-json\/wp\/v2\/types\/page"}],"author":[{"embeddable":true,"href":"https:\/\/resawod.com\/de\/wp-json\/wp\/v2\/users\/3"}],"replies":[{"embeddable":true,"href":"https:\/\/resawod.com\/de\/wp-json\/wp\/v2\/comments?post=31150"}],"version-history":[{"count":7,"href":"https:\/\/resawod.com\/de\/wp-json\/wp\/v2\/pages\/31150\/revisions"}],"predecessor-version":[{"id":34167,"href":"https:\/\/resawod.com\/de\/wp-json\/wp\/v2\/pages\/31150\/revisions\/34167"}],"wp:attachment":[{"href":"https:\/\/resawod.com\/de\/wp-json\/wp\/v2\/media?parent=31150"}],"curies":[{"name":"wp","href":"https:\/\/api.w.org\/{rel}","templated":true}]}}