{"id":31674,"date":"2025-07-18T08:29:16","date_gmt":"2025-07-18T08:29:16","guid":{"rendered":"https:\/\/resawod.com\/laden-sie-unsere-checkliste-zum-oeffnen-ihrer-fitnessstudio-herunter\/"},"modified":"2025-07-18T08:47:10","modified_gmt":"2025-07-18T08:47:10","slug":"laden-sie-unsere-checkliste-zum-oeffnen-ihrer-box-herunter","status":"publish","type":"page","link":"https:\/\/resawod.com\/de\/laden-sie-unsere-checkliste-zum-oeffnen-ihrer-box-herunter\/","title":{"rendered":"Laden Sie unsere Checkliste zum \u00d6ffnen Ihrer Fitnessstudio herunter"},"content":{"rendered":"\t\t<div data-elementor-type=\"wp-page\" data-elementor-id=\"31674\" class=\"elementor elementor-31674 elementor-31650\" data-elementor-post-type=\"page\">\n\t\t\t\t<div class=\"elementor-element elementor-element-1ee33a2 e-con-full e-flex e-con e-parent\" data-id=\"1ee33a2\" data-element_type=\"container\" data-settings=\"{&quot;background_background&quot;:&quot;classic&quot;}\">\n\t\t<div class=\"elementor-element elementor-element-fcc3c9f e-grid e-con-boxed e-con e-child\" data-id=\"fcc3c9f\" data-element_type=\"container\" data-settings=\"{&quot;background_background&quot;:&quot;gradient&quot;}\">\n\t\t\t\t\t<div class=\"e-con-inner\">\n\t\t<div class=\"elementor-element elementor-element-5729bd6 e-grid e-con-full e-con e-child\" data-id=\"5729bd6\" data-element_type=\"container\">\n\t\t\t\t<\/div>\n\t\t<div class=\"elementor-element elementor-element-7e560cf e-con-full e-flex e-con e-child\" data-id=\"7e560cf\" data-element_type=\"container\" data-settings=\"{&quot;background_background&quot;:&quot;classic&quot;}\">\n\t\t<div class=\"elementor-element elementor-element-ad4d61d e-con-full e-flex e-con e-child\" data-id=\"ad4d61d\" data-element_type=\"container\" data-settings=\"{&quot;background_background&quot;:&quot;gradient&quot;}\">\n\t\t\t\t<div class=\"elementor-element elementor-element-d11d540 elementor-widget elementor-widget-heading\" data-id=\"d11d540\" data-element_type=\"widget\" data-widget_type=\"heading.default\">\n\t\t\t\t<div class=\"elementor-widget-container\">\n\t\t\t\t\t<h2 class=\"elementor-heading-title elementor-size-default\">Kostenloser Download<\/h2>\t\t\t\t<\/div>\n\t\t\t\t<\/div>\n\t\t\t\t<\/div>\n\t\t\t\t<div class=\"elementor-element elementor-element-1f57d3e elementor-widget elementor-widget-heading\" data-id=\"1f57d3e\" data-element_type=\"widget\" data-widget_type=\"heading.default\">\n\t\t\t\t<div class=\"elementor-widget-container\">\n\t\t\t\t\t<h2 class=\"elementor-heading-title elementor-size-default\">M\u00f6chtest du deine eigene Fitnessstudio er\u00f6ffnen?<\/h2>\t\t\t\t<\/div>\n\t\t\t\t<\/div>\n\t\t\t\t<div class=\"elementor-element elementor-element-0ff0a3b elementor-widget elementor-widget-text-editor\" data-id=\"0ff0a3b\" data-element_type=\"widget\" data-widget_type=\"text-editor.default\">\n\t\t\t\t<div class=\"elementor-widget-container\">\n\t\t\t\t\t\t\t\t\t<p data-pm-slice=\"1 1 []\">Unserer Checkliste f\u00fcr eine erfolgreiche Fitnessstudio wird dir weiterhelfen &#8211; lade sie kostenlos herunter!<\/p>\n\t\t\t\t\t\t\t\t<\/div>\n\t\t\t\t<\/div>\n\t\t\t\t<div class=\"elementor-element elementor-element-7548067 elementor-widget elementor-widget-hubspot-form\" data-id=\"7548067\" data-element_type=\"widget\" data-widget_type=\"hubspot-form.default\">\n\t\t\t\t<div class=\"elementor-widget-container\">\n\t\t\t\t\t\n\t\t\t\t\t<script>\n\t\t\t\t\t\twindow.hsFormsOnReady = window.hsFormsOnReady || [];\n\t\t\t\t\t\twindow.hsFormsOnReady.push(()=>{\n\t\t\t\t\t\t\thbspt.forms.create({\n\t\t\t\t\t\t\t\tportalId: 6234568,\n\t\t\t\t\t\t\t\tformId: \"34964167-1dca-4602-bd46-94796aebdfe0\",\n\t\t\t\t\t\t\t\ttarget: \"#hbspt-form-1776736458000-2571798204\",\n\t\t\t\t\t\t\t\tregion: \"na1\",\n\t\t\t\t\t\t\t\t\n\t\t\t\t\t\t})});\n\t\t\t\t\t<\/script>\n\t\t\t\t\t<div class=\"hbspt-form\" id=\"hbspt-form-1776736458000-2571798204\"><\/div>\t\t\t\t<\/div>\n\t\t\t\t<\/div>\n\t\t\t\t<\/div>\n\t\t\t\t\t<\/div>\n\t\t\t\t<\/div>\n\t\t\t\t<\/div>\n\t\t\t\t<\/div>\n\t\t","protected":false},"excerpt":{"rendered":"<p>M\u00f6chtest du deine eigene Fitnessstudio er\u00f6ffnen? Unserer Checkliste f\u00fcr eine erfolgreiche Fitnessstudio wird dir weiterhelfen \u2013 lade sie kostenlos herunter!<\/p>\n","protected":false},"author":9,"featured_media":0,"parent":0,"menu_order":0,"comment_status":"closed","ping_status":"closed","template":"","meta":{"content-type":"","footnotes":""},"class_list":["post-31674","page","type-page","status-publish","hentry"],"yoast_head":"<!-- This site is optimized with the Yoast SEO plugin v25.7 - https:\/\/yoast.com\/wordpress\/plugins\/seo\/ -->\n<title>Laden Sie unsere Checkliste zum \u00d6ffnen Ihrer Fitnessstudio herunter<\/title>\n<meta name=\"description\" content=\"M\u00f6chtest du deine eigene Fitnessstudio er\u00f6ffnen? Unserer Checkliste f\u00fcr eine erfolgreiche Fitnessstudio wird dir weiterhelfen \u2013 lade sie kostenlos herunter!\" \/>\n<meta name=\"robots\" content=\"index, follow, max-snippet:-1, max-image-preview:large, max-video-preview:-1\" \/>\n<link rel=\"canonical\" href=\"https:\/\/resawod.com\/de\/laden-sie-unsere-checkliste-zum-oeffnen-ihrer-box-herunter\/\" \/>\n<meta property=\"og:locale\" content=\"de_DE\" \/>\n<meta property=\"og:type\" content=\"article\" \/>\n<meta property=\"og:title\" content=\"Laden Sie unsere Checkliste zum \u00d6ffnen Ihrer Fitnessstudio herunter\" \/>\n<meta property=\"og:description\" content=\"M\u00f6chtest du deine eigene Fitnessstudio er\u00f6ffnen? Unserer Checkliste f\u00fcr eine erfolgreiche Fitnessstudio wird dir weiterhelfen \u2013 lade sie kostenlos herunter!\" \/>\n<meta property=\"og:url\" content=\"https:\/\/resawod.com\/de\/laden-sie-unsere-checkliste-zum-oeffnen-ihrer-box-herunter\/\" \/>\n<meta property=\"og:site_name\" content=\"Resawod\" \/>\n<meta property=\"article:modified_time\" content=\"2025-07-18T08:47:10+00:00\" \/>\n<meta property=\"og:image\" content=\"https:\/\/resawod.com\/wp-content\/uploads\/sites\/7\/2023\/06\/Checklist_ES_mockups.jpg\" \/>\n<meta name=\"twitter:card\" content=\"summary_large_image\" \/>\n<meta name=\"twitter:label1\" content=\"Gesch\u00e4tzte Lesezeit\" \/>\n\t<meta name=\"twitter:data1\" content=\"1\u00a0Minute\" \/>\n<script type=\"application\/ld+json\" class=\"yoast-schema-graph\">{\"@context\":\"https:\/\/schema.org\",\"@graph\":[{\"@type\":\"WebPage\",\"@id\":\"https:\/\/resawod.com\/de\/laden-sie-unsere-checkliste-zum-oeffnen-ihrer-box-herunter\/\",\"url\":\"https:\/\/resawod.com\/de\/laden-sie-unsere-checkliste-zum-oeffnen-ihrer-box-herunter\/\",\"name\":\"Laden Sie unsere Checkliste zum \u00d6ffnen Ihrer Fitnessstudio herunter\",\"isPartOf\":{\"@id\":\"https:\/\/resawod.com\/de\/#website\"},\"datePublished\":\"2025-07-18T08:29:16+00:00\",\"dateModified\":\"2025-07-18T08:47:10+00:00\",\"description\":\"M\u00f6chtest du deine eigene Fitnessstudio er\u00f6ffnen? Unserer Checkliste f\u00fcr eine erfolgreiche Fitnessstudio wird dir weiterhelfen \u2013 lade sie kostenlos herunter!\",\"breadcrumb\":{\"@id\":\"https:\/\/resawod.com\/de\/laden-sie-unsere-checkliste-zum-oeffnen-ihrer-box-herunter\/#breadcrumb\"},\"inLanguage\":\"de\",\"potentialAction\":[{\"@type\":\"ReadAction\",\"target\":[\"https:\/\/resawod.com\/de\/laden-sie-unsere-checkliste-zum-oeffnen-ihrer-box-herunter\/\"]}]},{\"@type\":\"BreadcrumbList\",\"@id\":\"https:\/\/resawod.com\/de\/laden-sie-unsere-checkliste-zum-oeffnen-ihrer-box-herunter\/#breadcrumb\",\"itemListElement\":[{\"@type\":\"ListItem\",\"position\":1,\"name\":\"Portada\",\"item\":\"https:\/\/resawod.com\/de\/\"},{\"@type\":\"ListItem\",\"position\":2,\"name\":\"Laden Sie unsere Checkliste zum \u00d6ffnen Ihrer Fitnessstudio herunter\"}]},{\"@type\":\"WebSite\",\"@id\":\"https:\/\/resawod.com\/de\/#website\",\"url\":\"https:\/\/resawod.com\/de\/\",\"name\":\"Resawod\",\"description\":\"\",\"publisher\":{\"@id\":\"https:\/\/resawod.com\/de\/#organization\"},\"potentialAction\":[{\"@type\":\"SearchAction\",\"target\":{\"@type\":\"EntryPoint\",\"urlTemplate\":\"https:\/\/resawod.com\/de\/?s={search_term_string}\"},\"query-input\":{\"@type\":\"PropertyValueSpecification\",\"valueRequired\":true,\"valueName\":\"search_term_string\"}}],\"inLanguage\":\"de\"},{\"@type\":\"Organization\",\"@id\":\"https:\/\/resawod.com\/de\/#organization\",\"name\":\"Resawod\",\"url\":\"https:\/\/resawod.com\/de\/\",\"logo\":{\"@type\":\"ImageObject\",\"inLanguage\":\"de\",\"@id\":\"https:\/\/resawod.com\/de\/#\/schema\/logo\/image\/\",\"url\":\"https:\/\/resawod.com\/wp-content\/uploads\/sites\/7\/2025\/06\/resawod_Sitelogo.svg\",\"contentUrl\":\"https:\/\/resawod.com\/wp-content\/uploads\/sites\/7\/2025\/06\/resawod_Sitelogo.svg\",\"width\":350,\"height\":65,\"caption\":\"Resawod\"},\"image\":{\"@id\":\"https:\/\/resawod.com\/de\/#\/schema\/logo\/image\/\"}}]}<\/script>\n<!-- \/ Yoast SEO plugin. -->","yoast_head_json":{"title":"Laden Sie unsere Checkliste zum \u00d6ffnen Ihrer Fitnessstudio herunter","description":"M\u00f6chtest du deine eigene Fitnessstudio er\u00f6ffnen? Unserer Checkliste f\u00fcr eine erfolgreiche Fitnessstudio wird dir weiterhelfen \u2013 lade sie kostenlos herunter!","robots":{"index":"index","follow":"follow","max-snippet":"max-snippet:-1","max-image-preview":"max-image-preview:large","max-video-preview":"max-video-preview:-1"},"canonical":"https:\/\/resawod.com\/de\/laden-sie-unsere-checkliste-zum-oeffnen-ihrer-box-herunter\/","og_locale":"de_DE","og_type":"article","og_title":"Laden Sie unsere Checkliste zum \u00d6ffnen Ihrer Fitnessstudio herunter","og_description":"M\u00f6chtest du deine eigene Fitnessstudio er\u00f6ffnen? Unserer Checkliste f\u00fcr eine erfolgreiche Fitnessstudio wird dir weiterhelfen \u2013 lade sie kostenlos herunter!","og_url":"https:\/\/resawod.com\/de\/laden-sie-unsere-checkliste-zum-oeffnen-ihrer-box-herunter\/","og_site_name":"Resawod","article_modified_time":"2025-07-18T08:47:10+00:00","og_image":[{"url":"https:\/\/resawod.com\/wp-content\/uploads\/sites\/7\/2023\/06\/Checklist_ES_mockups.jpg","type":"","width":"","height":""}],"twitter_card":"summary_large_image","twitter_misc":{"Gesch\u00e4tzte Lesezeit":"1\u00a0Minute"},"schema":{"@context":"https:\/\/schema.org","@graph":[{"@type":"WebPage","@id":"https:\/\/resawod.com\/de\/laden-sie-unsere-checkliste-zum-oeffnen-ihrer-box-herunter\/","url":"https:\/\/resawod.com\/de\/laden-sie-unsere-checkliste-zum-oeffnen-ihrer-box-herunter\/","name":"Laden Sie unsere Checkliste zum \u00d6ffnen Ihrer Fitnessstudio herunter","isPartOf":{"@id":"https:\/\/resawod.com\/de\/#website"},"datePublished":"2025-07-18T08:29:16+00:00","dateModified":"2025-07-18T08:47:10+00:00","description":"M\u00f6chtest du deine eigene Fitnessstudio er\u00f6ffnen? Unserer Checkliste f\u00fcr eine erfolgreiche Fitnessstudio wird dir weiterhelfen \u2013 lade sie kostenlos herunter!","breadcrumb":{"@id":"https:\/\/resawod.com\/de\/laden-sie-unsere-checkliste-zum-oeffnen-ihrer-box-herunter\/#breadcrumb"},"inLanguage":"de","potentialAction":[{"@type":"ReadAction","target":["https:\/\/resawod.com\/de\/laden-sie-unsere-checkliste-zum-oeffnen-ihrer-box-herunter\/"]}]},{"@type":"BreadcrumbList","@id":"https:\/\/resawod.com\/de\/laden-sie-unsere-checkliste-zum-oeffnen-ihrer-box-herunter\/#breadcrumb","itemListElement":[{"@type":"ListItem","position":1,"name":"Portada","item":"https:\/\/resawod.com\/de\/"},{"@type":"ListItem","position":2,"name":"Laden Sie unsere Checkliste zum \u00d6ffnen Ihrer Fitnessstudio herunter"}]},{"@type":"WebSite","@id":"https:\/\/resawod.com\/de\/#website","url":"https:\/\/resawod.com\/de\/","name":"Resawod","description":"","publisher":{"@id":"https:\/\/resawod.com\/de\/#organization"},"potentialAction":[{"@type":"SearchAction","target":{"@type":"EntryPoint","urlTemplate":"https:\/\/resawod.com\/de\/?s={search_term_string}"},"query-input":{"@type":"PropertyValueSpecification","valueRequired":true,"valueName":"search_term_string"}}],"inLanguage":"de"},{"@type":"Organization","@id":"https:\/\/resawod.com\/de\/#organization","name":"Resawod","url":"https:\/\/resawod.com\/de\/","logo":{"@type":"ImageObject","inLanguage":"de","@id":"https:\/\/resawod.com\/de\/#\/schema\/logo\/image\/","url":"https:\/\/resawod.com\/wp-content\/uploads\/sites\/7\/2025\/06\/resawod_Sitelogo.svg","contentUrl":"https:\/\/resawod.com\/wp-content\/uploads\/sites\/7\/2025\/06\/resawod_Sitelogo.svg","width":350,"height":65,"caption":"Resawod"},"image":{"@id":"https:\/\/resawod.com\/de\/#\/schema\/logo\/image\/"}}]}},"_links":{"self":[{"href":"https:\/\/resawod.com\/de\/wp-json\/wp\/v2\/pages\/31674","targetHints":{"allow":["GET"]}}],"collection":[{"href":"https:\/\/resawod.com\/de\/wp-json\/wp\/v2\/pages"}],"about":[{"href":"https:\/\/resawod.com\/de\/wp-json\/wp\/v2\/types\/page"}],"author":[{"embeddable":true,"href":"https:\/\/resawod.com\/de\/wp-json\/wp\/v2\/users\/9"}],"replies":[{"embeddable":true,"href":"https:\/\/resawod.com\/de\/wp-json\/wp\/v2\/comments?post=31674"}],"version-history":[{"count":4,"href":"https:\/\/resawod.com\/de\/wp-json\/wp\/v2\/pages\/31674\/revisions"}],"predecessor-version":[{"id":31691,"href":"https:\/\/resawod.com\/de\/wp-json\/wp\/v2\/pages\/31674\/revisions\/31691"}],"wp:attachment":[{"href":"https:\/\/resawod.com\/de\/wp-json\/wp\/v2\/media?parent=31674"}],"curies":[{"name":"wp","href":"https:\/\/api.w.org\/{rel}","templated":true}]}}