{"id":31869,"date":"2025-07-21T08:41:20","date_gmt":"2025-07-21T08:41:20","guid":{"rendered":"https:\/\/resawod.com\/lade-dein-ebook-schritt-fuer-schritt-marketingplan-fuer-einen-fitnessstudio\/"},"modified":"2025-07-21T08:46:37","modified_gmt":"2025-07-21T08:46:37","slug":"marketingplan-box","status":"publish","type":"page","link":"https:\/\/resawod.com\/de\/marketingplan-box\/","title":{"rendered":"Lade dein Ebook Schritt-f\u00fcr-Schritt Marketingplan f\u00fcr einen Fitnessstudio"},"content":{"rendered":"\t\t<div data-elementor-type=\"wp-page\" data-elementor-id=\"31869\" class=\"elementor elementor-31869 elementor-31808\" data-elementor-post-type=\"page\">\n\t\t\t\t<div class=\"elementor-element elementor-element-1ee33a2 e-con-full e-flex e-con e-parent\" data-id=\"1ee33a2\" data-element_type=\"container\" data-settings=\"{&quot;background_background&quot;:&quot;classic&quot;}\">\n\t\t<div class=\"elementor-element elementor-element-fcc3c9f e-grid e-con-boxed e-con e-child\" data-id=\"fcc3c9f\" data-element_type=\"container\" data-settings=\"{&quot;background_background&quot;:&quot;gradient&quot;}\">\n\t\t\t\t\t<div class=\"e-con-inner\">\n\t\t<div class=\"elementor-element elementor-element-5729bd6 e-grid e-con-full e-con e-child\" data-id=\"5729bd6\" data-element_type=\"container\">\n\t\t\t\t<\/div>\n\t\t<div class=\"elementor-element elementor-element-7e560cf e-con-full e-flex e-con e-child\" data-id=\"7e560cf\" data-element_type=\"container\" data-settings=\"{&quot;background_background&quot;:&quot;classic&quot;}\">\n\t\t<div class=\"elementor-element elementor-element-ad4d61d e-con-full e-flex e-con e-child\" data-id=\"ad4d61d\" data-element_type=\"container\" data-settings=\"{&quot;background_background&quot;:&quot;gradient&quot;}\">\n\t\t\t\t<div class=\"elementor-element elementor-element-d11d540 elementor-widget elementor-widget-heading\" data-id=\"d11d540\" data-element_type=\"widget\" data-widget_type=\"heading.default\">\n\t\t\t\t<div class=\"elementor-widget-container\">\n\t\t\t\t\t<h2 class=\"elementor-heading-title elementor-size-default\">Kostenloser Download<\/h2>\t\t\t\t<\/div>\n\t\t\t\t<\/div>\n\t\t\t\t<\/div>\n\t\t\t\t<div class=\"elementor-element elementor-element-1f57d3e elementor-widget elementor-widget-heading\" data-id=\"1f57d3e\" data-element_type=\"widget\" data-widget_type=\"heading.default\">\n\t\t\t\t<div class=\"elementor-widget-container\">\n\t\t\t\t\t<h2 class=\"elementor-heading-title elementor-size-default\">Hast du einen Marketingplan f\u00fcr dein Fitnessstudio?<\/h2>\t\t\t\t<\/div>\n\t\t\t\t<\/div>\n\t\t\t\t<div class=\"elementor-element elementor-element-0ff0a3b elementor-widget elementor-widget-text-editor\" data-id=\"0ff0a3b\" data-element_type=\"widget\" data-widget_type=\"text-editor.default\">\n\t\t\t\t<div class=\"elementor-widget-container\">\n\t\t\t\t\t\t\t\t\t<p>Hol ihn dir mit unserem Ebook &#8222;Schritt-f\u00fcr-Schritt Marketingplan f\u00fcr einen Fitnessstudio&#8220;!<\/p>\n\t\t\t\t\t\t\t\t<\/div>\n\t\t\t\t<\/div>\n\t\t\t\t<div class=\"elementor-element elementor-element-7548067 elementor-widget elementor-widget-hubspot-form\" data-id=\"7548067\" data-element_type=\"widget\" data-widget_type=\"hubspot-form.default\">\n\t\t\t\t<div class=\"elementor-widget-container\">\n\t\t\t\t\t\n\t\t\t\t\t<script>\n\t\t\t\t\t\twindow.hsFormsOnReady = window.hsFormsOnReady || [];\n\t\t\t\t\t\twindow.hsFormsOnReady.push(()=>{\n\t\t\t\t\t\t\thbspt.forms.create({\n\t\t\t\t\t\t\t\tportalId: 6234568,\n\t\t\t\t\t\t\t\tformId: \"f74e0714-d242-4b3f-99a8-2a847be47595\",\n\t\t\t\t\t\t\t\ttarget: \"#hbspt-form-1776724985000-1851977223\",\n\t\t\t\t\t\t\t\tregion: \"na1\",\n\t\t\t\t\t\t\t\t\n\t\t\t\t\t\t})});\n\t\t\t\t\t<\/script>\n\t\t\t\t\t<div class=\"hbspt-form\" id=\"hbspt-form-1776724985000-1851977223\"><\/div>\t\t\t\t<\/div>\n\t\t\t\t<\/div>\n\t\t\t\t<\/div>\n\t\t\t\t\t<\/div>\n\t\t\t\t<\/div>\n\t\t\t\t<\/div>\n\t\t\t\t<\/div>\n\t\t","protected":false},"excerpt":{"rendered":"<p>M\u00f6chtest du dein Gym aufs n\u00e4chste Level bringen und mehr Kund:innen gewinnen? Ein gut durchdachter Marketingplan ist der Schl\u00fcssel dazu. Los geht\u2019s?<\/p>\n","protected":false},"author":9,"featured_media":0,"parent":0,"menu_order":0,"comment_status":"closed","ping_status":"closed","template":"","meta":{"content-type":"","footnotes":""},"class_list":["post-31869","page","type-page","status-publish","hentry"],"yoast_head":"<!-- This site is optimized with the Yoast SEO plugin v25.7 - https:\/\/yoast.com\/wordpress\/plugins\/seo\/ -->\n<title>Lade dein Ebook Schritt-f\u00fcr-Schritt Marketingplan f\u00fcr einen Fitnessstudio<\/title>\n<meta name=\"description\" content=\"M\u00f6chtest du dein Gym aufs n\u00e4chste Level bringen und mehr Kund:innen gewinnen? Ein gut durchdachter Marketingplan ist der Schl\u00fcssel dazu. Los geht\u2019s?\" \/>\n<meta name=\"robots\" content=\"index, follow, max-snippet:-1, max-image-preview:large, max-video-preview:-1\" \/>\n<link rel=\"canonical\" href=\"https:\/\/resawod.com\/de\/marketingplan-box\/\" \/>\n<meta property=\"og:locale\" content=\"de_DE\" \/>\n<meta property=\"og:type\" content=\"article\" \/>\n<meta property=\"og:title\" content=\"Lade dein Ebook Schritt-f\u00fcr-Schritt Marketingplan f\u00fcr einen Fitnessstudio\" \/>\n<meta property=\"og:description\" content=\"M\u00f6chtest du dein Gym aufs n\u00e4chste Level bringen und mehr Kund:innen gewinnen? Ein gut durchdachter Marketingplan ist der Schl\u00fcssel dazu. Los geht\u2019s?\" \/>\n<meta property=\"og:url\" content=\"https:\/\/resawod.com\/de\/marketingplan-box\/\" \/>\n<meta property=\"og:site_name\" content=\"Resawod\" \/>\n<meta property=\"article:modified_time\" content=\"2025-07-21T08:46:37+00:00\" \/>\n<meta name=\"twitter:card\" content=\"summary_large_image\" \/>\n<meta name=\"twitter:label1\" content=\"Gesch\u00e4tzte Lesezeit\" \/>\n\t<meta name=\"twitter:data1\" content=\"1\u00a0Minute\" \/>\n<script type=\"application\/ld+json\" class=\"yoast-schema-graph\">{\"@context\":\"https:\/\/schema.org\",\"@graph\":[{\"@type\":\"WebPage\",\"@id\":\"https:\/\/resawod.com\/de\/marketingplan-box\/\",\"url\":\"https:\/\/resawod.com\/de\/marketingplan-box\/\",\"name\":\"Lade dein Ebook Schritt-f\u00fcr-Schritt Marketingplan f\u00fcr einen Fitnessstudio\",\"isPartOf\":{\"@id\":\"https:\/\/resawod.com\/de\/#website\"},\"datePublished\":\"2025-07-21T08:41:20+00:00\",\"dateModified\":\"2025-07-21T08:46:37+00:00\",\"description\":\"M\u00f6chtest du dein Gym aufs n\u00e4chste Level bringen und mehr Kund:innen gewinnen? Ein gut durchdachter Marketingplan ist der Schl\u00fcssel dazu. Los geht\u2019s?\",\"breadcrumb\":{\"@id\":\"https:\/\/resawod.com\/de\/marketingplan-box\/#breadcrumb\"},\"inLanguage\":\"de\",\"potentialAction\":[{\"@type\":\"ReadAction\",\"target\":[\"https:\/\/resawod.com\/de\/marketingplan-box\/\"]}]},{\"@type\":\"BreadcrumbList\",\"@id\":\"https:\/\/resawod.com\/de\/marketingplan-box\/#breadcrumb\",\"itemListElement\":[{\"@type\":\"ListItem\",\"position\":1,\"name\":\"Portada\",\"item\":\"https:\/\/resawod.com\/de\/\"},{\"@type\":\"ListItem\",\"position\":2,\"name\":\"Lade dein Ebook Schritt-f\u00fcr-Schritt Marketingplan f\u00fcr einen Fitnessstudio\"}]},{\"@type\":\"WebSite\",\"@id\":\"https:\/\/resawod.com\/de\/#website\",\"url\":\"https:\/\/resawod.com\/de\/\",\"name\":\"Resawod\",\"description\":\"\",\"publisher\":{\"@id\":\"https:\/\/resawod.com\/de\/#organization\"},\"potentialAction\":[{\"@type\":\"SearchAction\",\"target\":{\"@type\":\"EntryPoint\",\"urlTemplate\":\"https:\/\/resawod.com\/de\/?s={search_term_string}\"},\"query-input\":{\"@type\":\"PropertyValueSpecification\",\"valueRequired\":true,\"valueName\":\"search_term_string\"}}],\"inLanguage\":\"de\"},{\"@type\":\"Organization\",\"@id\":\"https:\/\/resawod.com\/de\/#organization\",\"name\":\"Resawod\",\"url\":\"https:\/\/resawod.com\/de\/\",\"logo\":{\"@type\":\"ImageObject\",\"inLanguage\":\"de\",\"@id\":\"https:\/\/resawod.com\/de\/#\/schema\/logo\/image\/\",\"url\":\"https:\/\/resawod.com\/wp-content\/uploads\/sites\/7\/2025\/06\/resawod_Sitelogo.svg\",\"contentUrl\":\"https:\/\/resawod.com\/wp-content\/uploads\/sites\/7\/2025\/06\/resawod_Sitelogo.svg\",\"width\":350,\"height\":65,\"caption\":\"Resawod\"},\"image\":{\"@id\":\"https:\/\/resawod.com\/de\/#\/schema\/logo\/image\/\"}}]}<\/script>\n<!-- \/ Yoast SEO plugin. -->","yoast_head_json":{"title":"Lade dein Ebook Schritt-f\u00fcr-Schritt Marketingplan f\u00fcr einen Fitnessstudio","description":"M\u00f6chtest du dein Gym aufs n\u00e4chste Level bringen und mehr Kund:innen gewinnen? Ein gut durchdachter Marketingplan ist der Schl\u00fcssel dazu. Los geht\u2019s?","robots":{"index":"index","follow":"follow","max-snippet":"max-snippet:-1","max-image-preview":"max-image-preview:large","max-video-preview":"max-video-preview:-1"},"canonical":"https:\/\/resawod.com\/de\/marketingplan-box\/","og_locale":"de_DE","og_type":"article","og_title":"Lade dein Ebook Schritt-f\u00fcr-Schritt Marketingplan f\u00fcr einen Fitnessstudio","og_description":"M\u00f6chtest du dein Gym aufs n\u00e4chste Level bringen und mehr Kund:innen gewinnen? Ein gut durchdachter Marketingplan ist der Schl\u00fcssel dazu. Los geht\u2019s?","og_url":"https:\/\/resawod.com\/de\/marketingplan-box\/","og_site_name":"Resawod","article_modified_time":"2025-07-21T08:46:37+00:00","twitter_card":"summary_large_image","twitter_misc":{"Gesch\u00e4tzte Lesezeit":"1\u00a0Minute"},"schema":{"@context":"https:\/\/schema.org","@graph":[{"@type":"WebPage","@id":"https:\/\/resawod.com\/de\/marketingplan-box\/","url":"https:\/\/resawod.com\/de\/marketingplan-box\/","name":"Lade dein Ebook Schritt-f\u00fcr-Schritt Marketingplan f\u00fcr einen Fitnessstudio","isPartOf":{"@id":"https:\/\/resawod.com\/de\/#website"},"datePublished":"2025-07-21T08:41:20+00:00","dateModified":"2025-07-21T08:46:37+00:00","description":"M\u00f6chtest du dein Gym aufs n\u00e4chste Level bringen und mehr Kund:innen gewinnen? Ein gut durchdachter Marketingplan ist der Schl\u00fcssel dazu. Los geht\u2019s?","breadcrumb":{"@id":"https:\/\/resawod.com\/de\/marketingplan-box\/#breadcrumb"},"inLanguage":"de","potentialAction":[{"@type":"ReadAction","target":["https:\/\/resawod.com\/de\/marketingplan-box\/"]}]},{"@type":"BreadcrumbList","@id":"https:\/\/resawod.com\/de\/marketingplan-box\/#breadcrumb","itemListElement":[{"@type":"ListItem","position":1,"name":"Portada","item":"https:\/\/resawod.com\/de\/"},{"@type":"ListItem","position":2,"name":"Lade dein Ebook Schritt-f\u00fcr-Schritt Marketingplan f\u00fcr einen Fitnessstudio"}]},{"@type":"WebSite","@id":"https:\/\/resawod.com\/de\/#website","url":"https:\/\/resawod.com\/de\/","name":"Resawod","description":"","publisher":{"@id":"https:\/\/resawod.com\/de\/#organization"},"potentialAction":[{"@type":"SearchAction","target":{"@type":"EntryPoint","urlTemplate":"https:\/\/resawod.com\/de\/?s={search_term_string}"},"query-input":{"@type":"PropertyValueSpecification","valueRequired":true,"valueName":"search_term_string"}}],"inLanguage":"de"},{"@type":"Organization","@id":"https:\/\/resawod.com\/de\/#organization","name":"Resawod","url":"https:\/\/resawod.com\/de\/","logo":{"@type":"ImageObject","inLanguage":"de","@id":"https:\/\/resawod.com\/de\/#\/schema\/logo\/image\/","url":"https:\/\/resawod.com\/wp-content\/uploads\/sites\/7\/2025\/06\/resawod_Sitelogo.svg","contentUrl":"https:\/\/resawod.com\/wp-content\/uploads\/sites\/7\/2025\/06\/resawod_Sitelogo.svg","width":350,"height":65,"caption":"Resawod"},"image":{"@id":"https:\/\/resawod.com\/de\/#\/schema\/logo\/image\/"}}]}},"_links":{"self":[{"href":"https:\/\/resawod.com\/de\/wp-json\/wp\/v2\/pages\/31869","targetHints":{"allow":["GET"]}}],"collection":[{"href":"https:\/\/resawod.com\/de\/wp-json\/wp\/v2\/pages"}],"about":[{"href":"https:\/\/resawod.com\/de\/wp-json\/wp\/v2\/types\/page"}],"author":[{"embeddable":true,"href":"https:\/\/resawod.com\/de\/wp-json\/wp\/v2\/users\/9"}],"replies":[{"embeddable":true,"href":"https:\/\/resawod.com\/de\/wp-json\/wp\/v2\/comments?post=31869"}],"version-history":[{"count":4,"href":"https:\/\/resawod.com\/de\/wp-json\/wp\/v2\/pages\/31869\/revisions"}],"predecessor-version":[{"id":31885,"href":"https:\/\/resawod.com\/de\/wp-json\/wp\/v2\/pages\/31869\/revisions\/31885"}],"wp:attachment":[{"href":"https:\/\/resawod.com\/de\/wp-json\/wp\/v2\/media?parent=31869"}],"curies":[{"name":"wp","href":"https:\/\/api.w.org\/{rel}","templated":true}]}}