{"id":34939,"date":"2026-02-24T11:01:43","date_gmt":"2026-02-24T11:01:43","guid":{"rendered":"https:\/\/resawod.com\/?page_id=34939"},"modified":"2026-04-14T12:28:20","modified_gmt":"2026-04-14T12:28:20","slug":"podcast","status":"publish","type":"page","link":"https:\/\/resawod.com\/de\/podcast\/","title":{"rendered":"Gym Hackers Podcast"},"content":{"rendered":"\t\t<div data-elementor-type=\"wp-page\" data-elementor-id=\"34939\" class=\"elementor elementor-34939 elementor-34938\" data-elementor-post-type=\"page\">\n\t\t\t\t<div class=\"elementor-element elementor-element-223a119 e-flex e-con-boxed e-con e-parent\" data-id=\"223a119\" data-element_type=\"container\" data-settings=\"{&quot;background_background&quot;:&quot;classic&quot;}\">\n\t\t\t\t\t<div class=\"e-con-inner\">\n\t\t<div class=\"elementor-element elementor-element-ae3046f e-flex e-con-boxed e-con e-child\" data-id=\"ae3046f\" data-element_type=\"container\" data-settings=\"{&quot;background_background&quot;:&quot;gradient&quot;}\">\n\t\t\t\t\t<div class=\"e-con-inner\">\n\t\t\t\t<div class=\"elementor-element elementor-element-1c741d2 elementor-widget elementor-widget-heading\" data-id=\"1c741d2\" data-element_type=\"widget\" data-widget_type=\"heading.default\">\n\t\t\t\t<div class=\"elementor-widget-container\">\n\t\t\t\t\t<h1 class=\"elementor-heading-title elementor-size-default\">Gym Hackers Podcast<\/h1>\t\t\t\t<\/div>\n\t\t\t\t<\/div>\n\t\t\t\t\t<\/div>\n\t\t\t\t<\/div>\n\t\t\t\t\t<\/div>\n\t\t\t\t<\/div>\n\t\t<div class=\"elementor-element elementor-element-0b08c96 e-grid e-con-boxed e-con e-parent\" data-id=\"0b08c96\" data-element_type=\"container\" data-settings=\"{&quot;background_background&quot;:&quot;classic&quot;}\">\n\t\t\t\t\t<div class=\"e-con-inner\">\n\t\t<div class=\"elementor-element elementor-element-d7fdb73 e-con-full e-flex e-con e-child\" data-id=\"d7fdb73\" data-element_type=\"container\" data-settings=\"{&quot;background_background&quot;:&quot;classic&quot;}\">\n\t\t\t\t<div class=\"elementor-element elementor-element-c2d567a elementor-widget elementor-widget-image\" data-id=\"c2d567a\" data-element_type=\"widget\" data-widget_type=\"image.default\">\n\t\t\t\t<div class=\"elementor-widget-container\">\n\t\t\t\t\t\t\t\t\t\t\t\t\t\t\t<img fetchpriority=\"high\" decoding=\"async\" width=\"800\" height=\"450\" src=\"https:\/\/resawod.com\/wp-content\/uploads\/sites\/7\/2026\/04\/portada-1x03-1-1024x576.jpg\" class=\"attachment-large size-large wp-image-35746\" alt=\"gym hackers podcast 03\" srcset=\"https:\/\/resawod.com\/wp-content\/uploads\/sites\/7\/2026\/04\/portada-1x03-1-1024x576.jpg 1024w, https:\/\/resawod.com\/wp-content\/uploads\/sites\/7\/2026\/04\/portada-1x03-1-300x169.jpg 300w, https:\/\/resawod.com\/wp-content\/uploads\/sites\/7\/2026\/04\/portada-1x03-1-768x432.jpg 768w, https:\/\/resawod.com\/wp-content\/uploads\/sites\/7\/2026\/04\/portada-1x03-1-1536x864.jpg 1536w, https:\/\/resawod.com\/wp-content\/uploads\/sites\/7\/2026\/04\/portada-1x03-1.jpg 1920w\" sizes=\"(max-width: 800px) 100vw, 800px\" \/>\t\t\t\t\t\t\t\t\t\t\t\t\t\t\t<\/div>\n\t\t\t\t<\/div>\n\t\t\t\t<div class=\"elementor-element elementor-element-1b8ddc9 elementor-widget elementor-widget-heading\" data-id=\"1b8ddc9\" data-element_type=\"widget\" data-widget_type=\"heading.default\">\n\t\t\t\t<div class=\"elementor-widget-container\">\n\t\t\t\t\t<h1 class=\"elementor-heading-title elementor-size-default\">Gym Hackers #3 \u00b7 Mit \u00c1lvaro Martinicorena<\/h1>\t\t\t\t<\/div>\n\t\t\t\t<\/div>\n\t\t\t\t<div class=\"elementor-element elementor-element-29b8eba elementor-widget elementor-widget-text-editor\" data-id=\"29b8eba\" data-element_type=\"widget\" data-widget_type=\"text-editor.default\">\n\t\t\t\t<div class=\"elementor-widget-container\">\n\t\t\t\t\t\t\t\t\t<div class=\"et_pb_module et_pb_text et_pb_text_12 et_pb_text_align_left et_pb_bg_layout_light\">\n<div class=\"et_pb_text_inner\">\n<p data-start=\"635\" data-end=\"923\">Kann ein kleines, pers\u00f6nliches Fitnessstudio mit gro\u00dfen Anbietern konkurrieren? In dieser Folge von Gym Hackers sprechen wir \u00fcber den wahren Wert eines Studios, die Bedeutung von Service und wie man sich in der Fitnessbranche differenziert.<\/p>\n<\/div>\n<\/div>\n\t\t\t\t\t\t\t\t<\/div>\n\t\t\t\t<\/div>\n\t\t\t\t<div class=\"elementor-element elementor-element-4bafbc8 elementor-align-center elementor-widget elementor-widget-button\" data-id=\"4bafbc8\" data-element_type=\"widget\" data-widget_type=\"button.default\">\n\t\t\t\t<div class=\"elementor-widget-container\">\n\t\t\t\t\t\t\t\t\t<div class=\"elementor-button-wrapper\">\n\t\t\t\t\t<a class=\"elementor-button elementor-button-link elementor-size-sm\" href=\"https:\/\/youtu.be\/j3iQv8P_qRQ\">\n\t\t\t\t\t\t<span class=\"elementor-button-content-wrapper\">\n\t\t\t\t\t\t\t\t\t<span class=\"elementor-button-text\">Auf YouTube ansehen<\/span>\n\t\t\t\t\t<\/span>\n\t\t\t\t\t<\/a>\n\t\t\t\t<\/div>\n\t\t\t\t\t\t\t\t<\/div>\n\t\t\t\t<\/div>\n\t\t\t\t<div class=\"elementor-element elementor-element-c96c87c elementor-align-center elementor-widget elementor-widget-button\" data-id=\"c96c87c\" data-element_type=\"widget\" data-widget_type=\"button.default\">\n\t\t\t\t<div class=\"elementor-widget-container\">\n\t\t\t\t\t\t\t\t\t<div class=\"elementor-button-wrapper\">\n\t\t\t\t\t<a class=\"elementor-button elementor-button-link elementor-size-sm\" href=\"https:\/\/open.spotify.com\/episode\/2rsmceXAU2wwGiA8v6CFFM?si=TR6L_-JaRCuokr_jWfeOig\">\n\t\t\t\t\t\t<span class=\"elementor-button-content-wrapper\">\n\t\t\t\t\t\t\t\t\t<span class=\"elementor-button-text\">Auf Spotify ansehen<\/span>\n\t\t\t\t\t<\/span>\n\t\t\t\t\t<\/a>\n\t\t\t\t<\/div>\n\t\t\t\t\t\t\t\t<\/div>\n\t\t\t\t<\/div>\n\t\t\t\t<\/div>\n\t\t<div class=\"elementor-element elementor-element-ff297ce e-con-full e-flex e-con e-child\" data-id=\"ff297ce\" data-element_type=\"container\" data-settings=\"{&quot;background_background&quot;:&quot;classic&quot;}\">\n\t\t\t\t<div class=\"elementor-element elementor-element-a280513 elementor-widget elementor-widget-image\" data-id=\"a280513\" data-element_type=\"widget\" data-widget_type=\"image.default\">\n\t\t\t\t<div class=\"elementor-widget-container\">\n\t\t\t\t\t\t\t\t\t\t\t\t\t\t\t<img decoding=\"async\" width=\"800\" height=\"450\" src=\"https:\/\/resawod.com\/wp-content\/uploads\/sites\/7\/2026\/02\/maxresdefault-1-1024x576.jpg\" class=\"attachment-large size-large wp-image-35051\" alt=\"Gym Hackers episodio2\" srcset=\"https:\/\/resawod.com\/wp-content\/uploads\/sites\/7\/2026\/02\/maxresdefault-1-1024x576.jpg 1024w, https:\/\/resawod.com\/wp-content\/uploads\/sites\/7\/2026\/02\/maxresdefault-1-300x169.jpg 300w, https:\/\/resawod.com\/wp-content\/uploads\/sites\/7\/2026\/02\/maxresdefault-1-768x432.jpg 768w, https:\/\/resawod.com\/wp-content\/uploads\/sites\/7\/2026\/02\/maxresdefault-1.jpg 1280w\" sizes=\"(max-width: 800px) 100vw, 800px\" \/>\t\t\t\t\t\t\t\t\t\t\t\t\t\t\t<\/div>\n\t\t\t\t<\/div>\n\t\t\t\t<div class=\"elementor-element elementor-element-019accc elementor-widget elementor-widget-heading\" data-id=\"019accc\" data-element_type=\"widget\" data-widget_type=\"heading.default\">\n\t\t\t\t<div class=\"elementor-widget-container\">\n\t\t\t\t\t<h1 class=\"elementor-heading-title elementor-size-default\">Gym Hackers #2 \u00b7 Mit Ione Tainta y Virginia Finol<\/h1>\t\t\t\t<\/div>\n\t\t\t\t<\/div>\n\t\t\t\t<div class=\"elementor-element elementor-element-d4a3f72 elementor-widget elementor-widget-text-editor\" data-id=\"d4a3f72\" data-element_type=\"widget\" data-widget_type=\"text-editor.default\">\n\t\t\t\t<div class=\"elementor-widget-container\">\n\t\t\t\t\t\t\t\t\t<div class=\"et_pb_module et_pb_text et_pb_text_12 et_pb_text_align_left et_pb_bg_layout_light\">\n<div class=\"et_pb_text_inner\">\n<p>Kann man nach Wettk\u00e4mpfen auf h\u00f6chstem Niveau von Online-Programmierung leben? In dieser Episode von Gym Hackers analysieren wir den \u00dcbergang vom Athleten zum Fitnessprofi.<\/p>\n<\/div>\n<\/div>\n\t\t\t\t\t\t\t\t<\/div>\n\t\t\t\t<\/div>\n\t\t\t\t<div class=\"elementor-element elementor-element-f476524 elementor-align-center elementor-widget elementor-widget-button\" data-id=\"f476524\" data-element_type=\"widget\" data-widget_type=\"button.default\">\n\t\t\t\t<div class=\"elementor-widget-container\">\n\t\t\t\t\t\t\t\t\t<div class=\"elementor-button-wrapper\">\n\t\t\t\t\t<a class=\"elementor-button elementor-button-link elementor-size-sm\" href=\"https:\/\/youtu.be\/BDC3sJv4P2M\">\n\t\t\t\t\t\t<span class=\"elementor-button-content-wrapper\">\n\t\t\t\t\t\t\t\t\t<span class=\"elementor-button-text\">Auf YouTube ansehen<\/span>\n\t\t\t\t\t<\/span>\n\t\t\t\t\t<\/a>\n\t\t\t\t<\/div>\n\t\t\t\t\t\t\t\t<\/div>\n\t\t\t\t<\/div>\n\t\t\t\t<div class=\"elementor-element elementor-element-87de2d5 elementor-align-center elementor-widget elementor-widget-button\" data-id=\"87de2d5\" data-element_type=\"widget\" data-widget_type=\"button.default\">\n\t\t\t\t<div class=\"elementor-widget-container\">\n\t\t\t\t\t\t\t\t\t<div class=\"elementor-button-wrapper\">\n\t\t\t\t\t<a class=\"elementor-button elementor-button-link elementor-size-sm\" href=\"https:\/\/open.spotify.com\/episode\/0CT149iHjwlxMgWxiN2HjC?si=XOU3hyeDT2CsTEw9iItTeg\">\n\t\t\t\t\t\t<span class=\"elementor-button-content-wrapper\">\n\t\t\t\t\t\t\t\t\t<span class=\"elementor-button-text\">Auf Spotify ansehen<\/span>\n\t\t\t\t\t<\/span>\n\t\t\t\t\t<\/a>\n\t\t\t\t<\/div>\n\t\t\t\t\t\t\t\t<\/div>\n\t\t\t\t<\/div>\n\t\t\t\t<\/div>\n\t\t<div class=\"elementor-element elementor-element-7b2f2ef e-con-full e-flex e-con e-child\" data-id=\"7b2f2ef\" data-element_type=\"container\">\n\t\t<div class=\"elementor-element elementor-element-aa1371b e-con-full e-flex e-con e-child\" data-id=\"aa1371b\" data-element_type=\"container\" data-settings=\"{&quot;background_background&quot;:&quot;classic&quot;}\">\n\t\t\t\t<div class=\"elementor-element elementor-element-b0d42a6 elementor-widget elementor-widget-image\" data-id=\"b0d42a6\" data-element_type=\"widget\" data-widget_type=\"image.default\">\n\t\t\t\t<div class=\"elementor-widget-container\">\n\t\t\t\t\t\t\t\t\t\t\t\t\t\t\t<img decoding=\"async\" width=\"800\" height=\"450\" src=\"https:\/\/resawod.com\/wp-content\/uploads\/sites\/7\/2026\/02\/Episodio-1-1024x576.webp\" class=\"attachment-large size-large wp-image-34919\" alt=\"Gym hackers podcast by resawod\" srcset=\"https:\/\/resawod.com\/wp-content\/uploads\/sites\/7\/2026\/02\/Episodio-1-1024x576.webp 1024w, https:\/\/resawod.com\/wp-content\/uploads\/sites\/7\/2026\/02\/Episodio-1-300x169.webp 300w, https:\/\/resawod.com\/wp-content\/uploads\/sites\/7\/2026\/02\/Episodio-1-768x432.webp 768w, https:\/\/resawod.com\/wp-content\/uploads\/sites\/7\/2026\/02\/Episodio-1.webp 1280w\" sizes=\"(max-width: 800px) 100vw, 800px\" \/>\t\t\t\t\t\t\t\t\t\t\t\t\t\t\t<\/div>\n\t\t\t\t<\/div>\n\t\t\t\t<div class=\"elementor-element elementor-element-0dcc69c elementor-widget elementor-widget-heading\" data-id=\"0dcc69c\" data-element_type=\"widget\" data-widget_type=\"heading.default\">\n\t\t\t\t<div class=\"elementor-widget-container\">\n\t\t\t\t\t<h1 class=\"elementor-heading-title elementor-size-default\">Gym Hackers #1 \u00b7 Con Coach Mike (CrossFit Queiron)<\/h1>\t\t\t\t<\/div>\n\t\t\t\t<\/div>\n\t\t\t\t<div class=\"elementor-element elementor-element-e15d117 elementor-widget elementor-widget-text-editor\" data-id=\"e15d117\" data-element_type=\"widget\" data-widget_type=\"text-editor.default\">\n\t\t\t\t<div class=\"elementor-widget-container\">\n\t\t\t\t\t\t\t\t\t<div class=\"et_pb_module et_pb_text et_pb_text_12 et_pb_text_align_left et_pb_bg_layout_light\">\n<div class=\"et_pb_text_inner\">\n<p>Die Realit\u00e4t, ein Gym \u00fcber mehr als ein Jahrzehnt zu f\u00fchren. Schwierige Entscheidungen, ungesundes Wachstum und die mentale Belastung eines Gym-Besitzers.<\/p>\n<\/div>\n<\/div>\n\t\t\t\t\t\t\t\t<\/div>\n\t\t\t\t<\/div>\n\t\t\t\t<div class=\"elementor-element elementor-element-5fac89b elementor-align-center elementor-widget elementor-widget-button\" data-id=\"5fac89b\" data-element_type=\"widget\" data-widget_type=\"button.default\">\n\t\t\t\t<div class=\"elementor-widget-container\">\n\t\t\t\t\t\t\t\t\t<div class=\"elementor-button-wrapper\">\n\t\t\t\t\t<a class=\"elementor-button elementor-button-link elementor-size-sm\" href=\"https:\/\/youtu.be\/7kfTaI5X-wE\">\n\t\t\t\t\t\t<span class=\"elementor-button-content-wrapper\">\n\t\t\t\t\t\t\t\t\t<span class=\"elementor-button-text\">Auf YouTube ansehen<\/span>\n\t\t\t\t\t<\/span>\n\t\t\t\t\t<\/a>\n\t\t\t\t<\/div>\n\t\t\t\t\t\t\t\t<\/div>\n\t\t\t\t<\/div>\n\t\t\t\t<div class=\"elementor-element elementor-element-cd6e2a4 elementor-align-center elementor-widget elementor-widget-button\" data-id=\"cd6e2a4\" data-element_type=\"widget\" data-widget_type=\"button.default\">\n\t\t\t\t<div class=\"elementor-widget-container\">\n\t\t\t\t\t\t\t\t\t<div class=\"elementor-button-wrapper\">\n\t\t\t\t\t<a class=\"elementor-button elementor-button-link elementor-size-sm\" href=\"https:\/\/open.spotify.com\/episode\/0n8gWdPpguuiIPYO83thAY?si=9f00ce6a6b114906\">\n\t\t\t\t\t\t<span class=\"elementor-button-content-wrapper\">\n\t\t\t\t\t\t\t\t\t<span class=\"elementor-button-text\">Auf Spotify ansehen<\/span>\n\t\t\t\t\t<\/span>\n\t\t\t\t\t<\/a>\n\t\t\t\t<\/div>\n\t\t\t\t\t\t\t\t<\/div>\n\t\t\t\t<\/div>\n\t\t\t\t<\/div>\n\t\t\t\t<\/div>\n\t\t\t\t\t<\/div>\n\t\t\t\t<\/div>\n\t\t\t\t<\/div>\n\t\t","protected":false},"excerpt":{"rendered":"<p>Gym Hackers Podcast Gym Hackers #3 \u00b7 Mit \u00c1lvaro Martinicorena Kann ein kleines, pers\u00f6nliches Fitnessstudio mit gro\u00dfen Anbietern konkurrieren? In dieser Folge von Gym Hackers sprechen wir \u00fcber den wahren Wert eines Studios, die Bedeutung von Service und wie man sich in der Fitnessbranche differenziert. Auf YouTube ansehen Auf Spotify ansehen Gym Hackers #2 \u00b7 [&hellip;]<\/p>\n","protected":false},"author":9,"featured_media":0,"parent":0,"menu_order":0,"comment_status":"closed","ping_status":"closed","template":"","meta":{"content-type":"","footnotes":""},"class_list":["post-34939","page","type-page","status-publish","hentry"],"yoast_head":"<!-- This site is optimized with the Yoast SEO plugin v25.7 - https:\/\/yoast.com\/wordpress\/plugins\/seo\/ -->\n<title>Gym Hackers Podcast - Resawod<\/title>\n<meta name=\"robots\" content=\"index, follow, max-snippet:-1, max-image-preview:large, max-video-preview:-1\" \/>\n<link rel=\"canonical\" href=\"https:\/\/resawod.com\/de\/podcast\/\" \/>\n<meta property=\"og:locale\" content=\"de_DE\" \/>\n<meta property=\"og:type\" content=\"article\" \/>\n<meta property=\"og:title\" content=\"Gym Hackers Podcast - Resawod\" \/>\n<meta property=\"og:description\" content=\"Gym Hackers Podcast Gym Hackers #3 \u00b7 Mit \u00c1lvaro Martinicorena Kann ein kleines, pers\u00f6nliches Fitnessstudio mit gro\u00dfen Anbietern konkurrieren? In dieser Folge von Gym Hackers sprechen wir \u00fcber den wahren Wert eines Studios, die Bedeutung von Service und wie man sich in der Fitnessbranche differenziert. Auf YouTube ansehen Auf Spotify ansehen Gym Hackers #2 \u00b7 [&hellip;]\" \/>\n<meta property=\"og:url\" content=\"https:\/\/resawod.com\/de\/podcast\/\" \/>\n<meta property=\"og:site_name\" content=\"Resawod\" \/>\n<meta property=\"article:modified_time\" content=\"2026-04-14T12:28:20+00:00\" \/>\n<meta property=\"og:image\" content=\"https:\/\/resawod.com\/wp-content\/uploads\/sites\/7\/2026\/04\/portada-1x03-1.jpg\" \/>\n\t<meta property=\"og:image:width\" content=\"1920\" \/>\n\t<meta property=\"og:image:height\" content=\"1080\" \/>\n\t<meta property=\"og:image:type\" content=\"image\/jpeg\" \/>\n<meta name=\"twitter:card\" content=\"summary_large_image\" \/>\n<meta name=\"twitter:label1\" content=\"Gesch\u00e4tzte Lesezeit\" \/>\n\t<meta name=\"twitter:data1\" content=\"1\u00a0Minute\" \/>\n<script type=\"application\/ld+json\" class=\"yoast-schema-graph\">{\"@context\":\"https:\/\/schema.org\",\"@graph\":[{\"@type\":\"WebPage\",\"@id\":\"https:\/\/resawod.com\/de\/podcast\/\",\"url\":\"https:\/\/resawod.com\/de\/podcast\/\",\"name\":\"Gym Hackers Podcast - Resawod\",\"isPartOf\":{\"@id\":\"https:\/\/resawod.com\/de\/#website\"},\"primaryImageOfPage\":{\"@id\":\"https:\/\/resawod.com\/de\/podcast\/#primaryimage\"},\"image\":{\"@id\":\"https:\/\/resawod.com\/de\/podcast\/#primaryimage\"},\"thumbnailUrl\":\"https:\/\/resawod.com\/wp-content\/uploads\/sites\/7\/2026\/04\/portada-1x03-1-1024x576.jpg\",\"datePublished\":\"2026-02-24T11:01:43+00:00\",\"dateModified\":\"2026-04-14T12:28:20+00:00\",\"breadcrumb\":{\"@id\":\"https:\/\/resawod.com\/de\/podcast\/#breadcrumb\"},\"inLanguage\":\"de\",\"potentialAction\":[{\"@type\":\"ReadAction\",\"target\":[\"https:\/\/resawod.com\/de\/podcast\/\"]}]},{\"@type\":\"ImageObject\",\"inLanguage\":\"de\",\"@id\":\"https:\/\/resawod.com\/de\/podcast\/#primaryimage\",\"url\":\"https:\/\/resawod.com\/wp-content\/uploads\/sites\/7\/2026\/04\/portada-1x03-1-1024x576.jpg\",\"contentUrl\":\"https:\/\/resawod.com\/wp-content\/uploads\/sites\/7\/2026\/04\/portada-1x03-1-1024x576.jpg\"},{\"@type\":\"BreadcrumbList\",\"@id\":\"https:\/\/resawod.com\/de\/podcast\/#breadcrumb\",\"itemListElement\":[{\"@type\":\"ListItem\",\"position\":1,\"name\":\"Portada\",\"item\":\"https:\/\/resawod.com\/de\/\"},{\"@type\":\"ListItem\",\"position\":2,\"name\":\"Gym Hackers Podcast\"}]},{\"@type\":\"WebSite\",\"@id\":\"https:\/\/resawod.com\/de\/#website\",\"url\":\"https:\/\/resawod.com\/de\/\",\"name\":\"Resawod\",\"description\":\"\",\"publisher\":{\"@id\":\"https:\/\/resawod.com\/de\/#organization\"},\"potentialAction\":[{\"@type\":\"SearchAction\",\"target\":{\"@type\":\"EntryPoint\",\"urlTemplate\":\"https:\/\/resawod.com\/de\/?s={search_term_string}\"},\"query-input\":{\"@type\":\"PropertyValueSpecification\",\"valueRequired\":true,\"valueName\":\"search_term_string\"}}],\"inLanguage\":\"de\"},{\"@type\":\"Organization\",\"@id\":\"https:\/\/resawod.com\/de\/#organization\",\"name\":\"Resawod\",\"url\":\"https:\/\/resawod.com\/de\/\",\"logo\":{\"@type\":\"ImageObject\",\"inLanguage\":\"de\",\"@id\":\"https:\/\/resawod.com\/de\/#\/schema\/logo\/image\/\",\"url\":\"https:\/\/resawod.com\/wp-content\/uploads\/sites\/7\/2025\/06\/resawod_Sitelogo.svg\",\"contentUrl\":\"https:\/\/resawod.com\/wp-content\/uploads\/sites\/7\/2025\/06\/resawod_Sitelogo.svg\",\"width\":350,\"height\":65,\"caption\":\"Resawod\"},\"image\":{\"@id\":\"https:\/\/resawod.com\/de\/#\/schema\/logo\/image\/\"}}]}<\/script>\n<!-- \/ Yoast SEO plugin. -->","yoast_head_json":{"title":"Gym Hackers Podcast - Resawod","robots":{"index":"index","follow":"follow","max-snippet":"max-snippet:-1","max-image-preview":"max-image-preview:large","max-video-preview":"max-video-preview:-1"},"canonical":"https:\/\/resawod.com\/de\/podcast\/","og_locale":"de_DE","og_type":"article","og_title":"Gym Hackers Podcast - Resawod","og_description":"Gym Hackers Podcast Gym Hackers #3 \u00b7 Mit \u00c1lvaro Martinicorena Kann ein kleines, pers\u00f6nliches Fitnessstudio mit gro\u00dfen Anbietern konkurrieren? In dieser Folge von Gym Hackers sprechen wir \u00fcber den wahren Wert eines Studios, die Bedeutung von Service und wie man sich in der Fitnessbranche differenziert. Auf YouTube ansehen Auf Spotify ansehen Gym Hackers #2 \u00b7 [&hellip;]","og_url":"https:\/\/resawod.com\/de\/podcast\/","og_site_name":"Resawod","article_modified_time":"2026-04-14T12:28:20+00:00","og_image":[{"width":1920,"height":1080,"url":"https:\/\/resawod.com\/wp-content\/uploads\/sites\/7\/2026\/04\/portada-1x03-1.jpg","type":"image\/jpeg"}],"twitter_card":"summary_large_image","twitter_misc":{"Gesch\u00e4tzte Lesezeit":"1\u00a0Minute"},"schema":{"@context":"https:\/\/schema.org","@graph":[{"@type":"WebPage","@id":"https:\/\/resawod.com\/de\/podcast\/","url":"https:\/\/resawod.com\/de\/podcast\/","name":"Gym Hackers Podcast - Resawod","isPartOf":{"@id":"https:\/\/resawod.com\/de\/#website"},"primaryImageOfPage":{"@id":"https:\/\/resawod.com\/de\/podcast\/#primaryimage"},"image":{"@id":"https:\/\/resawod.com\/de\/podcast\/#primaryimage"},"thumbnailUrl":"https:\/\/resawod.com\/wp-content\/uploads\/sites\/7\/2026\/04\/portada-1x03-1-1024x576.jpg","datePublished":"2026-02-24T11:01:43+00:00","dateModified":"2026-04-14T12:28:20+00:00","breadcrumb":{"@id":"https:\/\/resawod.com\/de\/podcast\/#breadcrumb"},"inLanguage":"de","potentialAction":[{"@type":"ReadAction","target":["https:\/\/resawod.com\/de\/podcast\/"]}]},{"@type":"ImageObject","inLanguage":"de","@id":"https:\/\/resawod.com\/de\/podcast\/#primaryimage","url":"https:\/\/resawod.com\/wp-content\/uploads\/sites\/7\/2026\/04\/portada-1x03-1-1024x576.jpg","contentUrl":"https:\/\/resawod.com\/wp-content\/uploads\/sites\/7\/2026\/04\/portada-1x03-1-1024x576.jpg"},{"@type":"BreadcrumbList","@id":"https:\/\/resawod.com\/de\/podcast\/#breadcrumb","itemListElement":[{"@type":"ListItem","position":1,"name":"Portada","item":"https:\/\/resawod.com\/de\/"},{"@type":"ListItem","position":2,"name":"Gym Hackers Podcast"}]},{"@type":"WebSite","@id":"https:\/\/resawod.com\/de\/#website","url":"https:\/\/resawod.com\/de\/","name":"Resawod","description":"","publisher":{"@id":"https:\/\/resawod.com\/de\/#organization"},"potentialAction":[{"@type":"SearchAction","target":{"@type":"EntryPoint","urlTemplate":"https:\/\/resawod.com\/de\/?s={search_term_string}"},"query-input":{"@type":"PropertyValueSpecification","valueRequired":true,"valueName":"search_term_string"}}],"inLanguage":"de"},{"@type":"Organization","@id":"https:\/\/resawod.com\/de\/#organization","name":"Resawod","url":"https:\/\/resawod.com\/de\/","logo":{"@type":"ImageObject","inLanguage":"de","@id":"https:\/\/resawod.com\/de\/#\/schema\/logo\/image\/","url":"https:\/\/resawod.com\/wp-content\/uploads\/sites\/7\/2025\/06\/resawod_Sitelogo.svg","contentUrl":"https:\/\/resawod.com\/wp-content\/uploads\/sites\/7\/2025\/06\/resawod_Sitelogo.svg","width":350,"height":65,"caption":"Resawod"},"image":{"@id":"https:\/\/resawod.com\/de\/#\/schema\/logo\/image\/"}}]}},"_links":{"self":[{"href":"https:\/\/resawod.com\/de\/wp-json\/wp\/v2\/pages\/34939","targetHints":{"allow":["GET"]}}],"collection":[{"href":"https:\/\/resawod.com\/de\/wp-json\/wp\/v2\/pages"}],"about":[{"href":"https:\/\/resawod.com\/de\/wp-json\/wp\/v2\/types\/page"}],"author":[{"embeddable":true,"href":"https:\/\/resawod.com\/de\/wp-json\/wp\/v2\/users\/9"}],"replies":[{"embeddable":true,"href":"https:\/\/resawod.com\/de\/wp-json\/wp\/v2\/comments?post=34939"}],"version-history":[{"count":5,"href":"https:\/\/resawod.com\/de\/wp-json\/wp\/v2\/pages\/34939\/revisions"}],"predecessor-version":[{"id":35765,"href":"https:\/\/resawod.com\/de\/wp-json\/wp\/v2\/pages\/34939\/revisions\/35765"}],"wp:attachment":[{"href":"https:\/\/resawod.com\/de\/wp-json\/wp\/v2\/media?parent=34939"}],"curies":[{"name":"wp","href":"https:\/\/api.w.org\/{rel}","templated":true}]}}