{"id":31144,"date":"2025-07-15T10:03:35","date_gmt":"2025-07-15T10:03:35","guid":{"rendered":"https:\/\/resawod.com\/demo-2\/"},"modified":"2026-04-28T10:56:10","modified_gmt":"2026-04-28T10:56:10","slug":"demo","status":"publish","type":"page","link":"https:\/\/resawod.com\/es\/demo\/","title":{"rendered":"Demo"},"content":{"rendered":"\t\t<div data-elementor-type=\"wp-page\" data-elementor-id=\"31144\" class=\"elementor elementor-31144 elementor-30113\" data-elementor-post-type=\"page\">\n\t\t\t\t<div class=\"elementor-element elementor-element-7e69794a e-con-full e-flex e-con e-parent\" data-id=\"7e69794a\" data-element_type=\"container\" data-settings=\"{&quot;background_background&quot;:&quot;classic&quot;}\">\n\t\t<div class=\"elementor-element elementor-element-1b2a08b e-grid e-con-full elementor-hidden-mobile e-con e-child\" data-id=\"1b2a08b\" data-element_type=\"container\">\n\t\t<div class=\"elementor-element elementor-element-35f85ce e-flex e-con-boxed e-con e-child\" data-id=\"35f85ce\" data-element_type=\"container\" data-settings=\"{&quot;background_background&quot;:&quot;gradient&quot;}\">\n\t\t\t\t\t<div class=\"e-con-inner\">\n\t\t\t\t<div class=\"elementor-element elementor-element-759ee989 elementor-widget elementor-widget-heading\" data-id=\"759ee989\" data-element_type=\"widget\" data-widget_type=\"heading.default\">\n\t\t\t\t<div class=\"elementor-widget-container\">\n\t\t\t\t\t<h2 class=\"elementor-heading-title elementor-size-default\">Reserva tu demo<\/h2>\t\t\t\t<\/div>\n\t\t\t\t<\/div>\n\t\t\t\t<div class=\"elementor-element elementor-element-2a092a4 elementor-widget elementor-widget-text-editor\" data-id=\"2a092a4\" data-element_type=\"widget\" data-widget_type=\"text-editor.default\">\n\t\t\t\t<div class=\"elementor-widget-container\">\n\t\t\t\t\t\t\t\t\t<ul>\n<li data-start=\"234\" data-end=\"505\">Un experto analizar\u00e1 las necesidades de tu gimnasio y te mostrar\u00e1 c\u00f3mo Resawod puede ayudarte.<\/li>\n<li data-start=\"234\" data-end=\"505\">Ver\u00e1s en directo c\u00f3mo gestionar tu gimnasio de manera m\u00e1s eficiente.<\/li>\n<li data-start=\"234\" data-end=\"505\">Resolver\u00e1s todas tus dudas al momento<\/li>\n<\/ul>\n\t\t\t\t\t\t\t\t<\/div>\n\t\t\t\t<\/div>\n\t\t\t\t<div class=\"elementor-element elementor-element-2c9a4de2 elementor-widget elementor-widget-text-editor\" data-id=\"2c9a4de2\" data-element_type=\"widget\" data-widget_type=\"text-editor.default\">\n\t\t\t\t<div class=\"elementor-widget-container\">\n\t\t\t\t\t\t\t\t\t<p>Rellena el formulario y agenda tu sesi\u00f3n personalizada con un especialista. \u00a1Es 1 minuto!<\/p>\n\t\t\t\t\t\t\t\t<\/div>\n\t\t\t\t<\/div>\n\t\t\t\t<div class=\"elementor-element elementor-element-30c6fa9 elementor-widget elementor-widget-image\" data-id=\"30c6fa9\" data-element_type=\"widget\" data-widget_type=\"image.default\">\n\t\t\t\t<div class=\"elementor-widget-container\">\n\t\t\t\t\t\t\t\t\t\t\t\t\t\t\t<img fetchpriority=\"high\" decoding=\"async\" width=\"800\" height=\"86\" src=\"https:\/\/resawod.com\/wp-content\/uploads\/sites\/7\/2025\/06\/Porque-RW_logos.png\" class=\"attachment-large size-large wp-image-29922\" alt=\"Resawod software logo\" srcset=\"https:\/\/resawod.com\/wp-content\/uploads\/sites\/7\/2025\/06\/Porque-RW_logos.png 896w, https:\/\/resawod.com\/wp-content\/uploads\/sites\/7\/2025\/06\/Porque-RW_logos-300x32.png 300w, https:\/\/resawod.com\/wp-content\/uploads\/sites\/7\/2025\/06\/Porque-RW_logos-768x82.png 768w\" sizes=\"(max-width: 800px) 100vw, 800px\" \/>\t\t\t\t\t\t\t\t\t\t\t\t\t\t\t<\/div>\n\t\t\t\t<\/div>\n\t\t\t\t\t<\/div>\n\t\t\t\t<\/div>\n\t\t<div class=\"elementor-element elementor-element-9ace5df e-flex e-con-boxed e-con e-child\" data-id=\"9ace5df\" data-element_type=\"container\">\n\t\t\t\t\t<div class=\"e-con-inner\">\n\t\t\t\t<div class=\"elementor-element elementor-element-d9c4d4d elementor-widget elementor-widget-hubspot-form\" data-id=\"d9c4d4d\" data-element_type=\"widget\" data-widget_type=\"hubspot-form.default\">\n\t\t\t\t<div class=\"elementor-widget-container\">\n\t\t\t\t\t\n\t\t\t\t\t\t<script>\n\t\t\t\t\t\t\twindow.hsFormsOnReady = window.hsFormsOnReady || [];\n\t\t\t\t\t\t\twindow.hsFormsOnReady.push(()=>{\n\t\t\t\t\t\t\t\thbspt.forms.create({\n\t\t\t\t\t\t\t\t\tportalId: 6234568,\n\t\t\t\t\t\t\t\t\tformId: \"d072f4bd-4aba-4c9a-8f3d-d8ff8f953936\",\n\t\t\t\t\t\t\t\t\ttarget: \"#hbspt-form-1777669329000-8584613690\",\n\t\t\t\t\t\t\t\t\tregion: \"na1\",\n\t\t\t\t\t\t\t\t\t\n\t\t\t\t\t\t\t})});\n\t\t\t\t\t\t<\/script>\n\t\t\t\t\t\t<div class=\"hbspt-form\" id=\"hbspt-form-1777669329000-8584613690\"><\/div>\t\t\t\t<\/div>\n\t\t\t\t<\/div>\n\t\t\t\t\t<\/div>\n\t\t\t\t<\/div>\n\t\t\t\t<\/div>\n\t\t<div class=\"elementor-element elementor-element-84812bc e-grid e-con-full elementor-hidden-desktop elementor-hidden-tablet e-con e-child\" data-id=\"84812bc\" data-element_type=\"container\">\n\t\t<div class=\"elementor-element elementor-element-6edead6 e-con-full e-flex e-con e-child\" data-id=\"6edead6\" data-element_type=\"container\" data-settings=\"{&quot;background_background&quot;:&quot;gradient&quot;}\">\n\t\t\t\t<div class=\"elementor-element elementor-element-7072e30 elementor-widget elementor-widget-heading\" data-id=\"7072e30\" data-element_type=\"widget\" data-widget_type=\"heading.default\">\n\t\t\t\t<div class=\"elementor-widget-container\">\n\t\t\t\t\t<h2 class=\"elementor-heading-title elementor-size-default\">Reserva tu demo<\/h2>\t\t\t\t<\/div>\n\t\t\t\t<\/div>\n\t\t\t\t<div class=\"elementor-element elementor-element-c64f8f0 elementor-widget elementor-widget-text-editor\" data-id=\"c64f8f0\" data-element_type=\"widget\" data-widget_type=\"text-editor.default\">\n\t\t\t\t<div class=\"elementor-widget-container\">\n\t\t\t\t\t\t\t\t\t<p>Rellena el formulario y agenda tu sesi\u00f3n personalizada con un especialista. <strong>\u00a1Es 1 minuto!<\/strong><\/p>\n\t\t\t\t\t\t\t\t<\/div>\n\t\t\t\t<\/div>\n\t\t\t\t<div class=\"elementor-element elementor-element-ee01a1d elementor-widget elementor-widget-hubspot-form\" data-id=\"ee01a1d\" data-element_type=\"widget\" data-widget_type=\"hubspot-form.default\">\n\t\t\t\t<div class=\"elementor-widget-container\">\n\t\t\t\t\t\n\t\t\t\t\t\t<script>\n\t\t\t\t\t\t\twindow.hsFormsOnReady = window.hsFormsOnReady || [];\n\t\t\t\t\t\t\twindow.hsFormsOnReady.push(()=>{\n\t\t\t\t\t\t\t\thbspt.forms.create({\n\t\t\t\t\t\t\t\t\tportalId: 6234568,\n\t\t\t\t\t\t\t\t\tformId: \"d072f4bd-4aba-4c9a-8f3d-d8ff8f953936\",\n\t\t\t\t\t\t\t\t\ttarget: \"#hbspt-form-1777669329000-4215470768\",\n\t\t\t\t\t\t\t\t\tregion: \"na1\",\n\t\t\t\t\t\t\t\t\t\n\t\t\t\t\t\t\t})});\n\t\t\t\t\t\t<\/script>\n\t\t\t\t\t\t<div class=\"hbspt-form\" id=\"hbspt-form-1777669329000-4215470768\"><\/div>\t\t\t\t<\/div>\n\t\t\t\t<\/div>\n\t\t\t\t<div class=\"elementor-element elementor-element-c8e3e07 elementor-widget elementor-widget-text-editor\" data-id=\"c8e3e07\" data-element_type=\"widget\" data-widget_type=\"text-editor.default\">\n\t\t\t\t<div class=\"elementor-widget-container\">\n\t\t\t\t\t\t\t\t\t<p>Un experto analizar\u00e1 las necesidades de tu gimnasio y te mostrar\u00e1 c\u00f3mo Resawod puede ayudarte.<\/p>\n<p>Ver\u00e1s en directo c\u00f3mo gestionar tu gimnasio de manera m\u00e1s eficiente.<\/p>\n<p>Resolver\u00e1s todas tus dudas al momento<\/p>\n\t\t\t\t\t\t\t\t<\/div>\n\t\t\t\t<\/div>\n\t\t\t\t<\/div>\n\t\t<div class=\"elementor-element elementor-element-f20792d e-flex e-con-boxed e-con e-child\" data-id=\"f20792d\" data-element_type=\"container\">\n\t\t\t\t\t<div class=\"e-con-inner\">\n\t\t\t\t\t<\/div>\n\t\t\t\t<\/div>\n\t\t\t\t<\/div>\n\t\t\t\t<\/div>\n\t\t\t\t<\/div>\n\t\t","protected":false},"excerpt":{"rendered":"<p>Reserva tu demo Un experto analizar\u00e1 las necesidades de tu gimnasio y te mostrar\u00e1 c\u00f3mo Resawod puede ayudarte. Ver\u00e1s en directo c\u00f3mo gestionar tu gimnasio de manera m\u00e1s eficiente. Resolver\u00e1s todas tus dudas al momento Rellena el formulario y agenda tu sesi\u00f3n personalizada con un especialista. \u00a1Es 1 minuto! Reserva tu demo Rellena el formulario [&hellip;]<\/p>\n","protected":false},"author":3,"featured_media":0,"parent":0,"menu_order":0,"comment_status":"closed","ping_status":"closed","template":"","meta":{"content-type":"","footnotes":""},"class_list":["post-31144","page","type-page","status-publish","hentry"],"yoast_head":"<!-- This site is optimized with the Yoast SEO plugin v25.7 - https:\/\/yoast.com\/wordpress\/plugins\/seo\/ -->\n<title>Resawod - Demo<\/title>\n<meta name=\"description\" content=\"Software de gesti\u00f3n para gimnasio. Agenda tu demo gratuita en 1 minuto y optimiza la administraci\u00f3n de tu gimnasio.\" \/>\n<meta name=\"robots\" content=\"index, follow, max-snippet:-1, max-image-preview:large, max-video-preview:-1\" \/>\n<link rel=\"canonical\" href=\"https:\/\/resawod.com\/es\/demo\/\" \/>\n<meta property=\"og:locale\" content=\"es_ES\" \/>\n<meta property=\"og:type\" content=\"article\" \/>\n<meta property=\"og:title\" content=\"Resawod - Demo\" \/>\n<meta property=\"og:description\" content=\"Software de gesti\u00f3n para gimnasio. Agenda tu demo gratuita en 1 minuto y optimiza la administraci\u00f3n de tu gimnasio.\" \/>\n<meta property=\"og:url\" content=\"https:\/\/resawod.com\/es\/demo\/\" \/>\n<meta property=\"og:site_name\" content=\"Resawod\" \/>\n<meta property=\"article:modified_time\" content=\"2026-04-28T10:56:10+00:00\" \/>\n<meta property=\"og:image\" content=\"https:\/\/resawod.com\/wp-content\/uploads\/sites\/7\/2025\/06\/Porque-RW_logos.png\" \/>\n\t<meta property=\"og:image:width\" content=\"896\" \/>\n\t<meta property=\"og:image:height\" content=\"96\" \/>\n\t<meta property=\"og:image:type\" content=\"image\/png\" \/>\n<meta name=\"twitter:card\" content=\"summary_large_image\" \/>\n<meta name=\"twitter:label1\" content=\"Tiempo de lectura\" \/>\n\t<meta name=\"twitter:data1\" content=\"1 minuto\" \/>\n<script type=\"application\/ld+json\" class=\"yoast-schema-graph\">{\"@context\":\"https:\/\/schema.org\",\"@graph\":[{\"@type\":\"WebPage\",\"@id\":\"https:\/\/resawod.com\/es\/demo\/\",\"url\":\"https:\/\/resawod.com\/es\/demo\/\",\"name\":\"Resawod - Demo\",\"isPartOf\":{\"@id\":\"https:\/\/resawod.com\/es\/#website\"},\"primaryImageOfPage\":{\"@id\":\"https:\/\/resawod.com\/es\/demo\/#primaryimage\"},\"image\":{\"@id\":\"https:\/\/resawod.com\/es\/demo\/#primaryimage\"},\"thumbnailUrl\":\"https:\/\/resawod.com\/wp-content\/uploads\/sites\/7\/2025\/06\/Porque-RW_logos.png\",\"datePublished\":\"2025-07-15T10:03:35+00:00\",\"dateModified\":\"2026-04-28T10:56:10+00:00\",\"description\":\"Software de gesti\u00f3n para gimnasio. Agenda tu demo gratuita en 1 minuto y optimiza la administraci\u00f3n de tu gimnasio.\",\"breadcrumb\":{\"@id\":\"https:\/\/resawod.com\/es\/demo\/#breadcrumb\"},\"inLanguage\":\"es\",\"potentialAction\":[{\"@type\":\"ReadAction\",\"target\":[\"https:\/\/resawod.com\/es\/demo\/\"]}]},{\"@type\":\"ImageObject\",\"inLanguage\":\"es\",\"@id\":\"https:\/\/resawod.com\/es\/demo\/#primaryimage\",\"url\":\"https:\/\/resawod.com\/wp-content\/uploads\/sites\/7\/2025\/06\/Porque-RW_logos.png\",\"contentUrl\":\"https:\/\/resawod.com\/wp-content\/uploads\/sites\/7\/2025\/06\/Porque-RW_logos.png\"},{\"@type\":\"BreadcrumbList\",\"@id\":\"https:\/\/resawod.com\/es\/demo\/#breadcrumb\",\"itemListElement\":[{\"@type\":\"ListItem\",\"position\":1,\"name\":\"Portada\",\"item\":\"https:\/\/resawod.com\/es\/\"},{\"@type\":\"ListItem\",\"position\":2,\"name\":\"Demo\"}]},{\"@type\":\"WebSite\",\"@id\":\"https:\/\/resawod.com\/es\/#website\",\"url\":\"https:\/\/resawod.com\/es\/\",\"name\":\"Resawod\",\"description\":\"\",\"publisher\":{\"@id\":\"https:\/\/resawod.com\/es\/#organization\"},\"potentialAction\":[{\"@type\":\"SearchAction\",\"target\":{\"@type\":\"EntryPoint\",\"urlTemplate\":\"https:\/\/resawod.com\/es\/?s={search_term_string}\"},\"query-input\":{\"@type\":\"PropertyValueSpecification\",\"valueRequired\":true,\"valueName\":\"search_term_string\"}}],\"inLanguage\":\"es\"},{\"@type\":\"Organization\",\"@id\":\"https:\/\/resawod.com\/es\/#organization\",\"name\":\"Resawod\",\"url\":\"https:\/\/resawod.com\/es\/\",\"logo\":{\"@type\":\"ImageObject\",\"inLanguage\":\"es\",\"@id\":\"https:\/\/resawod.com\/es\/#\/schema\/logo\/image\/\",\"url\":\"https:\/\/resawod.com\/wp-content\/uploads\/sites\/7\/2025\/06\/resawod_Sitelogo.svg\",\"contentUrl\":\"https:\/\/resawod.com\/wp-content\/uploads\/sites\/7\/2025\/06\/resawod_Sitelogo.svg\",\"width\":350,\"height\":65,\"caption\":\"Resawod\"},\"image\":{\"@id\":\"https:\/\/resawod.com\/es\/#\/schema\/logo\/image\/\"}}]}<\/script>\n<!-- \/ Yoast SEO plugin. -->","yoast_head_json":{"title":"Resawod - Demo","description":"Software de gesti\u00f3n para gimnasio. Agenda tu demo gratuita en 1 minuto y optimiza la administraci\u00f3n de tu gimnasio.","robots":{"index":"index","follow":"follow","max-snippet":"max-snippet:-1","max-image-preview":"max-image-preview:large","max-video-preview":"max-video-preview:-1"},"canonical":"https:\/\/resawod.com\/es\/demo\/","og_locale":"es_ES","og_type":"article","og_title":"Resawod - Demo","og_description":"Software de gesti\u00f3n para gimnasio. Agenda tu demo gratuita en 1 minuto y optimiza la administraci\u00f3n de tu gimnasio.","og_url":"https:\/\/resawod.com\/es\/demo\/","og_site_name":"Resawod","article_modified_time":"2026-04-28T10:56:10+00:00","og_image":[{"width":896,"height":96,"url":"https:\/\/resawod.com\/wp-content\/uploads\/sites\/7\/2025\/06\/Porque-RW_logos.png","type":"image\/png"}],"twitter_card":"summary_large_image","twitter_misc":{"Tiempo de lectura":"1 minuto"},"schema":{"@context":"https:\/\/schema.org","@graph":[{"@type":"WebPage","@id":"https:\/\/resawod.com\/es\/demo\/","url":"https:\/\/resawod.com\/es\/demo\/","name":"Resawod - Demo","isPartOf":{"@id":"https:\/\/resawod.com\/es\/#website"},"primaryImageOfPage":{"@id":"https:\/\/resawod.com\/es\/demo\/#primaryimage"},"image":{"@id":"https:\/\/resawod.com\/es\/demo\/#primaryimage"},"thumbnailUrl":"https:\/\/resawod.com\/wp-content\/uploads\/sites\/7\/2025\/06\/Porque-RW_logos.png","datePublished":"2025-07-15T10:03:35+00:00","dateModified":"2026-04-28T10:56:10+00:00","description":"Software de gesti\u00f3n para gimnasio. Agenda tu demo gratuita en 1 minuto y optimiza la administraci\u00f3n de tu gimnasio.","breadcrumb":{"@id":"https:\/\/resawod.com\/es\/demo\/#breadcrumb"},"inLanguage":"es","potentialAction":[{"@type":"ReadAction","target":["https:\/\/resawod.com\/es\/demo\/"]}]},{"@type":"ImageObject","inLanguage":"es","@id":"https:\/\/resawod.com\/es\/demo\/#primaryimage","url":"https:\/\/resawod.com\/wp-content\/uploads\/sites\/7\/2025\/06\/Porque-RW_logos.png","contentUrl":"https:\/\/resawod.com\/wp-content\/uploads\/sites\/7\/2025\/06\/Porque-RW_logos.png"},{"@type":"BreadcrumbList","@id":"https:\/\/resawod.com\/es\/demo\/#breadcrumb","itemListElement":[{"@type":"ListItem","position":1,"name":"Portada","item":"https:\/\/resawod.com\/es\/"},{"@type":"ListItem","position":2,"name":"Demo"}]},{"@type":"WebSite","@id":"https:\/\/resawod.com\/es\/#website","url":"https:\/\/resawod.com\/es\/","name":"Resawod","description":"","publisher":{"@id":"https:\/\/resawod.com\/es\/#organization"},"potentialAction":[{"@type":"SearchAction","target":{"@type":"EntryPoint","urlTemplate":"https:\/\/resawod.com\/es\/?s={search_term_string}"},"query-input":{"@type":"PropertyValueSpecification","valueRequired":true,"valueName":"search_term_string"}}],"inLanguage":"es"},{"@type":"Organization","@id":"https:\/\/resawod.com\/es\/#organization","name":"Resawod","url":"https:\/\/resawod.com\/es\/","logo":{"@type":"ImageObject","inLanguage":"es","@id":"https:\/\/resawod.com\/es\/#\/schema\/logo\/image\/","url":"https:\/\/resawod.com\/wp-content\/uploads\/sites\/7\/2025\/06\/resawod_Sitelogo.svg","contentUrl":"https:\/\/resawod.com\/wp-content\/uploads\/sites\/7\/2025\/06\/resawod_Sitelogo.svg","width":350,"height":65,"caption":"Resawod"},"image":{"@id":"https:\/\/resawod.com\/es\/#\/schema\/logo\/image\/"}}]}},"_links":{"self":[{"href":"https:\/\/resawod.com\/es\/wp-json\/wp\/v2\/pages\/31144","targetHints":{"allow":["GET"]}}],"collection":[{"href":"https:\/\/resawod.com\/es\/wp-json\/wp\/v2\/pages"}],"about":[{"href":"https:\/\/resawod.com\/es\/wp-json\/wp\/v2\/types\/page"}],"author":[{"embeddable":true,"href":"https:\/\/resawod.com\/es\/wp-json\/wp\/v2\/users\/3"}],"replies":[{"embeddable":true,"href":"https:\/\/resawod.com\/es\/wp-json\/wp\/v2\/comments?post=31144"}],"version-history":[{"count":15,"href":"https:\/\/resawod.com\/es\/wp-json\/wp\/v2\/pages\/31144\/revisions"}],"predecessor-version":[{"id":36084,"href":"https:\/\/resawod.com\/es\/wp-json\/wp\/v2\/pages\/31144\/revisions\/36084"}],"wp:attachment":[{"href":"https:\/\/resawod.com\/es\/wp-json\/wp\/v2\/media?parent=31144"}],"curies":[{"name":"wp","href":"https:\/\/api.w.org\/{rel}","templated":true}]}}