{"id":31812,"date":"2025-07-21T07:50:46","date_gmt":"2025-07-21T07:50:46","guid":{"rendered":"https:\/\/resawod.com\/descarga-tu-ebook-kpis-para-tu-box\/"},"modified":"2025-07-21T08:18:09","modified_gmt":"2025-07-21T08:18:09","slug":"kpi-box","status":"publish","type":"page","link":"https:\/\/resawod.com\/es\/kpi-box\/","title":{"rendered":"Descarga tu ebook KPIs para tu gimnasio"},"content":{"rendered":"\t\t<div data-elementor-type=\"wp-page\" data-elementor-id=\"31812\" class=\"elementor elementor-31812 elementor-31738\" data-elementor-post-type=\"page\">\n\t\t\t\t<div class=\"elementor-element elementor-element-1ee33a2 e-con-full e-flex e-con e-parent\" data-id=\"1ee33a2\" data-element_type=\"container\" data-settings=\"{&quot;background_background&quot;:&quot;classic&quot;}\">\n\t\t<div class=\"elementor-element elementor-element-fcc3c9f e-grid e-con-boxed e-con e-child\" data-id=\"fcc3c9f\" data-element_type=\"container\" data-settings=\"{&quot;background_background&quot;:&quot;gradient&quot;}\">\n\t\t\t\t\t<div class=\"e-con-inner\">\n\t\t<div class=\"elementor-element elementor-element-5729bd6 e-grid e-con-full e-con e-child\" data-id=\"5729bd6\" data-element_type=\"container\">\n\t\t\t\t<\/div>\n\t\t<div class=\"elementor-element elementor-element-7e560cf e-con-full e-flex e-con e-child\" data-id=\"7e560cf\" data-element_type=\"container\" data-settings=\"{&quot;background_background&quot;:&quot;classic&quot;}\">\n\t\t<div class=\"elementor-element elementor-element-ad4d61d e-con-full e-flex e-con e-child\" data-id=\"ad4d61d\" data-element_type=\"container\" data-settings=\"{&quot;background_background&quot;:&quot;gradient&quot;}\">\n\t\t\t\t<div class=\"elementor-element elementor-element-d11d540 elementor-widget elementor-widget-heading\" data-id=\"d11d540\" data-element_type=\"widget\" data-widget_type=\"heading.default\">\n\t\t\t\t<div class=\"elementor-widget-container\">\n\t\t\t\t\t<h2 class=\"elementor-heading-title elementor-size-default\">DESCARGA GRATIS<\/h2>\t\t\t\t<\/div>\n\t\t\t\t<\/div>\n\t\t\t\t<\/div>\n\t\t\t\t<div class=\"elementor-element elementor-element-1f57d3e elementor-widget elementor-widget-heading\" data-id=\"1f57d3e\" data-element_type=\"widget\" data-widget_type=\"heading.default\">\n\t\t\t\t<div class=\"elementor-widget-container\">\n\t\t\t\t\t<h2 class=\"elementor-heading-title elementor-size-default\">\u00bfEst\u00e1s sacando el m\u00e1ximo partido a tu gimnasio?<\/h2>\t\t\t\t<\/div>\n\t\t\t\t<\/div>\n\t\t\t\t<div class=\"elementor-element elementor-element-0ff0a3b elementor-widget elementor-widget-text-editor\" data-id=\"0ff0a3b\" data-element_type=\"widget\" data-widget_type=\"text-editor.default\">\n\t\t\t\t<div class=\"elementor-widget-container\">\n\t\t\t\t\t\t\t\t\t<p>\u00a1Cons\u00edguelo con nuestra\u00a0Gu\u00eda con los KPI\u2019s esenciales para tu gimnasio!<\/p>\n\t\t\t\t\t\t\t\t<\/div>\n\t\t\t\t<\/div>\n\t\t\t\t<div class=\"elementor-element elementor-element-7548067 elementor-widget elementor-widget-hubspot-form\" data-id=\"7548067\" data-element_type=\"widget\" data-widget_type=\"hubspot-form.default\">\n\t\t\t\t<div class=\"elementor-widget-container\">\n\t\t\t\t\t\n\t\t\t\t\t<script>\n\t\t\t\t\t\twindow.hsFormsOnReady = window.hsFormsOnReady || [];\n\t\t\t\t\t\twindow.hsFormsOnReady.push(()=>{\n\t\t\t\t\t\t\thbspt.forms.create({\n\t\t\t\t\t\t\t\tportalId: 6234568,\n\t\t\t\t\t\t\t\tformId: \"319393a6-983c-4ffa-b69c-09f94ca41e56\",\n\t\t\t\t\t\t\t\ttarget: \"#hbspt-form-1775566400000-6369353548\",\n\t\t\t\t\t\t\t\tregion: \"na1\",\n\t\t\t\t\t\t\t\t\n\t\t\t\t\t\t})});\n\t\t\t\t\t<\/script>\n\t\t\t\t\t<div class=\"hbspt-form\" id=\"hbspt-form-1775566400000-6369353548\"><\/div>\t\t\t\t<\/div>\n\t\t\t\t<\/div>\n\t\t\t\t<\/div>\n\t\t\t\t\t<\/div>\n\t\t\t\t<\/div>\n\t\t\t\t<\/div>\n\t\t\t\t<\/div>\n\t\t","protected":false},"excerpt":{"rendered":"<p>Los datos est\u00e1n en todas partes y son valiosos. Est\u00e1n flotando alrededor de tu box y est\u00e1n esperando a que los utilices. Aprende a hacerlo con esta gu\u00eda sobre los KPI\u2019s que todo box deber\u00eda analizar.<\/p>\n","protected":false},"author":9,"featured_media":0,"parent":0,"menu_order":0,"comment_status":"closed","ping_status":"closed","template":"","meta":{"content-type":"","footnotes":""},"class_list":["post-31812","page","type-page","status-publish","hentry"],"yoast_head":"<!-- This site is optimized with the Yoast SEO plugin v25.7 - https:\/\/yoast.com\/wordpress\/plugins\/seo\/ -->\n<title>Descarga tu ebook de KPI&#039;s para tu gimnasio<\/title>\n<meta name=\"description\" content=\"Aprende a analizar y controlar KPIs de tu gimnasio con este ebook. \u00a1Descarga gratis!\" \/>\n<meta name=\"robots\" content=\"index, follow, max-snippet:-1, max-image-preview:large, max-video-preview:-1\" \/>\n<link rel=\"canonical\" href=\"https:\/\/resawod.com\/es\/kpi-box\/\" \/>\n<meta property=\"og:locale\" content=\"es_ES\" \/>\n<meta property=\"og:type\" content=\"article\" \/>\n<meta property=\"og:title\" content=\"Descarga tu ebook de KPI&#039;s para tu gimnasio\" \/>\n<meta property=\"og:description\" content=\"Aprende a analizar y controlar KPIs de tu gimnasio con este ebook. \u00a1Descarga gratis!\" \/>\n<meta property=\"og:url\" content=\"https:\/\/resawod.com\/es\/kpi-box\/\" \/>\n<meta property=\"og:site_name\" content=\"Resawod\" \/>\n<meta property=\"article:modified_time\" content=\"2025-07-21T08:18:09+00:00\" \/>\n<meta name=\"twitter:card\" content=\"summary_large_image\" \/>\n<script type=\"application\/ld+json\" class=\"yoast-schema-graph\">{\"@context\":\"https:\/\/schema.org\",\"@graph\":[{\"@type\":\"WebPage\",\"@id\":\"https:\/\/resawod.com\/es\/kpi-box\/\",\"url\":\"https:\/\/resawod.com\/es\/kpi-box\/\",\"name\":\"Descarga tu ebook de KPI's para tu gimnasio\",\"isPartOf\":{\"@id\":\"https:\/\/resawod.com\/es\/#website\"},\"datePublished\":\"2025-07-21T07:50:46+00:00\",\"dateModified\":\"2025-07-21T08:18:09+00:00\",\"description\":\"Aprende a analizar y controlar KPIs de tu gimnasio con este ebook. \u00a1Descarga gratis!\",\"breadcrumb\":{\"@id\":\"https:\/\/resawod.com\/es\/kpi-box\/#breadcrumb\"},\"inLanguage\":\"es\",\"potentialAction\":[{\"@type\":\"ReadAction\",\"target\":[\"https:\/\/resawod.com\/es\/kpi-box\/\"]}]},{\"@type\":\"BreadcrumbList\",\"@id\":\"https:\/\/resawod.com\/es\/kpi-box\/#breadcrumb\",\"itemListElement\":[{\"@type\":\"ListItem\",\"position\":1,\"name\":\"Portada\",\"item\":\"https:\/\/resawod.com\/es\/\"},{\"@type\":\"ListItem\",\"position\":2,\"name\":\"Descarga tu ebook KPIs para tu gimnasio\"}]},{\"@type\":\"WebSite\",\"@id\":\"https:\/\/resawod.com\/es\/#website\",\"url\":\"https:\/\/resawod.com\/es\/\",\"name\":\"Resawod\",\"description\":\"\",\"publisher\":{\"@id\":\"https:\/\/resawod.com\/es\/#organization\"},\"potentialAction\":[{\"@type\":\"SearchAction\",\"target\":{\"@type\":\"EntryPoint\",\"urlTemplate\":\"https:\/\/resawod.com\/es\/?s={search_term_string}\"},\"query-input\":{\"@type\":\"PropertyValueSpecification\",\"valueRequired\":true,\"valueName\":\"search_term_string\"}}],\"inLanguage\":\"es\"},{\"@type\":\"Organization\",\"@id\":\"https:\/\/resawod.com\/es\/#organization\",\"name\":\"Resawod\",\"url\":\"https:\/\/resawod.com\/es\/\",\"logo\":{\"@type\":\"ImageObject\",\"inLanguage\":\"es\",\"@id\":\"https:\/\/resawod.com\/es\/#\/schema\/logo\/image\/\",\"url\":\"https:\/\/resawod.com\/wp-content\/uploads\/sites\/7\/2025\/06\/resawod_Sitelogo.svg\",\"contentUrl\":\"https:\/\/resawod.com\/wp-content\/uploads\/sites\/7\/2025\/06\/resawod_Sitelogo.svg\",\"width\":350,\"height\":65,\"caption\":\"Resawod\"},\"image\":{\"@id\":\"https:\/\/resawod.com\/es\/#\/schema\/logo\/image\/\"}}]}<\/script>\n<!-- \/ Yoast SEO plugin. -->","yoast_head_json":{"title":"Descarga tu ebook de KPI's para tu gimnasio","description":"Aprende a analizar y controlar KPIs de tu gimnasio con este ebook. \u00a1Descarga gratis!","robots":{"index":"index","follow":"follow","max-snippet":"max-snippet:-1","max-image-preview":"max-image-preview:large","max-video-preview":"max-video-preview:-1"},"canonical":"https:\/\/resawod.com\/es\/kpi-box\/","og_locale":"es_ES","og_type":"article","og_title":"Descarga tu ebook de KPI's para tu gimnasio","og_description":"Aprende a analizar y controlar KPIs de tu gimnasio con este ebook. \u00a1Descarga gratis!","og_url":"https:\/\/resawod.com\/es\/kpi-box\/","og_site_name":"Resawod","article_modified_time":"2025-07-21T08:18:09+00:00","twitter_card":"summary_large_image","schema":{"@context":"https:\/\/schema.org","@graph":[{"@type":"WebPage","@id":"https:\/\/resawod.com\/es\/kpi-box\/","url":"https:\/\/resawod.com\/es\/kpi-box\/","name":"Descarga tu ebook de KPI's para tu gimnasio","isPartOf":{"@id":"https:\/\/resawod.com\/es\/#website"},"datePublished":"2025-07-21T07:50:46+00:00","dateModified":"2025-07-21T08:18:09+00:00","description":"Aprende a analizar y controlar KPIs de tu gimnasio con este ebook. \u00a1Descarga gratis!","breadcrumb":{"@id":"https:\/\/resawod.com\/es\/kpi-box\/#breadcrumb"},"inLanguage":"es","potentialAction":[{"@type":"ReadAction","target":["https:\/\/resawod.com\/es\/kpi-box\/"]}]},{"@type":"BreadcrumbList","@id":"https:\/\/resawod.com\/es\/kpi-box\/#breadcrumb","itemListElement":[{"@type":"ListItem","position":1,"name":"Portada","item":"https:\/\/resawod.com\/es\/"},{"@type":"ListItem","position":2,"name":"Descarga tu ebook KPIs para tu gimnasio"}]},{"@type":"WebSite","@id":"https:\/\/resawod.com\/es\/#website","url":"https:\/\/resawod.com\/es\/","name":"Resawod","description":"","publisher":{"@id":"https:\/\/resawod.com\/es\/#organization"},"potentialAction":[{"@type":"SearchAction","target":{"@type":"EntryPoint","urlTemplate":"https:\/\/resawod.com\/es\/?s={search_term_string}"},"query-input":{"@type":"PropertyValueSpecification","valueRequired":true,"valueName":"search_term_string"}}],"inLanguage":"es"},{"@type":"Organization","@id":"https:\/\/resawod.com\/es\/#organization","name":"Resawod","url":"https:\/\/resawod.com\/es\/","logo":{"@type":"ImageObject","inLanguage":"es","@id":"https:\/\/resawod.com\/es\/#\/schema\/logo\/image\/","url":"https:\/\/resawod.com\/wp-content\/uploads\/sites\/7\/2025\/06\/resawod_Sitelogo.svg","contentUrl":"https:\/\/resawod.com\/wp-content\/uploads\/sites\/7\/2025\/06\/resawod_Sitelogo.svg","width":350,"height":65,"caption":"Resawod"},"image":{"@id":"https:\/\/resawod.com\/es\/#\/schema\/logo\/image\/"}}]}},"_links":{"self":[{"href":"https:\/\/resawod.com\/es\/wp-json\/wp\/v2\/pages\/31812","targetHints":{"allow":["GET"]}}],"collection":[{"href":"https:\/\/resawod.com\/es\/wp-json\/wp\/v2\/pages"}],"about":[{"href":"https:\/\/resawod.com\/es\/wp-json\/wp\/v2\/types\/page"}],"author":[{"embeddable":true,"href":"https:\/\/resawod.com\/es\/wp-json\/wp\/v2\/users\/9"}],"replies":[{"embeddable":true,"href":"https:\/\/resawod.com\/es\/wp-json\/wp\/v2\/comments?post=31812"}],"version-history":[{"count":3,"href":"https:\/\/resawod.com\/es\/wp-json\/wp\/v2\/pages\/31812\/revisions"}],"predecessor-version":[{"id":31855,"href":"https:\/\/resawod.com\/es\/wp-json\/wp\/v2\/pages\/31812\/revisions\/31855"}],"wp:attachment":[{"href":"https:\/\/resawod.com\/es\/wp-json\/wp\/v2\/media?parent=31812"}],"curies":[{"name":"wp","href":"https:\/\/api.w.org\/{rel}","templated":true}]}}