{"id":34455,"date":"2025-10-06T08:37:16","date_gmt":"2025-10-06T08:37:16","guid":{"rendered":"https:\/\/resawod.com\/descargar-guia-programacion-experiencias\/"},"modified":"2025-10-07T07:26:56","modified_gmt":"2025-10-07T07:26:56","slug":"descargar-guia-programacion-experiencias","status":"publish","type":"page","link":"https:\/\/resawod.com\/es\/descargar-guia-programacion-experiencias\/","title":{"rendered":"Descargar \u2013 De entrenamientos a experiencias"},"content":{"rendered":"\t\t<div data-elementor-type=\"wp-page\" data-elementor-id=\"34455\" class=\"elementor elementor-34455 elementor-32105\" data-elementor-post-type=\"page\">\n\t\t\t\t<div class=\"elementor-element elementor-element-1ee33a2 e-con-full e-flex e-con e-parent\" data-id=\"1ee33a2\" data-element_type=\"container\" data-settings=\"{&quot;background_background&quot;:&quot;classic&quot;}\">\n\t\t<div class=\"elementor-element elementor-element-fcc3c9f e-grid e-con-boxed e-con e-child\" data-id=\"fcc3c9f\" data-element_type=\"container\" data-settings=\"{&quot;background_background&quot;:&quot;gradient&quot;}\">\n\t\t\t\t\t<div class=\"e-con-inner\">\n\t\t<div class=\"elementor-element elementor-element-5729bd6 e-grid e-con-full e-con e-child\" data-id=\"5729bd6\" data-element_type=\"container\">\n\t\t\t\t<\/div>\n\t\t<div class=\"elementor-element elementor-element-7e560cf e-con-full e-flex e-con e-child\" data-id=\"7e560cf\" data-element_type=\"container\" data-settings=\"{&quot;background_background&quot;:&quot;classic&quot;}\">\n\t\t<div class=\"elementor-element elementor-element-ad4d61d e-con-full e-flex e-con e-child\" data-id=\"ad4d61d\" data-element_type=\"container\" data-settings=\"{&quot;background_background&quot;:&quot;gradient&quot;}\">\n\t\t\t\t<div class=\"elementor-element elementor-element-d11d540 elementor-widget elementor-widget-heading\" data-id=\"d11d540\" data-element_type=\"widget\" data-widget_type=\"heading.default\">\n\t\t\t\t<div class=\"elementor-widget-container\">\n\t\t\t\t\t<h2 class=\"elementor-heading-title elementor-size-default\">DESCARGA GRATIS<\/h2>\t\t\t\t<\/div>\n\t\t\t\t<\/div>\n\t\t\t\t<\/div>\n\t\t\t\t<div class=\"elementor-element elementor-element-1f57d3e elementor-widget elementor-widget-heading\" data-id=\"1f57d3e\" data-element_type=\"widget\" data-widget_type=\"heading.default\">\n\t\t\t\t<div class=\"elementor-widget-container\">\n\t\t\t\t\t<h2 class=\"elementor-heading-title elementor-size-default\">De entrenamientos a experiencias: c\u00f3mo destacar con tu programaci\u00f3n<\/h2>\t\t\t\t<\/div>\n\t\t\t\t<\/div>\n\t\t\t\t<div class=\"elementor-element elementor-element-0ff0a3b elementor-widget elementor-widget-text-editor\" data-id=\"0ff0a3b\" data-element_type=\"widget\" data-widget_type=\"text-editor.default\">\n\t\t\t\t<div class=\"elementor-widget-container\">\n\t\t\t\t\t\t\t\t\t<p>Descarga gratis nuestra gu\u00eda y descubre c\u00f3mo transformar tu programaci\u00f3n en la herramienta que diferencie a tu gimnasio.<\/p>\n\t\t\t\t\t\t\t\t<\/div>\n\t\t\t\t<\/div>\n\t\t\t\t<div class=\"elementor-element elementor-element-7548067 elementor-widget elementor-widget-hubspot-form\" data-id=\"7548067\" data-element_type=\"widget\" data-widget_type=\"hubspot-form.default\">\n\t\t\t\t<div class=\"elementor-widget-container\">\n\t\t\t\t\t\n\t\t\t\t\t<script>\n\t\t\t\t\t\twindow.hsFormsOnReady = window.hsFormsOnReady || [];\n\t\t\t\t\t\twindow.hsFormsOnReady.push(()=>{\n\t\t\t\t\t\t\thbspt.forms.create({\n\t\t\t\t\t\t\t\tportalId: 6234568,\n\t\t\t\t\t\t\t\tformId: \"7e86fe02-7071-4529-810f-e33d9733b928\",\n\t\t\t\t\t\t\t\ttarget: \"#hbspt-form-1775774794000-4166940104\",\n\t\t\t\t\t\t\t\tregion: \"na1\",\n\t\t\t\t\t\t\t\t\n\t\t\t\t\t\t})});\n\t\t\t\t\t<\/script>\n\t\t\t\t\t<div class=\"hbspt-form\" id=\"hbspt-form-1775774794000-4166940104\"><\/div>\t\t\t\t<\/div>\n\t\t\t\t<\/div>\n\t\t\t\t<\/div>\n\t\t\t\t\t<\/div>\n\t\t\t\t<\/div>\n\t\t\t\t<\/div>\n\t\t\t\t<\/div>\n\t\t","protected":false},"excerpt":{"rendered":"<p>Descarga gratis nuestra gu\u00eda y descubre c\u00f3mo convertir tu programaci\u00f3n de entrenamientos en la clave para diferenciar y hacer crecer tu gimnasio.<\/p>\n","protected":false},"author":9,"featured_media":34428,"parent":0,"menu_order":0,"comment_status":"closed","ping_status":"closed","template":"","meta":{"content-type":"","footnotes":""},"class_list":["post-34455","page","type-page","status-publish","has-post-thumbnail","hentry"],"yoast_head":"<!-- This site is optimized with the Yoast SEO plugin v25.7 - https:\/\/yoast.com\/wordpress\/plugins\/seo\/ -->\n<title>De entrenamientos a experiencias: gu\u00eda gratuita<\/title>\n<meta name=\"description\" content=\"Descarga gratis nuestra gu\u00eda y descubre c\u00f3mo convertir tu programaci\u00f3n de entrenamientos en la clave para diferenciar y hacer crecer tu gimnasio.\" \/>\n<meta name=\"robots\" content=\"index, follow, max-snippet:-1, max-image-preview:large, max-video-preview:-1\" \/>\n<link rel=\"canonical\" href=\"https:\/\/resawod.com\/es\/descargar-guia-programacion-experiencias\/\" \/>\n<meta property=\"og:locale\" content=\"es_ES\" \/>\n<meta property=\"og:type\" content=\"article\" \/>\n<meta property=\"og:title\" content=\"De entrenamientos a experiencias: gu\u00eda gratuita\" \/>\n<meta property=\"og:description\" content=\"Descarga gratis nuestra gu\u00eda y descubre c\u00f3mo convertir tu programaci\u00f3n de entrenamientos en la clave para diferenciar y hacer crecer tu gimnasio.\" \/>\n<meta property=\"og:url\" content=\"https:\/\/resawod.com\/es\/descargar-guia-programacion-experiencias\/\" \/>\n<meta property=\"og:site_name\" content=\"Resawod\" \/>\n<meta property=\"article:modified_time\" content=\"2025-10-07T07:26:56+00:00\" \/>\n<meta property=\"og:image\" content=\"https:\/\/resawod.com\/wp-content\/uploads\/sites\/7\/2025\/10\/1-2.png\" \/>\n\t<meta property=\"og:image:width\" content=\"1080\" \/>\n\t<meta property=\"og:image:height\" content=\"1080\" \/>\n\t<meta property=\"og:image:type\" content=\"image\/png\" \/>\n<meta name=\"twitter:card\" content=\"summary_large_image\" \/>\n<script type=\"application\/ld+json\" class=\"yoast-schema-graph\">{\"@context\":\"https:\/\/schema.org\",\"@graph\":[{\"@type\":\"WebPage\",\"@id\":\"https:\/\/resawod.com\/es\/descargar-guia-programacion-experiencias\/\",\"url\":\"https:\/\/resawod.com\/es\/descargar-guia-programacion-experiencias\/\",\"name\":\"De entrenamientos a experiencias: gu\u00eda gratuita\",\"isPartOf\":{\"@id\":\"https:\/\/resawod.com\/es\/#website\"},\"primaryImageOfPage\":{\"@id\":\"https:\/\/resawod.com\/es\/descargar-guia-programacion-experiencias\/#primaryimage\"},\"image\":{\"@id\":\"https:\/\/resawod.com\/es\/descargar-guia-programacion-experiencias\/#primaryimage\"},\"thumbnailUrl\":\"https:\/\/resawod.com\/wp-content\/uploads\/sites\/7\/2025\/10\/1-2.png\",\"datePublished\":\"2025-10-06T08:37:16+00:00\",\"dateModified\":\"2025-10-07T07:26:56+00:00\",\"description\":\"Descarga gratis nuestra gu\u00eda y descubre c\u00f3mo convertir tu programaci\u00f3n de entrenamientos en la clave para diferenciar y hacer crecer tu gimnasio.\",\"breadcrumb\":{\"@id\":\"https:\/\/resawod.com\/es\/descargar-guia-programacion-experiencias\/#breadcrumb\"},\"inLanguage\":\"es\",\"potentialAction\":[{\"@type\":\"ReadAction\",\"target\":[\"https:\/\/resawod.com\/es\/descargar-guia-programacion-experiencias\/\"]}]},{\"@type\":\"ImageObject\",\"inLanguage\":\"es\",\"@id\":\"https:\/\/resawod.com\/es\/descargar-guia-programacion-experiencias\/#primaryimage\",\"url\":\"https:\/\/resawod.com\/wp-content\/uploads\/sites\/7\/2025\/10\/1-2.png\",\"contentUrl\":\"https:\/\/resawod.com\/wp-content\/uploads\/sites\/7\/2025\/10\/1-2.png\",\"width\":1080,\"height\":1080,\"caption\":\"De entrenamientos a experiencias\"},{\"@type\":\"BreadcrumbList\",\"@id\":\"https:\/\/resawod.com\/es\/descargar-guia-programacion-experiencias\/#breadcrumb\",\"itemListElement\":[{\"@type\":\"ListItem\",\"position\":1,\"name\":\"Portada\",\"item\":\"https:\/\/resawod.com\/es\/\"},{\"@type\":\"ListItem\",\"position\":2,\"name\":\"Descargar \u2013 De entrenamientos a experiencias\"}]},{\"@type\":\"WebSite\",\"@id\":\"https:\/\/resawod.com\/es\/#website\",\"url\":\"https:\/\/resawod.com\/es\/\",\"name\":\"Resawod\",\"description\":\"\",\"publisher\":{\"@id\":\"https:\/\/resawod.com\/es\/#organization\"},\"potentialAction\":[{\"@type\":\"SearchAction\",\"target\":{\"@type\":\"EntryPoint\",\"urlTemplate\":\"https:\/\/resawod.com\/es\/?s={search_term_string}\"},\"query-input\":{\"@type\":\"PropertyValueSpecification\",\"valueRequired\":true,\"valueName\":\"search_term_string\"}}],\"inLanguage\":\"es\"},{\"@type\":\"Organization\",\"@id\":\"https:\/\/resawod.com\/es\/#organization\",\"name\":\"Resawod\",\"url\":\"https:\/\/resawod.com\/es\/\",\"logo\":{\"@type\":\"ImageObject\",\"inLanguage\":\"es\",\"@id\":\"https:\/\/resawod.com\/es\/#\/schema\/logo\/image\/\",\"url\":\"https:\/\/resawod.com\/wp-content\/uploads\/sites\/7\/2025\/06\/resawod_Sitelogo.svg\",\"contentUrl\":\"https:\/\/resawod.com\/wp-content\/uploads\/sites\/7\/2025\/06\/resawod_Sitelogo.svg\",\"width\":350,\"height\":65,\"caption\":\"Resawod\"},\"image\":{\"@id\":\"https:\/\/resawod.com\/es\/#\/schema\/logo\/image\/\"}}]}<\/script>\n<!-- \/ Yoast SEO plugin. -->","yoast_head_json":{"title":"De entrenamientos a experiencias: gu\u00eda gratuita","description":"Descarga gratis nuestra gu\u00eda y descubre c\u00f3mo convertir tu programaci\u00f3n de entrenamientos en la clave para diferenciar y hacer crecer tu gimnasio.","robots":{"index":"index","follow":"follow","max-snippet":"max-snippet:-1","max-image-preview":"max-image-preview:large","max-video-preview":"max-video-preview:-1"},"canonical":"https:\/\/resawod.com\/es\/descargar-guia-programacion-experiencias\/","og_locale":"es_ES","og_type":"article","og_title":"De entrenamientos a experiencias: gu\u00eda gratuita","og_description":"Descarga gratis nuestra gu\u00eda y descubre c\u00f3mo convertir tu programaci\u00f3n de entrenamientos en la clave para diferenciar y hacer crecer tu gimnasio.","og_url":"https:\/\/resawod.com\/es\/descargar-guia-programacion-experiencias\/","og_site_name":"Resawod","article_modified_time":"2025-10-07T07:26:56+00:00","og_image":[{"width":1080,"height":1080,"url":"https:\/\/resawod.com\/wp-content\/uploads\/sites\/7\/2025\/10\/1-2.png","type":"image\/png"}],"twitter_card":"summary_large_image","schema":{"@context":"https:\/\/schema.org","@graph":[{"@type":"WebPage","@id":"https:\/\/resawod.com\/es\/descargar-guia-programacion-experiencias\/","url":"https:\/\/resawod.com\/es\/descargar-guia-programacion-experiencias\/","name":"De entrenamientos a experiencias: gu\u00eda gratuita","isPartOf":{"@id":"https:\/\/resawod.com\/es\/#website"},"primaryImageOfPage":{"@id":"https:\/\/resawod.com\/es\/descargar-guia-programacion-experiencias\/#primaryimage"},"image":{"@id":"https:\/\/resawod.com\/es\/descargar-guia-programacion-experiencias\/#primaryimage"},"thumbnailUrl":"https:\/\/resawod.com\/wp-content\/uploads\/sites\/7\/2025\/10\/1-2.png","datePublished":"2025-10-06T08:37:16+00:00","dateModified":"2025-10-07T07:26:56+00:00","description":"Descarga gratis nuestra gu\u00eda y descubre c\u00f3mo convertir tu programaci\u00f3n de entrenamientos en la clave para diferenciar y hacer crecer tu gimnasio.","breadcrumb":{"@id":"https:\/\/resawod.com\/es\/descargar-guia-programacion-experiencias\/#breadcrumb"},"inLanguage":"es","potentialAction":[{"@type":"ReadAction","target":["https:\/\/resawod.com\/es\/descargar-guia-programacion-experiencias\/"]}]},{"@type":"ImageObject","inLanguage":"es","@id":"https:\/\/resawod.com\/es\/descargar-guia-programacion-experiencias\/#primaryimage","url":"https:\/\/resawod.com\/wp-content\/uploads\/sites\/7\/2025\/10\/1-2.png","contentUrl":"https:\/\/resawod.com\/wp-content\/uploads\/sites\/7\/2025\/10\/1-2.png","width":1080,"height":1080,"caption":"De entrenamientos a experiencias"},{"@type":"BreadcrumbList","@id":"https:\/\/resawod.com\/es\/descargar-guia-programacion-experiencias\/#breadcrumb","itemListElement":[{"@type":"ListItem","position":1,"name":"Portada","item":"https:\/\/resawod.com\/es\/"},{"@type":"ListItem","position":2,"name":"Descargar \u2013 De entrenamientos a experiencias"}]},{"@type":"WebSite","@id":"https:\/\/resawod.com\/es\/#website","url":"https:\/\/resawod.com\/es\/","name":"Resawod","description":"","publisher":{"@id":"https:\/\/resawod.com\/es\/#organization"},"potentialAction":[{"@type":"SearchAction","target":{"@type":"EntryPoint","urlTemplate":"https:\/\/resawod.com\/es\/?s={search_term_string}"},"query-input":{"@type":"PropertyValueSpecification","valueRequired":true,"valueName":"search_term_string"}}],"inLanguage":"es"},{"@type":"Organization","@id":"https:\/\/resawod.com\/es\/#organization","name":"Resawod","url":"https:\/\/resawod.com\/es\/","logo":{"@type":"ImageObject","inLanguage":"es","@id":"https:\/\/resawod.com\/es\/#\/schema\/logo\/image\/","url":"https:\/\/resawod.com\/wp-content\/uploads\/sites\/7\/2025\/06\/resawod_Sitelogo.svg","contentUrl":"https:\/\/resawod.com\/wp-content\/uploads\/sites\/7\/2025\/06\/resawod_Sitelogo.svg","width":350,"height":65,"caption":"Resawod"},"image":{"@id":"https:\/\/resawod.com\/es\/#\/schema\/logo\/image\/"}}]}},"_links":{"self":[{"href":"https:\/\/resawod.com\/es\/wp-json\/wp\/v2\/pages\/34455","targetHints":{"allow":["GET"]}}],"collection":[{"href":"https:\/\/resawod.com\/es\/wp-json\/wp\/v2\/pages"}],"about":[{"href":"https:\/\/resawod.com\/es\/wp-json\/wp\/v2\/types\/page"}],"author":[{"embeddable":true,"href":"https:\/\/resawod.com\/es\/wp-json\/wp\/v2\/users\/9"}],"replies":[{"embeddable":true,"href":"https:\/\/resawod.com\/es\/wp-json\/wp\/v2\/comments?post=34455"}],"version-history":[{"count":3,"href":"https:\/\/resawod.com\/es\/wp-json\/wp\/v2\/pages\/34455\/revisions"}],"predecessor-version":[{"id":34527,"href":"https:\/\/resawod.com\/es\/wp-json\/wp\/v2\/pages\/34455\/revisions\/34527"}],"wp:featuredmedia":[{"embeddable":true,"href":"https:\/\/resawod.com\/es\/wp-json\/wp\/v2\/media\/34428"}],"wp:attachment":[{"href":"https:\/\/resawod.com\/es\/wp-json\/wp\/v2\/media?parent=34455"}],"curies":[{"name":"wp","href":"https:\/\/api.w.org\/{rel}","templated":true}]}}