{"id":36007,"date":"2026-04-28T08:18:23","date_gmt":"2026-04-28T08:18:23","guid":{"rendered":"https:\/\/resawod.com\/sobre-resawod\/"},"modified":"2026-04-28T09:22:29","modified_gmt":"2026-04-28T09:22:29","slug":"sobre-resawod","status":"publish","type":"page","link":"https:\/\/resawod.com\/es\/sobre-resawod\/","title":{"rendered":"Sobre nosotros"},"content":{"rendered":"\t\t<div data-elementor-type=\"wp-page\" data-elementor-id=\"36007\" class=\"elementor elementor-36007 elementor-35922\" data-elementor-post-type=\"page\">\n\t\t\t\t<div class=\"elementor-element elementor-element-6e073ee e-con-full e-flex e-con e-parent\" data-id=\"6e073ee\" data-element_type=\"container\">\n\t\t\t\t<div class=\"elementor-element elementor-element-e91a339 elementor-widget elementor-widget-html\" data-id=\"e91a339\" data-element_type=\"widget\" data-widget_type=\"html.default\">\n\t\t\t\t<div class=\"elementor-widget-container\">\n\t\t\t\t\t<section style=\"font-family:Raleway,sans-serif;background:#EEF0F8;\">\r\n\r\n<!-- HERO -->\r\n<section style=\"padding:80px 0 50px;background:linear-gradient(180deg,#FDF2DE 0%,#EEF0F8 100%);;\">\r\n  <div style=\"max-width:1100px;margin:0 auto;padding:0 40px;display:grid;grid-template-columns:1.1fr .9fr;gap:40px;align-items:center;\">\r\n\r\n    <div>\r\n      <span style=\"display:inline-flex;background:rgba(248,175,32,.12);color:#F8AF20;font-size:12px;font-weight:700;text-transform:uppercase;letter-spacing:.07em;padding:5px 12px;border-radius:999px;margin-bottom:20px;\">\r\n        Sobre Resawod\r\n      <\/span>\r\n\r\n      <h1 style=\"font-size:48px;line-height:1.1;font-weight:800;color:#21405A;margin:0;letter-spacing:-.03em;\">\r\n        Ayudamos a gimnasios de entrenamiento funcional<br>\r\n        a tener un <span style=\"color:#F8AF20;\">control real<\/span> de su negocio\r\n      <\/h1>\r\n    <\/div>\r\n\r\n    <div style=\"display:flex;flex-direction:column;gap:14px;\">\r\n\r\n      <div style=\"border:1px solid #D3D9DE;border-left:4px solid #F8AF20;border-radius:10px;padding:20px;background:#fff;\">\r\n        <span style=\"font-size:11px;font-weight:700;text-transform:uppercase;color:#7A8C9C;\">Centros deportivos<\/span>\r\n        <strong style=\"display:block;font-size:32px;color:#21405A;margin:6px 0;\">+700<\/strong>\r\n      \r\n      <\/div>\r\n\r\n      <div style=\"display:grid;grid-template-columns:1fr 1fr;gap:14px;\">\r\n       <div style=\"border:1px solid #D3D9DE;border-left:4px solid #F8AF20;border-radius:10px;padding:20px;background:#fff;\">\r\n          <span style=\"font-size:11px;font-weight:700;text-transform:uppercase;color:#7A8C9C;\">Presencia<\/span>\r\n          <strong style=\"display:block;font-size:32px;color:#21405A;margin:6px 0;\">27<\/strong>\r\n          <p style=\"font-size:13px;color:#7A8C9C;margin:0;\">pa\u00edses<\/p>\r\n        <\/div>\r\n\r\n     <div style=\"border:1px solid #D3D9DE;border-left:4px solid #F7AE22;border-radius:10px;padding:20px;background:#fff;\">\r\n          <span style=\"font-size:11px;font-weight:700;text-transform:uppercase;color:#7A8C9C;\">Experiencia<\/span>\r\n          <strong style=\"display:block;font-size:32px;color:#21405A;margin:6px 0;\">13<\/strong>\r\n          <p style=\"font-size:13px;color:#;margin:0;\">a\u00f1os en la industria<\/p>\r\n        <\/div>\r\n      <\/div>\r\n\r\n    <\/div>\r\n  <\/div>\r\n<\/section>\r\n<section style=\"padding:70px 0;background:#;\">\r\n    <div style=\"max-width:1100px;margin:0 auto;padding:40px;background:#ffffff;border-radius:16px;\">\r\n  <div style=\"max-width:1100px;margin:0 auto;padding:0 40px;display:grid;grid-template-columns:380px 1fr;gap:50px;align-items:start;\">\r\n\r\n    <!-- SERGIO -->\r\n    <div style=\"border:1px solid #D3D9DE;border-radius:12px;overflow:hidden;background:#fff;\">\r\n\r\n      <img decoding=\"async\" src=\"https:\/\/resawod.com\/wp-content\/uploads\/sites\/7\/2026\/04\/Diseno-sin-titulo-10-1.png\" \r\n           alt=\"Sergio Fern\u00e1ndez\"\r\n           style=\"width:50%;display:block; margin:0 auto\">\r\n\r\n      <div style=\"padding:22px;\">\r\n        <h3 style=\"margin:0 0 4px;font-size:20px;color:#21405A;\">Sergio Fern\u00e1ndez<\/h3>\r\n        <div style=\"font-size:14px;color:#F8AF20;font-weight:600;margin-bottom:12px;\">\r\n          CEO & Product Manager\r\n        <\/div>\r\n\r\n        <p style=\"font-size:14px;color:#7A8C9C;line-height:1.6;margin:0;\">\r\n          Resawod nace con una idea clara: construir un software que se adapte a c\u00f3mo trabajan los gimnasios, no al rev\u00e9s.\r\n        <\/p>\r\n\r\n        <p style=\"font-size:14px;color:#7A8C9C;line-height:1.6;margin-top:10px;\">\r\n          El enfoque siempre ha sido el mismo: simplificar la gesti\u00f3n y crear herramientas \u00fatiles en el d\u00eda a d\u00eda.\r\n        <\/p>\r\n      <\/div>\r\n    <\/div>\r\n\r\n    <!-- EQUIPO -->\r\n    <div style=\"display:flex;flex-direction:column;gap:24px;\">\r\n\r\n      <div>\r\n        <span style=\"display:inline-flex;background:rgba(248,175,32,.12);color:#F8AF20;font-size:12px;font-weight:700;text-transform:uppercase;letter-spacing:.07em;padding:5px 12px;border-radius:999px;margin-bottom:16px;\">\r\n          Equipo\r\n        <\/span>\r\n\r\n        <h2 style=\"font-size:28px;color:#21405A;margin:0;line-height:1.2;\">\r\n          Un equipo enfocado en construir producto \u00fatil para gimnasios\r\n        <\/h2>\r\n      <\/div>\r\n\r\n <div style=\"border:1px solid #D3D9DE;border-radius:10px;padding:18px;background:#fff;\">\r\n  <strong style=\"font-size:18px;color:#21405A;\">Equipo dedicado<\/strong>\r\n  <p style=\"margin:6px 0 0; color:#7A8C9C; font-size:14px; line-height:1.5;\">\r\n    7 personas centradas en Resawod entre producto, soporte, account management y marketing.\r\n  <\/p>\r\n<\/div>\r\n\r\n<div style=\"border:1px solid #D3D9DE;border-radius:10px;padding:18px;background:#fff;\">\r\n  <strong style=\"font-size:18px;color:#21405A;\">Estructura de producto<\/strong>\r\n  <p style=\"margin:6px 0 0; color:#7A8C9C; font-size:14px; line-height:1.5;\">\r\n      Un total de m\u00e1s de 27 personas. Resawod se construye dentro de Nubapp, junto a otros proyectos como Resasports, lo que permite compartir desarrollo, evolucionar m\u00e1s r\u00e1pido y construir sobre una base tecnol\u00f3gica s\u00f3lida.\r\n\r\n  <\/p>\r\n<\/div>\r\n\r\n      <\/div>\r\n  <\/div>\r\n<\/section>\r\n\r\n<section style=\"padding:60px 0;background:linear-gradient(180deg,#EEF0F8 0%,#FDF2DE 100%);font-family:Raleway,sans-serif;\">\r\n  <style>\r\n  \r\n    .rw-mission-wrap {\r\n      max-width: 1100px;\r\n      margin: 0 auto;\r\n      padding: 0 40px;\r\n    }\r\n\r\n    .rw-mission-label {\r\n      display: inline-flex;\r\n      background: rgba(248,175,32,.12);\r\n      color: #F8AF20;\r\n      font-size: 12px;\r\n      font-weight: 700;\r\n      text-transform: uppercase;\r\n      letter-spacing: .07em;\r\n      padding: 5px 12px;\r\n      border-radius: 999px;\r\n      margin-bottom: 20px;\r\n    }\r\n\r\n    .rw-mission-title {\r\n      font-size: 28px;\r\n      line-height: 1.2;\r\n      color: #21405A;\r\n      margin: 0 0 36px;\r\n      font-weight: 700;\r\n      max-width: 620px;\r\n    }\r\n\r\n    .rw-mission-cards {\r\n      display: grid;\r\n      grid-template-columns: repeat(3, 1fr);\r\n      gap: 20px;\r\n    }\r\n\r\n    .rw-mission-card {\r\n      background: #FFFFFF;\r\n      border: 1px solid #D3D9DE;\r\n      border-radius: 10px;\r\n      padding: 24px;\r\n    }\r\n\r\n    .rw-mission-icon {\r\n      width: 40px;\r\n      height: 40px;\r\n      border-radius: 8px;\r\n      display: flex;\r\n      align-items: center;\r\n      justify-content: center;\r\n      font-size: 20px;\r\n      margin-bottom: 16px;\r\n    }\r\n\r\n    .rw-mission-card-title {\r\n      margin: 0 0 10px;\r\n      color: #21405A;\r\n      font-size: 18px;\r\n      line-height: 1.25;\r\n      font-weight: 700;\r\n    }\r\n\r\n    .rw-mission-card-text {\r\n      font-size: 14px;\r\n      color: #7A8C9C;\r\n      margin: 0;\r\n      line-height: 1.6;\r\n    }\r\n\r\n    @media (max-width: 860px) {\r\n      .rw-mission-wrap {\r\n        padding: 0 20px;\r\n      }\r\n\r\n      .rw-mission-cards {\r\n        grid-template-columns: 1fr;\r\n      }\r\n    }\r\n  <\/style>\r\n\r\n  <div class=\"rw-mission-wrap\">\r\n\r\n    <span class=\"rw-mission-label\">Misi\u00f3n<\/span>\r\n\r\n    <h2 class=\"rw-mission-title\">\r\n     Dar claridad y control a la gesti\u00f3n del gimnasio exige un producto pensado desde la realidad\r\n    <\/h2>\r\n\r\n    <div class=\"rw-mission-cards\">\r\n\r\n      <div class=\"rw-mission-card\">\r\n        <div class=\"rw-mission-icon\" style=\"background:rgba(248,175,32,.12);color:#F8AF20;\">\u26a1<\/div>\r\n        <h4 class=\"rw-mission-card-title\">Automatizaci\u00f3n real, no tareas sueltas<\/h4>\r\n        <p class=\"rw-mission-card-text\">\r\n              Para eliminar fricci\u00f3n en la gesti\u00f3n y tener visibilidad real del negocio. Todo est\u00e1 conectado y automatizado, funcionando de forma coordinada dentro de un mismo sistema.        <\/p>\r\n      <\/div>\r\n\r\n      <div class=\"rw-mission-card\">\r\n        <div class=\"rw-mission-icon\" style=\"background:rgba(33,64,90,.08);color:#21405A;\">\u2699\ufe0f<\/div>\r\n        <h4 class=\"rw-mission-card-title\">El software se adapta al gimnasio<\/h4>\r\n        <p class=\"rw-mission-card-text\">\r\n            Para que el gimnasio mantenga el control sin cambiar su forma de trabajar. Cada centro tiene sus propias reglas, flujos y particularidades, y el software debe ser capaz de adaptarse a ellas.\r\n\r\n        <\/p>\r\n      <\/div>\r\n\r\n      <div class=\"rw-mission-card\">\r\n        <div class=\"rw-mission-icon\" style=\"background:rgba(5,198,87,.1);color:#05C657;\">\ud83d\udcca<\/div>\r\n        <h4 class=\"rw-mission-card-title\">Pensado para la realidad del gimnasio<\/h4>\r\n        <p class=\"rw-mission-card-text\">\r\n           Para tomar decisiones con m\u00e1s criterio y menos intuici\u00f3n. Trabajamos en contacto constante con centros deportivos y su operativa diaria, construyendo una herramienta basada en necesidades reales, no en suposiciones.\r\n\r\n        <\/p>\r\n      <\/div>\r\n\r\n    <\/div>\r\n\r\n  <\/div>\r\n<\/section>\r\n<section style=\"padding:70px 0;background:#FDF2DE;color:#21405A;\">\r\n  <div style=\"max-width:1100px;margin:0 auto;padding:0 80px;display:grid;grid-template-columns:.8fr 1.2fr;gap:50px;align-items:center;\">\r\n\r\n    <!-- M\u00c9TRICAS -->\r\n  <div style=\"display:flex;flex-direction:column;gap:28px;align-items:flex-end;text-align:right;\">\r\n\r\n      <div>\r\n    <div style=\"display:flex;flex-direction:column;gap:4px;\">\r\n  <span style=\"font-size:13px;color:#7A8C9C;text-transform:uppercase;letter-spacing:.08em;font-weight:700;\">\r\n    Centros deportivos\r\n  <\/span>\r\n  <strong style=\"font-size:56px;line-height:1;color:#21405A;font-weight:800;\">\r\n    +700\r\n  <\/strong>\r\n<\/div>\r\n\r\n      <\/div>\r\n\r\n      <div style=\"display:flex;flex-direction:column;gap:4px;\">\r\n  <span style=\"font-size:13px;color:#7A8C9C;text-transform:uppercase;letter-spacing:.08em;font-weight:700;\">\r\npa\u00edses  <\/span>\r\n  <strong style=\"font-size:56px;line-height:1;color:#21405A;font-weight:800;\">\r\n    +27\r\n  <\/strong>\r\n<\/div>\r\n      <div>\r\n        <div style=\"display:flex;flex-direction:column;gap:4px;\">\r\n  <span style=\"font-size:13px;color:#7A8C9C;text-transform:uppercase;letter-spacing:.08em;font-weight:700;\">\r\nUsuarios app  <\/span>\r\n  <strong style=\"font-size:56px;line-height:1;color:#21405A;font-weight:800;\">\r\n    +2M\r\n  <\/strong>\r\n<\/div>\r\n      <\/div>\r\n\r\n    <\/div>\r\n\r\n   <!-- MAPA -->\r\n<div style=\"position:relative;border:1px solid #ffffff;border-radius:14px;overflow:hidden;background:#FDF2DE;padding:24px;min-height:340px;\">\r\n\r\n  <img decoding=\"async\" \r\n    src=\"https:\/\/upload.wikimedia.org\/wikipedia\/commons\/thumb\/8\/80\/World_map_-_low_resolution.svg\/1280px-World_map_-_low_resolution.svg.png\"\r\n    alt=\"Presencia internacional de Resawod\"\r\n   style=\"width:100%;display:block;opacity:.35;filter:#21405A(100%) sepia(0%) hue-rotate(170deg) saturate(300%) brightness(0%);\"\"\r\n  >\r\n\r\n  <!-- Europa \/ Francia: concentraci\u00f3n principal -->\r\n  <div style=\"position:absolute;top:34%;left:47%;width:14px;height:14px;background:#F8AF20;border-radius:50%;box-shadow:0 0 0 10px rgba(248,175,32,.18);\"><\/div>\r\n\r\n  <div style=\"position:absolute;top:31%;left:45%;width:6px;height:6px;background:#F8AF20;border-radius:50%;opacity:.9;\"><\/div>\r\n  <div style=\"position:absolute;top:32%;left:47%;width:7px;height:7px;background:#F8AF20;border-radius:50%;opacity:.95;\"><\/div>\r\n  <div style=\"position:absolute;top:33%;left:49%;width:6px;height:6px;background:#F8AF20;border-radius:50%;opacity:.85;\"><\/div>\r\n  <div style=\"position:absolute;top:35%;left:46%;width:6px;height:6px;background:#F8AF20;border-radius:50%;opacity:.9;\"><\/div>\r\n  <div style=\"position:absolute;top:36%;left:48%;width:5px;height:5px;background:#F8AF20;border-radius:50%;opacity:.8;\"><\/div>\r\n  <div style=\"position:absolute;top:37%;left:50%;width:5px;height:5px;background:#F8AF20;border-radius:50%;opacity:.75;\"><\/div>\r\n  <div style=\"position:absolute;top:38%;left:45%;width:5px;height:5px;background:#F8AF20;border-radius:50%;opacity:.75;\"><\/div>\r\n  <div style=\"position:absolute;top:39%;left:47%;width:6px;height:6px;background:#F8AF20;border-radius:50%;opacity:.85;\"><\/div>\r\n  <div style=\"position:absolute;top:40%;left:49%;width:5px;height:5px;background:#F8AF20;border-radius:50%;opacity:.75;\"><\/div>\r\n\r\n  <!-- Espa\u00f1a \/ Portugal -->\r\n  <div style=\"position:absolute;top:43%;left:43%;width:6px;height:6px;background:#F8AF20;border-radius:50%;opacity:.8;\"><\/div>\r\n  <div style=\"position:absolute;top:45%;left:42%;width:5px;height:5px;background:#F8AF20;border-radius:50%;opacity:.75;\"><\/div>\r\n  <div style=\"position:absolute;top:47%;left:44%;width:5px;height:5px;background:#F8AF20;border-radius:50%;opacity:.7;\"><\/div>\r\n\r\n  <!-- Europa general -->\r\n  <div style=\"position:absolute;top:29%;left:51%;width:5px;height:5px;background:#F8AF20;border-radius:50%;opacity:.65;\"><\/div>\r\n  <div style=\"position:absolute;top:31%;left:53%;width:5px;height:5px;background:#F8AF20;border-radius:50%;opacity:.65;\"><\/div>\r\n  <div style=\"position:absolute;top:34%;left:54%;width:5px;height:5px;background:#F8AF20;border-radius:50%;opacity:.7;\"><\/div>\r\n  <div style=\"position:absolute;top:37%;left:53%;width:5px;height:5px;background:#F8AF20;border-radius:50%;opacity:.65;\"><\/div>\r\n\r\n  <!-- Marruecos \/ Norte de \u00c1frica -->\r\n  <div style=\"position:absolute;top:50%;left:43%;width:7px;height:7px;background:#F8AF20;border-radius:50%;opacity:.8;\"><\/div>\r\n  <div style=\"position:absolute;top:52%;left:45%;width:5px;height:5px;background:#F8AF20;border-radius:50%;opacity:.65;\"><\/div>\r\n\r\n  <!-- Islas francesas \/ Caribe aprox -->\r\n  <div style=\"position:absolute;top:54%;left:28%;width:6px;height:6px;background:#F8AF20;border-radius:50%;opacity:.7;\"><\/div>\r\n  <div style=\"position:absolute;top:57%;left:30%;width:5px;height:5px;background:#F8AF20;border-radius:50%;opacity:.6;\"><\/div>\r\n\r\n  <!-- Indonesia \/ Asia -->\r\n  <div style=\"position:absolute;top:60%;left:78%;width:7px;height:7px;background:#F8AF20;border-radius:50%;opacity:.8;\"><\/div>\r\n  <div style=\"position:absolute;top:62%;left:80%;width:5px;height:5px;background:#F8AF20;border-radius:50%;opacity:.65;\"><\/div>\r\n  <div style=\"position:absolute;top:58%;left:76%;width:5px;height:5px;background:#F8AF20;border-radius:50%;opacity:.6;\"><\/div>\r\n\r\n<\/div>\t\t\t\t<\/div>\n\t\t\t\t<\/div>\n\t\t\t\t<\/div>\n\t\t<div class=\"elementor-element elementor-element-65d6ca0 e-flex e-con-boxed e-con e-parent\" data-id=\"65d6ca0\" data-element_type=\"container\">\n\t\t\t\t\t<div class=\"e-con-inner\">\n\t\t\t\t\t<\/div>\n\t\t\t\t<\/div>\n\t\t\t\t<\/div>\n\t\t","protected":false},"excerpt":{"rendered":"<p>Sobre Resawod Ayudamos a gimnasios de entrenamiento funcional a tener un control real de su negocio Centros deportivos +700 Presencia 27 pa\u00edses Experiencia 13 a\u00f1os en la industria Sergio Fern\u00e1ndez CEO &#038; Product Manager Resawod nace con una idea clara: construir un software que se adapte a c\u00f3mo trabajan los gimnasios, no al rev\u00e9s. El [&hellip;]<\/p>\n","protected":false},"author":9,"featured_media":0,"parent":0,"menu_order":0,"comment_status":"closed","ping_status":"closed","template":"","meta":{"content-type":"","footnotes":""},"class_list":["post-36007","page","type-page","status-publish","hentry"],"yoast_head":"<!-- This site is optimized with the Yoast SEO plugin v25.7 - https:\/\/yoast.com\/wordpress\/plugins\/seo\/ -->\n<title>Sobre nosotros - Resawod<\/title>\n<meta name=\"robots\" content=\"index, follow, max-snippet:-1, max-image-preview:large, max-video-preview:-1\" \/>\n<link rel=\"canonical\" href=\"https:\/\/resawod.com\/es\/sobre-resawod\/\" \/>\n<meta property=\"og:locale\" content=\"es_ES\" \/>\n<meta property=\"og:type\" content=\"article\" \/>\n<meta property=\"og:title\" content=\"Sobre nosotros - Resawod\" \/>\n<meta property=\"og:description\" content=\"Sobre Resawod Ayudamos a gimnasios de entrenamiento funcional a tener un control real de su negocio Centros deportivos +700 Presencia 27 pa\u00edses Experiencia 13 a\u00f1os en la industria Sergio Fern\u00e1ndez CEO &#038; Product Manager Resawod nace con una idea clara: construir un software que se adapte a c\u00f3mo trabajan los gimnasios, no al rev\u00e9s. El [&hellip;]\" \/>\n<meta property=\"og:url\" content=\"https:\/\/resawod.com\/es\/sobre-resawod\/\" \/>\n<meta property=\"og:site_name\" content=\"Resawod\" \/>\n<meta property=\"article:modified_time\" content=\"2026-04-28T09:22:29+00:00\" \/>\n<meta property=\"og:image\" content=\"https:\/\/resawod.com\/wp-content\/uploads\/sites\/7\/2026\/04\/Diseno-sin-titulo-10-1.png\" \/>\n<meta name=\"twitter:card\" content=\"summary_large_image\" \/>\n<meta name=\"twitter:label1\" content=\"Tiempo de lectura\" \/>\n\t<meta name=\"twitter:data1\" content=\"1 minuto\" \/>\n<script type=\"application\/ld+json\" class=\"yoast-schema-graph\">{\"@context\":\"https:\/\/schema.org\",\"@graph\":[{\"@type\":\"WebPage\",\"@id\":\"https:\/\/resawod.com\/es\/sobre-resawod\/\",\"url\":\"https:\/\/resawod.com\/es\/sobre-resawod\/\",\"name\":\"Sobre nosotros - Resawod\",\"isPartOf\":{\"@id\":\"https:\/\/resawod.com\/es\/#website\"},\"primaryImageOfPage\":{\"@id\":\"https:\/\/resawod.com\/es\/sobre-resawod\/#primaryimage\"},\"image\":{\"@id\":\"https:\/\/resawod.com\/es\/sobre-resawod\/#primaryimage\"},\"thumbnailUrl\":\"https:\/\/resawod.com\/wp-content\/uploads\/sites\/7\/2026\/04\/Diseno-sin-titulo-10-1.png\",\"datePublished\":\"2026-04-28T08:18:23+00:00\",\"dateModified\":\"2026-04-28T09:22:29+00:00\",\"breadcrumb\":{\"@id\":\"https:\/\/resawod.com\/es\/sobre-resawod\/#breadcrumb\"},\"inLanguage\":\"es\",\"potentialAction\":[{\"@type\":\"ReadAction\",\"target\":[\"https:\/\/resawod.com\/es\/sobre-resawod\/\"]}]},{\"@type\":\"ImageObject\",\"inLanguage\":\"es\",\"@id\":\"https:\/\/resawod.com\/es\/sobre-resawod\/#primaryimage\",\"url\":\"https:\/\/resawod.com\/wp-content\/uploads\/sites\/7\/2026\/04\/Diseno-sin-titulo-10-1.png\",\"contentUrl\":\"https:\/\/resawod.com\/wp-content\/uploads\/sites\/7\/2026\/04\/Diseno-sin-titulo-10-1.png\"},{\"@type\":\"BreadcrumbList\",\"@id\":\"https:\/\/resawod.com\/es\/sobre-resawod\/#breadcrumb\",\"itemListElement\":[{\"@type\":\"ListItem\",\"position\":1,\"name\":\"Portada\",\"item\":\"https:\/\/resawod.com\/es\/\"},{\"@type\":\"ListItem\",\"position\":2,\"name\":\"Sobre nosotros\"}]},{\"@type\":\"WebSite\",\"@id\":\"https:\/\/resawod.com\/es\/#website\",\"url\":\"https:\/\/resawod.com\/es\/\",\"name\":\"Resawod\",\"description\":\"\",\"publisher\":{\"@id\":\"https:\/\/resawod.com\/es\/#organization\"},\"potentialAction\":[{\"@type\":\"SearchAction\",\"target\":{\"@type\":\"EntryPoint\",\"urlTemplate\":\"https:\/\/resawod.com\/es\/?s={search_term_string}\"},\"query-input\":{\"@type\":\"PropertyValueSpecification\",\"valueRequired\":true,\"valueName\":\"search_term_string\"}}],\"inLanguage\":\"es\"},{\"@type\":\"Organization\",\"@id\":\"https:\/\/resawod.com\/es\/#organization\",\"name\":\"Resawod\",\"url\":\"https:\/\/resawod.com\/es\/\",\"logo\":{\"@type\":\"ImageObject\",\"inLanguage\":\"es\",\"@id\":\"https:\/\/resawod.com\/es\/#\/schema\/logo\/image\/\",\"url\":\"https:\/\/resawod.com\/wp-content\/uploads\/sites\/7\/2025\/06\/resawod_Sitelogo.svg\",\"contentUrl\":\"https:\/\/resawod.com\/wp-content\/uploads\/sites\/7\/2025\/06\/resawod_Sitelogo.svg\",\"width\":350,\"height\":65,\"caption\":\"Resawod\"},\"image\":{\"@id\":\"https:\/\/resawod.com\/es\/#\/schema\/logo\/image\/\"}}]}<\/script>\n<!-- \/ Yoast SEO plugin. -->","yoast_head_json":{"title":"Sobre nosotros - Resawod","robots":{"index":"index","follow":"follow","max-snippet":"max-snippet:-1","max-image-preview":"max-image-preview:large","max-video-preview":"max-video-preview:-1"},"canonical":"https:\/\/resawod.com\/es\/sobre-resawod\/","og_locale":"es_ES","og_type":"article","og_title":"Sobre nosotros - Resawod","og_description":"Sobre Resawod Ayudamos a gimnasios de entrenamiento funcional a tener un control real de su negocio Centros deportivos +700 Presencia 27 pa\u00edses Experiencia 13 a\u00f1os en la industria Sergio Fern\u00e1ndez CEO &#038; Product Manager Resawod nace con una idea clara: construir un software que se adapte a c\u00f3mo trabajan los gimnasios, no al rev\u00e9s. El [&hellip;]","og_url":"https:\/\/resawod.com\/es\/sobre-resawod\/","og_site_name":"Resawod","article_modified_time":"2026-04-28T09:22:29+00:00","og_image":[{"url":"https:\/\/resawod.com\/wp-content\/uploads\/sites\/7\/2026\/04\/Diseno-sin-titulo-10-1.png","type":"","width":"","height":""}],"twitter_card":"summary_large_image","twitter_misc":{"Tiempo de lectura":"1 minuto"},"schema":{"@context":"https:\/\/schema.org","@graph":[{"@type":"WebPage","@id":"https:\/\/resawod.com\/es\/sobre-resawod\/","url":"https:\/\/resawod.com\/es\/sobre-resawod\/","name":"Sobre nosotros - Resawod","isPartOf":{"@id":"https:\/\/resawod.com\/es\/#website"},"primaryImageOfPage":{"@id":"https:\/\/resawod.com\/es\/sobre-resawod\/#primaryimage"},"image":{"@id":"https:\/\/resawod.com\/es\/sobre-resawod\/#primaryimage"},"thumbnailUrl":"https:\/\/resawod.com\/wp-content\/uploads\/sites\/7\/2026\/04\/Diseno-sin-titulo-10-1.png","datePublished":"2026-04-28T08:18:23+00:00","dateModified":"2026-04-28T09:22:29+00:00","breadcrumb":{"@id":"https:\/\/resawod.com\/es\/sobre-resawod\/#breadcrumb"},"inLanguage":"es","potentialAction":[{"@type":"ReadAction","target":["https:\/\/resawod.com\/es\/sobre-resawod\/"]}]},{"@type":"ImageObject","inLanguage":"es","@id":"https:\/\/resawod.com\/es\/sobre-resawod\/#primaryimage","url":"https:\/\/resawod.com\/wp-content\/uploads\/sites\/7\/2026\/04\/Diseno-sin-titulo-10-1.png","contentUrl":"https:\/\/resawod.com\/wp-content\/uploads\/sites\/7\/2026\/04\/Diseno-sin-titulo-10-1.png"},{"@type":"BreadcrumbList","@id":"https:\/\/resawod.com\/es\/sobre-resawod\/#breadcrumb","itemListElement":[{"@type":"ListItem","position":1,"name":"Portada","item":"https:\/\/resawod.com\/es\/"},{"@type":"ListItem","position":2,"name":"Sobre nosotros"}]},{"@type":"WebSite","@id":"https:\/\/resawod.com\/es\/#website","url":"https:\/\/resawod.com\/es\/","name":"Resawod","description":"","publisher":{"@id":"https:\/\/resawod.com\/es\/#organization"},"potentialAction":[{"@type":"SearchAction","target":{"@type":"EntryPoint","urlTemplate":"https:\/\/resawod.com\/es\/?s={search_term_string}"},"query-input":{"@type":"PropertyValueSpecification","valueRequired":true,"valueName":"search_term_string"}}],"inLanguage":"es"},{"@type":"Organization","@id":"https:\/\/resawod.com\/es\/#organization","name":"Resawod","url":"https:\/\/resawod.com\/es\/","logo":{"@type":"ImageObject","inLanguage":"es","@id":"https:\/\/resawod.com\/es\/#\/schema\/logo\/image\/","url":"https:\/\/resawod.com\/wp-content\/uploads\/sites\/7\/2025\/06\/resawod_Sitelogo.svg","contentUrl":"https:\/\/resawod.com\/wp-content\/uploads\/sites\/7\/2025\/06\/resawod_Sitelogo.svg","width":350,"height":65,"caption":"Resawod"},"image":{"@id":"https:\/\/resawod.com\/es\/#\/schema\/logo\/image\/"}}]}},"_links":{"self":[{"href":"https:\/\/resawod.com\/es\/wp-json\/wp\/v2\/pages\/36007","targetHints":{"allow":["GET"]}}],"collection":[{"href":"https:\/\/resawod.com\/es\/wp-json\/wp\/v2\/pages"}],"about":[{"href":"https:\/\/resawod.com\/es\/wp-json\/wp\/v2\/types\/page"}],"author":[{"embeddable":true,"href":"https:\/\/resawod.com\/es\/wp-json\/wp\/v2\/users\/9"}],"replies":[{"embeddable":true,"href":"https:\/\/resawod.com\/es\/wp-json\/wp\/v2\/comments?post=36007"}],"version-history":[{"count":4,"href":"https:\/\/resawod.com\/es\/wp-json\/wp\/v2\/pages\/36007\/revisions"}],"predecessor-version":[{"id":36031,"href":"https:\/\/resawod.com\/es\/wp-json\/wp\/v2\/pages\/36007\/revisions\/36031"}],"wp:attachment":[{"href":"https:\/\/resawod.com\/es\/wp-json\/wp\/v2\/media?parent=36007"}],"curies":[{"name":"wp","href":"https:\/\/api.w.org\/{rel}","templated":true}]}}