{"id":31148,"date":"2025-07-15T10:14:09","date_gmt":"2025-07-15T10:14:09","guid":{"rendered":"https:\/\/resawod.com\/demo-2\/"},"modified":"2025-09-17T09:05:57","modified_gmt":"2025-09-17T09:05:57","slug":"demo","status":"publish","type":"page","link":"https:\/\/resawod.com\/fr\/demo\/","title":{"rendered":"D\u00e9mo &#8211; Resawod"},"content":{"rendered":"\t\t<div data-elementor-type=\"wp-page\" data-elementor-id=\"31148\" class=\"elementor elementor-31148 elementor-30113\" data-elementor-post-type=\"page\">\n\t\t\t\t<div class=\"elementor-element elementor-element-7e69794a e-con-full e-flex e-con e-parent\" data-id=\"7e69794a\" data-element_type=\"container\" data-settings=\"{&quot;background_background&quot;:&quot;classic&quot;}\">\n\t\t<div class=\"elementor-element elementor-element-33617a89 e-con-full e-flex e-con e-child\" data-id=\"33617a89\" data-element_type=\"container\" data-settings=\"{&quot;background_background&quot;:&quot;gradient&quot;}\">\n\t\t<div class=\"elementor-element elementor-element-2f115ae e-con-full e-flex e-con e-child\" data-id=\"2f115ae\" data-element_type=\"container\" data-settings=\"{&quot;background_background&quot;:&quot;classic&quot;}\">\n\t\t<div class=\"elementor-element elementor-element-f987740 e-con-full e-flex e-con e-child\" data-id=\"f987740\" data-element_type=\"container\">\n\t\t<div class=\"elementor-element elementor-element-1b2a08b e-grid e-con-full e-con e-child\" data-id=\"1b2a08b\" data-element_type=\"container\">\n\t\t<div class=\"elementor-element elementor-element-35f85ce e-flex e-con-boxed e-con e-child\" data-id=\"35f85ce\" data-element_type=\"container\" data-settings=\"{&quot;background_background&quot;:&quot;gradient&quot;}\">\n\t\t\t\t\t<div class=\"e-con-inner\">\n\t\t\t\t<div class=\"elementor-element elementor-element-759ee989 elementor-widget elementor-widget-heading\" data-id=\"759ee989\" data-element_type=\"widget\" data-widget_type=\"heading.default\">\n\t\t\t\t<div class=\"elementor-widget-container\">\n\t\t\t\t\t<h2 class=\"elementor-heading-title elementor-size-default\">R\u00e9servez votre d\u00e9mo<\/h2>\t\t\t\t<\/div>\n\t\t\t\t<\/div>\n\t\t\t\t<div class=\"elementor-element elementor-element-2a092a4 elementor-widget elementor-widget-text-editor\" data-id=\"2a092a4\" data-element_type=\"widget\" data-widget_type=\"text-editor.default\">\n\t\t\t\t<div class=\"elementor-widget-container\">\n\t\t\t\t\t\t\t\t\t<ul>\n<li aria-level=\"1\">Notre expert \u00e9valuera vos besoins sp\u00e9cifiques et vous expliquera comment Resawod peut vous accompagner.<\/li>\n<li aria-level=\"1\">Vous d\u00e9couvrirez en temps r\u00e9el comment optimiser la gestion de votre salle.<\/li>\n<li aria-level=\"1\">Toutes vos questions trouveront imm\u00e9diatement leur r\u00e9ponse.<\/li>\n<\/ul>\n\t\t\t\t\t\t\t\t<\/div>\n\t\t\t\t<\/div>\n\t\t\t\t<div class=\"elementor-element elementor-element-2c9a4de2 elementor-widget elementor-widget-text-editor\" data-id=\"2c9a4de2\" data-element_type=\"widget\" data-widget_type=\"text-editor.default\">\n\t\t\t\t<div class=\"elementor-widget-container\">\n\t\t\t\t\t\t\t\t\t<p>Compl\u00e9tez le formulaire et planifiez une d\u00e9mo avec l\u2019un de nos sp\u00e9cialistes. Cela ne prendra que quelques clics !<\/p>\n\t\t\t\t\t\t\t\t<\/div>\n\t\t\t\t<\/div>\n\t\t\t\t<div class=\"elementor-element elementor-element-30c6fa9 elementor-widget elementor-widget-image\" data-id=\"30c6fa9\" data-element_type=\"widget\" data-widget_type=\"image.default\">\n\t\t\t\t<div class=\"elementor-widget-container\">\n\t\t\t\t\t\t\t\t\t\t\t\t\t\t\t<img fetchpriority=\"high\" decoding=\"async\" width=\"800\" height=\"86\" src=\"https:\/\/resawod.com\/wp-content\/uploads\/sites\/7\/2025\/06\/Porque-RW_logos.png\" class=\"attachment-large size-large wp-image-29920\" alt=\"Resawod software logo\" srcset=\"https:\/\/resawod.com\/wp-content\/uploads\/sites\/7\/2025\/06\/Porque-RW_logos.png 896w, https:\/\/resawod.com\/wp-content\/uploads\/sites\/7\/2025\/06\/Porque-RW_logos-300x32.png 300w, https:\/\/resawod.com\/wp-content\/uploads\/sites\/7\/2025\/06\/Porque-RW_logos-768x82.png 768w\" sizes=\"(max-width: 800px) 100vw, 800px\" \/>\t\t\t\t\t\t\t\t\t\t\t\t\t\t\t<\/div>\n\t\t\t\t<\/div>\n\t\t\t\t\t<\/div>\n\t\t\t\t<\/div>\n\t\t<div class=\"elementor-element elementor-element-9ace5df e-flex e-con-boxed e-con e-child\" data-id=\"9ace5df\" data-element_type=\"container\">\n\t\t\t\t\t<div class=\"e-con-inner\">\n\t\t\t\t<div class=\"elementor-element elementor-element-9b316cb elementor-widget elementor-widget-html\" data-id=\"9b316cb\" data-element_type=\"widget\" data-widget_type=\"html.default\">\n\t\t\t\t<div class=\"elementor-widget-container\">\n\t\t\t\t\t<script charset=\"utf-8\" type=\"text\/javascript\" src=\"\/\/js.hsforms.net\/forms\/embed\/v2.js\"><\/script>\r\n<script>\r\n  hbspt.forms.create({\r\n    portalId: \"6234568\",\r\n    formId: \"97d7f916-2a3f-4ac2-a61f-9cba178661fe\",\r\n    region: \"na1\"\r\n  });\r\n<\/script>\t\t\t\t<\/div>\n\t\t\t\t<\/div>\n\t\t\t\t\t<\/div>\n\t\t\t\t<\/div>\n\t\t\t\t<\/div>\n\t\t\t\t<\/div>\n\t\t\t\t<\/div>\n\t\t\t\t<\/div>\n\t\t\t\t<\/div>\n\t\t\t\t<\/div>\n\t\t","protected":false},"excerpt":{"rendered":"<p>R\u00e9servez votre d\u00e9mo Notre expert \u00e9valuera vos besoins sp\u00e9cifiques et vous expliquera comment Resawod peut vous accompagner. Vous d\u00e9couvrirez en temps r\u00e9el comment optimiser la gestion de votre salle. Toutes vos questions trouveront imm\u00e9diatement leur r\u00e9ponse. Compl\u00e9tez le formulaire et planifiez une d\u00e9mo avec l\u2019un de nos sp\u00e9cialistes. Cela ne prendra que quelques clics !<\/p>\n","protected":false},"author":3,"featured_media":0,"parent":0,"menu_order":0,"comment_status":"closed","ping_status":"closed","template":"","meta":{"content-type":"","footnotes":""},"class_list":["post-31148","page","type-page","status-publish","hentry"],"yoast_head":"<!-- This site is optimized with the Yoast SEO plugin v25.7 - https:\/\/yoast.com\/wordpress\/plugins\/seo\/ -->\n<title>Resawod - D\u00e9mo<\/title>\n<meta name=\"description\" content=\"Logiciel de gestion de salle de sport. Planifiez votre d\u00e9mo gratuite en 1 minute et optimisez la gestion de votre salle.\" \/>\n<meta name=\"robots\" content=\"index, follow, max-snippet:-1, max-image-preview:large, max-video-preview:-1\" \/>\n<link rel=\"canonical\" href=\"https:\/\/resawod.com\/fr\/demo\/\" \/>\n<meta property=\"og:locale\" content=\"fr_FR\" \/>\n<meta property=\"og:type\" content=\"article\" \/>\n<meta property=\"og:title\" content=\"Resawod - D\u00e9mo\" \/>\n<meta property=\"og:description\" content=\"Logiciel de gestion de salle de sport. Planifiez votre d\u00e9mo gratuite en 1 minute et optimisez la gestion de votre salle.\" \/>\n<meta property=\"og:url\" content=\"https:\/\/resawod.com\/fr\/demo\/\" \/>\n<meta property=\"og:site_name\" content=\"Resawod\" \/>\n<meta property=\"article:modified_time\" content=\"2025-09-17T09:05:57+00:00\" \/>\n<meta property=\"og:image\" content=\"https:\/\/resawod.com\/wp-content\/uploads\/sites\/7\/2025\/06\/Porque-RW_logos.png\" \/>\n\t<meta property=\"og:image:width\" content=\"896\" \/>\n\t<meta property=\"og:image:height\" content=\"96\" \/>\n\t<meta property=\"og:image:type\" content=\"image\/png\" \/>\n<meta name=\"twitter:card\" content=\"summary_large_image\" \/>\n<meta name=\"twitter:label1\" content=\"Dur\u00e9e de lecture estim\u00e9e\" \/>\n\t<meta name=\"twitter:data1\" content=\"1 minute\" \/>\n<script type=\"application\/ld+json\" class=\"yoast-schema-graph\">{\"@context\":\"https:\/\/schema.org\",\"@graph\":[{\"@type\":\"WebPage\",\"@id\":\"https:\/\/resawod.com\/fr\/demo\/\",\"url\":\"https:\/\/resawod.com\/fr\/demo\/\",\"name\":\"Resawod - D\u00e9mo\",\"isPartOf\":{\"@id\":\"https:\/\/resawod.com\/fr\/#website\"},\"primaryImageOfPage\":{\"@id\":\"https:\/\/resawod.com\/fr\/demo\/#primaryimage\"},\"image\":{\"@id\":\"https:\/\/resawod.com\/fr\/demo\/#primaryimage\"},\"thumbnailUrl\":\"https:\/\/resawod.com\/wp-content\/uploads\/sites\/7\/2025\/06\/Porque-RW_logos.png\",\"datePublished\":\"2025-07-15T10:14:09+00:00\",\"dateModified\":\"2025-09-17T09:05:57+00:00\",\"description\":\"Logiciel de gestion de salle de sport. Planifiez votre d\u00e9mo gratuite en 1 minute et optimisez la gestion de votre salle.\",\"breadcrumb\":{\"@id\":\"https:\/\/resawod.com\/fr\/demo\/#breadcrumb\"},\"inLanguage\":\"fr-FR\",\"potentialAction\":[{\"@type\":\"ReadAction\",\"target\":[\"https:\/\/resawod.com\/fr\/demo\/\"]}]},{\"@type\":\"ImageObject\",\"inLanguage\":\"fr-FR\",\"@id\":\"https:\/\/resawod.com\/fr\/demo\/#primaryimage\",\"url\":\"https:\/\/resawod.com\/wp-content\/uploads\/sites\/7\/2025\/06\/Porque-RW_logos.png\",\"contentUrl\":\"https:\/\/resawod.com\/wp-content\/uploads\/sites\/7\/2025\/06\/Porque-RW_logos.png\"},{\"@type\":\"BreadcrumbList\",\"@id\":\"https:\/\/resawod.com\/fr\/demo\/#breadcrumb\",\"itemListElement\":[{\"@type\":\"ListItem\",\"position\":1,\"name\":\"Portada\",\"item\":\"https:\/\/resawod.com\/fr\/\"},{\"@type\":\"ListItem\",\"position\":2,\"name\":\"D\u00e9mo &#8211; Resawod\"}]},{\"@type\":\"WebSite\",\"@id\":\"https:\/\/resawod.com\/fr\/#website\",\"url\":\"https:\/\/resawod.com\/fr\/\",\"name\":\"Resawod\",\"description\":\"\",\"publisher\":{\"@id\":\"https:\/\/resawod.com\/fr\/#organization\"},\"potentialAction\":[{\"@type\":\"SearchAction\",\"target\":{\"@type\":\"EntryPoint\",\"urlTemplate\":\"https:\/\/resawod.com\/fr\/?s={search_term_string}\"},\"query-input\":{\"@type\":\"PropertyValueSpecification\",\"valueRequired\":true,\"valueName\":\"search_term_string\"}}],\"inLanguage\":\"fr-FR\"},{\"@type\":\"Organization\",\"@id\":\"https:\/\/resawod.com\/fr\/#organization\",\"name\":\"Resawod\",\"url\":\"https:\/\/resawod.com\/fr\/\",\"logo\":{\"@type\":\"ImageObject\",\"inLanguage\":\"fr-FR\",\"@id\":\"https:\/\/resawod.com\/fr\/#\/schema\/logo\/image\/\",\"url\":\"https:\/\/resawod.com\/wp-content\/uploads\/sites\/7\/2025\/06\/resawod_Sitelogo.svg\",\"contentUrl\":\"https:\/\/resawod.com\/wp-content\/uploads\/sites\/7\/2025\/06\/resawod_Sitelogo.svg\",\"width\":350,\"height\":65,\"caption\":\"Resawod\"},\"image\":{\"@id\":\"https:\/\/resawod.com\/fr\/#\/schema\/logo\/image\/\"}}]}<\/script>\n<!-- \/ Yoast SEO plugin. -->","yoast_head_json":{"title":"Resawod - D\u00e9mo","description":"Logiciel de gestion de salle de sport. Planifiez votre d\u00e9mo gratuite en 1 minute et optimisez la gestion de votre salle.","robots":{"index":"index","follow":"follow","max-snippet":"max-snippet:-1","max-image-preview":"max-image-preview:large","max-video-preview":"max-video-preview:-1"},"canonical":"https:\/\/resawod.com\/fr\/demo\/","og_locale":"fr_FR","og_type":"article","og_title":"Resawod - D\u00e9mo","og_description":"Logiciel de gestion de salle de sport. Planifiez votre d\u00e9mo gratuite en 1 minute et optimisez la gestion de votre salle.","og_url":"https:\/\/resawod.com\/fr\/demo\/","og_site_name":"Resawod","article_modified_time":"2025-09-17T09:05:57+00:00","og_image":[{"width":896,"height":96,"url":"https:\/\/resawod.com\/wp-content\/uploads\/sites\/7\/2025\/06\/Porque-RW_logos.png","type":"image\/png"}],"twitter_card":"summary_large_image","twitter_misc":{"Dur\u00e9e de lecture estim\u00e9e":"1 minute"},"schema":{"@context":"https:\/\/schema.org","@graph":[{"@type":"WebPage","@id":"https:\/\/resawod.com\/fr\/demo\/","url":"https:\/\/resawod.com\/fr\/demo\/","name":"Resawod - D\u00e9mo","isPartOf":{"@id":"https:\/\/resawod.com\/fr\/#website"},"primaryImageOfPage":{"@id":"https:\/\/resawod.com\/fr\/demo\/#primaryimage"},"image":{"@id":"https:\/\/resawod.com\/fr\/demo\/#primaryimage"},"thumbnailUrl":"https:\/\/resawod.com\/wp-content\/uploads\/sites\/7\/2025\/06\/Porque-RW_logos.png","datePublished":"2025-07-15T10:14:09+00:00","dateModified":"2025-09-17T09:05:57+00:00","description":"Logiciel de gestion de salle de sport. Planifiez votre d\u00e9mo gratuite en 1 minute et optimisez la gestion de votre salle.","breadcrumb":{"@id":"https:\/\/resawod.com\/fr\/demo\/#breadcrumb"},"inLanguage":"fr-FR","potentialAction":[{"@type":"ReadAction","target":["https:\/\/resawod.com\/fr\/demo\/"]}]},{"@type":"ImageObject","inLanguage":"fr-FR","@id":"https:\/\/resawod.com\/fr\/demo\/#primaryimage","url":"https:\/\/resawod.com\/wp-content\/uploads\/sites\/7\/2025\/06\/Porque-RW_logos.png","contentUrl":"https:\/\/resawod.com\/wp-content\/uploads\/sites\/7\/2025\/06\/Porque-RW_logos.png"},{"@type":"BreadcrumbList","@id":"https:\/\/resawod.com\/fr\/demo\/#breadcrumb","itemListElement":[{"@type":"ListItem","position":1,"name":"Portada","item":"https:\/\/resawod.com\/fr\/"},{"@type":"ListItem","position":2,"name":"D\u00e9mo &#8211; Resawod"}]},{"@type":"WebSite","@id":"https:\/\/resawod.com\/fr\/#website","url":"https:\/\/resawod.com\/fr\/","name":"Resawod","description":"","publisher":{"@id":"https:\/\/resawod.com\/fr\/#organization"},"potentialAction":[{"@type":"SearchAction","target":{"@type":"EntryPoint","urlTemplate":"https:\/\/resawod.com\/fr\/?s={search_term_string}"},"query-input":{"@type":"PropertyValueSpecification","valueRequired":true,"valueName":"search_term_string"}}],"inLanguage":"fr-FR"},{"@type":"Organization","@id":"https:\/\/resawod.com\/fr\/#organization","name":"Resawod","url":"https:\/\/resawod.com\/fr\/","logo":{"@type":"ImageObject","inLanguage":"fr-FR","@id":"https:\/\/resawod.com\/fr\/#\/schema\/logo\/image\/","url":"https:\/\/resawod.com\/wp-content\/uploads\/sites\/7\/2025\/06\/resawod_Sitelogo.svg","contentUrl":"https:\/\/resawod.com\/wp-content\/uploads\/sites\/7\/2025\/06\/resawod_Sitelogo.svg","width":350,"height":65,"caption":"Resawod"},"image":{"@id":"https:\/\/resawod.com\/fr\/#\/schema\/logo\/image\/"}}]}},"_links":{"self":[{"href":"https:\/\/resawod.com\/fr\/wp-json\/wp\/v2\/pages\/31148","targetHints":{"allow":["GET"]}}],"collection":[{"href":"https:\/\/resawod.com\/fr\/wp-json\/wp\/v2\/pages"}],"about":[{"href":"https:\/\/resawod.com\/fr\/wp-json\/wp\/v2\/types\/page"}],"author":[{"embeddable":true,"href":"https:\/\/resawod.com\/fr\/wp-json\/wp\/v2\/users\/3"}],"replies":[{"embeddable":true,"href":"https:\/\/resawod.com\/fr\/wp-json\/wp\/v2\/comments?post=31148"}],"version-history":[{"count":9,"href":"https:\/\/resawod.com\/fr\/wp-json\/wp\/v2\/pages\/31148\/revisions"}],"predecessor-version":[{"id":34317,"href":"https:\/\/resawod.com\/fr\/wp-json\/wp\/v2\/pages\/31148\/revisions\/34317"}],"wp:attachment":[{"href":"https:\/\/resawod.com\/fr\/wp-json\/wp\/v2\/media?parent=31148"}],"curies":[{"name":"wp","href":"https:\/\/api.w.org\/{rel}","templated":true}]}}