{"id":31761,"date":"2025-07-21T07:18:08","date_gmt":"2025-07-21T07:18:08","guid":{"rendered":"https:\/\/resawod.com\/telechargez-notre-guide-pour-mesurer-la-satisfaction-des-adherents-dune-salle-de-sport\/"},"modified":"2025-07-21T07:28:07","modified_gmt":"2025-07-21T07:28:07","slug":"guide-mesurer-satisfaction-adherents-box","status":"publish","type":"page","link":"https:\/\/resawod.com\/fr\/guide-mesurer-satisfaction-adherents-box\/","title":{"rendered":"T\u00e9l\u00e9chargez notre Guide pour mesurer la satisfaction des adh\u00e9rents d&rsquo;une salle de sport"},"content":{"rendered":"\t\t<div data-elementor-type=\"wp-page\" data-elementor-id=\"31761\" class=\"elementor elementor-31761 elementor-31702\" data-elementor-post-type=\"page\">\n\t\t\t\t<div class=\"elementor-element elementor-element-1ee33a2 e-con-full e-flex e-con e-parent\" data-id=\"1ee33a2\" data-element_type=\"container\" data-settings=\"{&quot;background_background&quot;:&quot;classic&quot;}\">\n\t\t<div class=\"elementor-element elementor-element-fcc3c9f e-grid e-con-boxed e-con e-child\" data-id=\"fcc3c9f\" data-element_type=\"container\" data-settings=\"{&quot;background_background&quot;:&quot;gradient&quot;}\">\n\t\t\t\t\t<div class=\"e-con-inner\">\n\t\t<div class=\"elementor-element elementor-element-5729bd6 e-grid e-con-full e-con e-child\" data-id=\"5729bd6\" data-element_type=\"container\">\n\t\t\t\t<\/div>\n\t\t<div class=\"elementor-element elementor-element-7e560cf e-con-full e-flex e-con e-child\" data-id=\"7e560cf\" data-element_type=\"container\" data-settings=\"{&quot;background_background&quot;:&quot;classic&quot;}\">\n\t\t<div class=\"elementor-element elementor-element-ad4d61d e-con-full e-flex e-con e-child\" data-id=\"ad4d61d\" data-element_type=\"container\" data-settings=\"{&quot;background_background&quot;:&quot;gradient&quot;}\">\n\t\t\t\t<div class=\"elementor-element elementor-element-d11d540 elementor-widget elementor-widget-heading\" data-id=\"d11d540\" data-element_type=\"widget\" data-widget_type=\"heading.default\">\n\t\t\t\t<div class=\"elementor-widget-container\">\n\t\t\t\t\t<h2 class=\"elementor-heading-title elementor-size-default\">T\u00c9L\u00c9CHARGEZ GRATUITEMENT<\/h2>\t\t\t\t<\/div>\n\t\t\t\t<\/div>\n\t\t\t\t<\/div>\n\t\t\t\t<div class=\"elementor-element elementor-element-1f57d3e elementor-widget elementor-widget-heading\" data-id=\"1f57d3e\" data-element_type=\"widget\" data-widget_type=\"heading.default\">\n\t\t\t\t<div class=\"elementor-widget-container\">\n\t\t\t\t\t<h2 class=\"elementor-heading-title elementor-size-default\">Guide pour mesurer la satisfaction des adh\u00e9rents d'une salle de sport<\/h2>\t\t\t\t<\/div>\n\t\t\t\t<\/div>\n\t\t\t\t<div class=\"elementor-element elementor-element-0ff0a3b elementor-widget elementor-widget-text-editor\" data-id=\"0ff0a3b\" data-element_type=\"widget\" data-widget_type=\"text-editor.default\">\n\t\t\t\t<div class=\"elementor-widget-container\">\n\t\t\t\t\t\t\t\t\t<p data-pm-slice=\"1 1 []\">D\u00e9couvre comment maintenir motiv\u00e9s tes adh\u00e9rents de ta salle de sport. T\u00e9l\u00e9chargez-la gratuitement !<\/p>\n\t\t\t\t\t\t\t\t<\/div>\n\t\t\t\t<\/div>\n\t\t\t\t<div class=\"elementor-element elementor-element-7548067 elementor-widget elementor-widget-hubspot-form\" data-id=\"7548067\" data-element_type=\"widget\" data-widget_type=\"hubspot-form.default\">\n\t\t\t\t<div class=\"elementor-widget-container\">\n\t\t\t\t\t\n\t\t\t\t\t<script>\n\t\t\t\t\t\twindow.hsFormsOnReady = window.hsFormsOnReady || [];\n\t\t\t\t\t\twindow.hsFormsOnReady.push(()=>{\n\t\t\t\t\t\t\thbspt.forms.create({\n\t\t\t\t\t\t\t\tportalId: 6234568,\n\t\t\t\t\t\t\t\tformId: \"65d36e24-95e7-462a-9339-5f8ff5687dcf\",\n\t\t\t\t\t\t\t\ttarget: \"#hbspt-form-1775823066000-6324622959\",\n\t\t\t\t\t\t\t\tregion: \"na1\",\n\t\t\t\t\t\t\t\t\n\t\t\t\t\t\t})});\n\t\t\t\t\t<\/script>\n\t\t\t\t\t<div class=\"hbspt-form\" id=\"hbspt-form-1775823066000-6324622959\"><\/div>\t\t\t\t<\/div>\n\t\t\t\t<\/div>\n\t\t\t\t<\/div>\n\t\t\t\t\t<\/div>\n\t\t\t\t<\/div>\n\t\t\t\t<\/div>\n\t\t\t\t<\/div>\n\t\t","protected":false},"excerpt":{"rendered":"<p>D\u00e9couvre comment maintenir motiv\u00e9s tes adh\u00e9rents de ta salle de sport<\/p>\n","protected":false},"author":9,"featured_media":0,"parent":0,"menu_order":0,"comment_status":"closed","ping_status":"closed","template":"","meta":{"content-type":"","footnotes":""},"class_list":["post-31761","page","type-page","status-publish","hentry"],"yoast_head":"<!-- This site is optimized with the Yoast SEO plugin v25.7 - https:\/\/yoast.com\/wordpress\/plugins\/seo\/ -->\n<title>Guide pour mesurer la satisfaction des adh\u00e9rents d&#039;une salle de sport<\/title>\n<meta name=\"description\" content=\"D\u00e9couvrez comment maintenir la motivation de vos utilisateurs gr\u00e2ce \u00e0 notre guide de mesure de la satisfaction des utilisateurs d&#039;une salle de sport\" \/>\n<meta name=\"robots\" content=\"index, follow, max-snippet:-1, max-image-preview:large, max-video-preview:-1\" \/>\n<link rel=\"canonical\" href=\"https:\/\/resawod.com\/fr\/guide-mesurer-satisfaction-adherents-box\/\" \/>\n<meta property=\"og:locale\" content=\"fr_FR\" \/>\n<meta property=\"og:type\" content=\"article\" \/>\n<meta property=\"og:title\" content=\"Guide pour mesurer la satisfaction des adh\u00e9rents d&#039;une salle de sport\" \/>\n<meta property=\"og:description\" content=\"D\u00e9couvrez comment maintenir la motivation de vos utilisateurs gr\u00e2ce \u00e0 notre guide de mesure de la satisfaction des utilisateurs d&#039;une salle de sport\" \/>\n<meta property=\"og:url\" content=\"https:\/\/resawod.com\/fr\/guide-mesurer-satisfaction-adherents-box\/\" \/>\n<meta property=\"og:site_name\" content=\"Resawod\" \/>\n<meta property=\"article:modified_time\" content=\"2025-07-21T07:28:07+00:00\" \/>\n<meta name=\"twitter:card\" content=\"summary_large_image\" \/>\n<meta name=\"twitter:label1\" content=\"Dur\u00e9e de lecture estim\u00e9e\" \/>\n\t<meta name=\"twitter:data1\" content=\"1 minute\" \/>\n<script type=\"application\/ld+json\" class=\"yoast-schema-graph\">{\"@context\":\"https:\/\/schema.org\",\"@graph\":[{\"@type\":\"WebPage\",\"@id\":\"https:\/\/resawod.com\/fr\/guide-mesurer-satisfaction-adherents-box\/\",\"url\":\"https:\/\/resawod.com\/fr\/guide-mesurer-satisfaction-adherents-box\/\",\"name\":\"Guide pour mesurer la satisfaction des adh\u00e9rents d'une salle de sport\",\"isPartOf\":{\"@id\":\"https:\/\/resawod.com\/fr\/#website\"},\"datePublished\":\"2025-07-21T07:18:08+00:00\",\"dateModified\":\"2025-07-21T07:28:07+00:00\",\"description\":\"D\u00e9couvrez comment maintenir la motivation de vos utilisateurs gr\u00e2ce \u00e0 notre guide de mesure de la satisfaction des utilisateurs d'une salle de sport\",\"breadcrumb\":{\"@id\":\"https:\/\/resawod.com\/fr\/guide-mesurer-satisfaction-adherents-box\/#breadcrumb\"},\"inLanguage\":\"fr-FR\",\"potentialAction\":[{\"@type\":\"ReadAction\",\"target\":[\"https:\/\/resawod.com\/fr\/guide-mesurer-satisfaction-adherents-box\/\"]}]},{\"@type\":\"BreadcrumbList\",\"@id\":\"https:\/\/resawod.com\/fr\/guide-mesurer-satisfaction-adherents-box\/#breadcrumb\",\"itemListElement\":[{\"@type\":\"ListItem\",\"position\":1,\"name\":\"Portada\",\"item\":\"https:\/\/resawod.com\/fr\/\"},{\"@type\":\"ListItem\",\"position\":2,\"name\":\"T\u00e9l\u00e9chargez notre Guide pour mesurer la satisfaction des adh\u00e9rents d&#8217;une salle de sport\"}]},{\"@type\":\"WebSite\",\"@id\":\"https:\/\/resawod.com\/fr\/#website\",\"url\":\"https:\/\/resawod.com\/fr\/\",\"name\":\"Resawod\",\"description\":\"\",\"publisher\":{\"@id\":\"https:\/\/resawod.com\/fr\/#organization\"},\"potentialAction\":[{\"@type\":\"SearchAction\",\"target\":{\"@type\":\"EntryPoint\",\"urlTemplate\":\"https:\/\/resawod.com\/fr\/?s={search_term_string}\"},\"query-input\":{\"@type\":\"PropertyValueSpecification\",\"valueRequired\":true,\"valueName\":\"search_term_string\"}}],\"inLanguage\":\"fr-FR\"},{\"@type\":\"Organization\",\"@id\":\"https:\/\/resawod.com\/fr\/#organization\",\"name\":\"Resawod\",\"url\":\"https:\/\/resawod.com\/fr\/\",\"logo\":{\"@type\":\"ImageObject\",\"inLanguage\":\"fr-FR\",\"@id\":\"https:\/\/resawod.com\/fr\/#\/schema\/logo\/image\/\",\"url\":\"https:\/\/resawod.com\/wp-content\/uploads\/sites\/7\/2025\/06\/resawod_Sitelogo.svg\",\"contentUrl\":\"https:\/\/resawod.com\/wp-content\/uploads\/sites\/7\/2025\/06\/resawod_Sitelogo.svg\",\"width\":350,\"height\":65,\"caption\":\"Resawod\"},\"image\":{\"@id\":\"https:\/\/resawod.com\/fr\/#\/schema\/logo\/image\/\"}}]}<\/script>\n<!-- \/ Yoast SEO plugin. -->","yoast_head_json":{"title":"Guide pour mesurer la satisfaction des adh\u00e9rents d'une salle de sport","description":"D\u00e9couvrez comment maintenir la motivation de vos utilisateurs gr\u00e2ce \u00e0 notre guide de mesure de la satisfaction des utilisateurs d'une salle de sport","robots":{"index":"index","follow":"follow","max-snippet":"max-snippet:-1","max-image-preview":"max-image-preview:large","max-video-preview":"max-video-preview:-1"},"canonical":"https:\/\/resawod.com\/fr\/guide-mesurer-satisfaction-adherents-box\/","og_locale":"fr_FR","og_type":"article","og_title":"Guide pour mesurer la satisfaction des adh\u00e9rents d'une salle de sport","og_description":"D\u00e9couvrez comment maintenir la motivation de vos utilisateurs gr\u00e2ce \u00e0 notre guide de mesure de la satisfaction des utilisateurs d'une salle de sport","og_url":"https:\/\/resawod.com\/fr\/guide-mesurer-satisfaction-adherents-box\/","og_site_name":"Resawod","article_modified_time":"2025-07-21T07:28:07+00:00","twitter_card":"summary_large_image","twitter_misc":{"Dur\u00e9e de lecture estim\u00e9e":"1 minute"},"schema":{"@context":"https:\/\/schema.org","@graph":[{"@type":"WebPage","@id":"https:\/\/resawod.com\/fr\/guide-mesurer-satisfaction-adherents-box\/","url":"https:\/\/resawod.com\/fr\/guide-mesurer-satisfaction-adherents-box\/","name":"Guide pour mesurer la satisfaction des adh\u00e9rents d'une salle de sport","isPartOf":{"@id":"https:\/\/resawod.com\/fr\/#website"},"datePublished":"2025-07-21T07:18:08+00:00","dateModified":"2025-07-21T07:28:07+00:00","description":"D\u00e9couvrez comment maintenir la motivation de vos utilisateurs gr\u00e2ce \u00e0 notre guide de mesure de la satisfaction des utilisateurs d'une salle de sport","breadcrumb":{"@id":"https:\/\/resawod.com\/fr\/guide-mesurer-satisfaction-adherents-box\/#breadcrumb"},"inLanguage":"fr-FR","potentialAction":[{"@type":"ReadAction","target":["https:\/\/resawod.com\/fr\/guide-mesurer-satisfaction-adherents-box\/"]}]},{"@type":"BreadcrumbList","@id":"https:\/\/resawod.com\/fr\/guide-mesurer-satisfaction-adherents-box\/#breadcrumb","itemListElement":[{"@type":"ListItem","position":1,"name":"Portada","item":"https:\/\/resawod.com\/fr\/"},{"@type":"ListItem","position":2,"name":"T\u00e9l\u00e9chargez notre Guide pour mesurer la satisfaction des adh\u00e9rents d&#8217;une salle de sport"}]},{"@type":"WebSite","@id":"https:\/\/resawod.com\/fr\/#website","url":"https:\/\/resawod.com\/fr\/","name":"Resawod","description":"","publisher":{"@id":"https:\/\/resawod.com\/fr\/#organization"},"potentialAction":[{"@type":"SearchAction","target":{"@type":"EntryPoint","urlTemplate":"https:\/\/resawod.com\/fr\/?s={search_term_string}"},"query-input":{"@type":"PropertyValueSpecification","valueRequired":true,"valueName":"search_term_string"}}],"inLanguage":"fr-FR"},{"@type":"Organization","@id":"https:\/\/resawod.com\/fr\/#organization","name":"Resawod","url":"https:\/\/resawod.com\/fr\/","logo":{"@type":"ImageObject","inLanguage":"fr-FR","@id":"https:\/\/resawod.com\/fr\/#\/schema\/logo\/image\/","url":"https:\/\/resawod.com\/wp-content\/uploads\/sites\/7\/2025\/06\/resawod_Sitelogo.svg","contentUrl":"https:\/\/resawod.com\/wp-content\/uploads\/sites\/7\/2025\/06\/resawod_Sitelogo.svg","width":350,"height":65,"caption":"Resawod"},"image":{"@id":"https:\/\/resawod.com\/fr\/#\/schema\/logo\/image\/"}}]}},"_links":{"self":[{"href":"https:\/\/resawod.com\/fr\/wp-json\/wp\/v2\/pages\/31761","targetHints":{"allow":["GET"]}}],"collection":[{"href":"https:\/\/resawod.com\/fr\/wp-json\/wp\/v2\/pages"}],"about":[{"href":"https:\/\/resawod.com\/fr\/wp-json\/wp\/v2\/types\/page"}],"author":[{"embeddable":true,"href":"https:\/\/resawod.com\/fr\/wp-json\/wp\/v2\/users\/9"}],"replies":[{"embeddable":true,"href":"https:\/\/resawod.com\/fr\/wp-json\/wp\/v2\/comments?post=31761"}],"version-history":[{"count":4,"href":"https:\/\/resawod.com\/fr\/wp-json\/wp\/v2\/pages\/31761\/revisions"}],"predecessor-version":[{"id":31771,"href":"https:\/\/resawod.com\/fr\/wp-json\/wp\/v2\/pages\/31761\/revisions\/31771"}],"wp:attachment":[{"href":"https:\/\/resawod.com\/fr\/wp-json\/wp\/v2\/media?parent=31761"}],"curies":[{"name":"wp","href":"https:\/\/api.w.org\/{rel}","templated":true}]}}