{"id":34445,"date":"2025-10-06T08:31:34","date_gmt":"2025-10-06T08:31:34","guid":{"rendered":"https:\/\/resawod.com\/telecharger-guide-programmation-experiences\/"},"modified":"2025-10-07T07:27:50","modified_gmt":"2025-10-07T07:27:50","slug":"telecharger-guide-programmation-experiences","status":"publish","type":"page","link":"https:\/\/resawod.com\/fr\/telecharger-guide-programmation-experiences\/","title":{"rendered":"T\u00e9l\u00e9chargez \u2013 Des entra\u00eenements aux exp\u00e9riences"},"content":{"rendered":"\t\t<div data-elementor-type=\"wp-page\" data-elementor-id=\"34445\" class=\"elementor elementor-34445 elementor-32105\" data-elementor-post-type=\"page\">\n\t\t\t\t<div class=\"elementor-element elementor-element-1ee33a2 e-con-full e-flex e-con e-parent\" data-id=\"1ee33a2\" data-element_type=\"container\" data-settings=\"{&quot;background_background&quot;:&quot;classic&quot;}\">\n\t\t<div class=\"elementor-element elementor-element-fcc3c9f e-grid e-con-boxed e-con e-child\" data-id=\"fcc3c9f\" data-element_type=\"container\" data-settings=\"{&quot;background_background&quot;:&quot;gradient&quot;}\">\n\t\t\t\t\t<div class=\"e-con-inner\">\n\t\t<div class=\"elementor-element elementor-element-5729bd6 e-grid e-con-full e-con e-child\" data-id=\"5729bd6\" data-element_type=\"container\">\n\t\t\t\t<\/div>\n\t\t<div class=\"elementor-element elementor-element-7e560cf e-con-full e-flex e-con e-child\" data-id=\"7e560cf\" data-element_type=\"container\" data-settings=\"{&quot;background_background&quot;:&quot;classic&quot;}\">\n\t\t<div class=\"elementor-element elementor-element-ad4d61d e-con-full e-flex e-con e-child\" data-id=\"ad4d61d\" data-element_type=\"container\" data-settings=\"{&quot;background_background&quot;:&quot;gradient&quot;}\">\n\t\t\t\t<div class=\"elementor-element elementor-element-d11d540 elementor-widget elementor-widget-heading\" data-id=\"d11d540\" data-element_type=\"widget\" data-widget_type=\"heading.default\">\n\t\t\t\t<div class=\"elementor-widget-container\">\n\t\t\t\t\t<h2 class=\"elementor-heading-title elementor-size-default\">T\u00c9L\u00c9CHARGEZ GRATUITEMENT<\/h2>\t\t\t\t<\/div>\n\t\t\t\t<\/div>\n\t\t\t\t<\/div>\n\t\t\t\t<div class=\"elementor-element elementor-element-1f57d3e elementor-widget elementor-widget-heading\" data-id=\"1f57d3e\" data-element_type=\"widget\" data-widget_type=\"heading.default\">\n\t\t\t\t<div class=\"elementor-widget-container\">\n\t\t\t\t\t<h2 class=\"elementor-heading-title elementor-size-default\">Des entra\u00eenements aux exp\u00e9riences : comment vous d\u00e9marquer gr\u00e2ce \u00e0 votre programmation<\/h2>\t\t\t\t<\/div>\n\t\t\t\t<\/div>\n\t\t\t\t<div class=\"elementor-element elementor-element-0ff0a3b elementor-widget elementor-widget-text-editor\" data-id=\"0ff0a3b\" data-element_type=\"widget\" data-widget_type=\"text-editor.default\">\n\t\t\t\t<div class=\"elementor-widget-container\">\n\t\t\t\t\t\t\t\t\t<p>T\u00e9l\u00e9chargez gratuitement notre guide et d\u00e9couvrez comment transformer votre programmation en l\u2019outil qui fera la diff\u00e9rence pour votre salle de sport.<\/p>\n\t\t\t\t\t\t\t\t<\/div>\n\t\t\t\t<\/div>\n\t\t\t\t<div class=\"elementor-element elementor-element-7548067 elementor-widget elementor-widget-hubspot-form\" data-id=\"7548067\" data-element_type=\"widget\" data-widget_type=\"hubspot-form.default\">\n\t\t\t\t<div class=\"elementor-widget-container\">\n\t\t\t\t\t\n\t\t\t\t\t<script>\n\t\t\t\t\t\twindow.hsFormsOnReady = window.hsFormsOnReady || [];\n\t\t\t\t\t\twindow.hsFormsOnReady.push(()=>{\n\t\t\t\t\t\t\thbspt.forms.create({\n\t\t\t\t\t\t\t\tportalId: 6234568,\n\t\t\t\t\t\t\t\tformId: \"7e86fe02-7071-4529-810f-e33d9733b928\",\n\t\t\t\t\t\t\t\ttarget: \"#hbspt-form-1775769314000-3496654645\",\n\t\t\t\t\t\t\t\tregion: \"na1\",\n\t\t\t\t\t\t\t\t\n\t\t\t\t\t\t})});\n\t\t\t\t\t<\/script>\n\t\t\t\t\t<div class=\"hbspt-form\" id=\"hbspt-form-1775769314000-3496654645\"><\/div>\t\t\t\t<\/div>\n\t\t\t\t<\/div>\n\t\t\t\t<\/div>\n\t\t\t\t\t<\/div>\n\t\t\t\t<\/div>\n\t\t\t\t<\/div>\n\t\t\t\t<\/div>\n\t\t","protected":false},"excerpt":{"rendered":"<p>T\u00e9l\u00e9chargez gratuitement notre guide et d\u00e9couvrez comment faire de votre programmation d\u2019entra\u00eenement la cl\u00e9 pour d\u00e9marquer et d\u00e9velopper votre salle.<\/p>\n","protected":false},"author":9,"featured_media":34426,"parent":0,"menu_order":0,"comment_status":"closed","ping_status":"closed","template":"","meta":{"content-type":"","footnotes":""},"class_list":["post-34445","page","type-page","status-publish","has-post-thumbnail","hentry"],"yoast_head":"<!-- This site is optimized with the Yoast SEO plugin v25.7 - https:\/\/yoast.com\/wordpress\/plugins\/seo\/ -->\n<title>Des entra\u00eenements aux exp\u00e9riences: guide gratuit<\/title>\n<meta name=\"description\" content=\"T\u00e9l\u00e9chargez gratuitement notre guide et d\u00e9couvrez comment faire de votre programmation d\u2019entra\u00eenement la cl\u00e9 pour d\u00e9marquer et d\u00e9velopper votre salle.\" \/>\n<meta name=\"robots\" content=\"index, follow, max-snippet:-1, max-image-preview:large, max-video-preview:-1\" \/>\n<link rel=\"canonical\" href=\"https:\/\/resawod.com\/fr\/telecharger-guide-programmation-experiences\/\" \/>\n<meta property=\"og:locale\" content=\"fr_FR\" \/>\n<meta property=\"og:type\" content=\"article\" \/>\n<meta property=\"og:title\" content=\"Des entra\u00eenements aux exp\u00e9riences: guide gratuit\" \/>\n<meta property=\"og:description\" content=\"T\u00e9l\u00e9chargez gratuitement notre guide et d\u00e9couvrez comment faire de votre programmation d\u2019entra\u00eenement la cl\u00e9 pour d\u00e9marquer et d\u00e9velopper votre salle.\" \/>\n<meta property=\"og:url\" content=\"https:\/\/resawod.com\/fr\/telecharger-guide-programmation-experiences\/\" \/>\n<meta property=\"og:site_name\" content=\"Resawod\" \/>\n<meta property=\"article:modified_time\" content=\"2025-10-07T07:27:50+00:00\" \/>\n<meta property=\"og:image\" content=\"https:\/\/resawod.com\/wp-content\/uploads\/sites\/7\/2025\/10\/1-2.png\" \/>\n\t<meta property=\"og:image:width\" content=\"1080\" \/>\n\t<meta property=\"og:image:height\" content=\"1080\" \/>\n\t<meta property=\"og:image:type\" content=\"image\/png\" \/>\n<meta name=\"twitter:card\" content=\"summary_large_image\" \/>\n<meta name=\"twitter:label1\" content=\"Dur\u00e9e de lecture estim\u00e9e\" \/>\n\t<meta name=\"twitter:data1\" content=\"1 minute\" \/>\n<script type=\"application\/ld+json\" class=\"yoast-schema-graph\">{\"@context\":\"https:\/\/schema.org\",\"@graph\":[{\"@type\":\"WebPage\",\"@id\":\"https:\/\/resawod.com\/fr\/telecharger-guide-programmation-experiences\/\",\"url\":\"https:\/\/resawod.com\/fr\/telecharger-guide-programmation-experiences\/\",\"name\":\"Des entra\u00eenements aux exp\u00e9riences: guide gratuit\",\"isPartOf\":{\"@id\":\"https:\/\/resawod.com\/fr\/#website\"},\"primaryImageOfPage\":{\"@id\":\"https:\/\/resawod.com\/fr\/telecharger-guide-programmation-experiences\/#primaryimage\"},\"image\":{\"@id\":\"https:\/\/resawod.com\/fr\/telecharger-guide-programmation-experiences\/#primaryimage\"},\"thumbnailUrl\":\"https:\/\/resawod.com\/wp-content\/uploads\/sites\/7\/2025\/10\/1-2.png\",\"datePublished\":\"2025-10-06T08:31:34+00:00\",\"dateModified\":\"2025-10-07T07:27:50+00:00\",\"description\":\"T\u00e9l\u00e9chargez gratuitement notre guide et d\u00e9couvrez comment faire de votre programmation d\u2019entra\u00eenement la cl\u00e9 pour d\u00e9marquer et d\u00e9velopper votre salle.\",\"breadcrumb\":{\"@id\":\"https:\/\/resawod.com\/fr\/telecharger-guide-programmation-experiences\/#breadcrumb\"},\"inLanguage\":\"fr-FR\",\"potentialAction\":[{\"@type\":\"ReadAction\",\"target\":[\"https:\/\/resawod.com\/fr\/telecharger-guide-programmation-experiences\/\"]}]},{\"@type\":\"ImageObject\",\"inLanguage\":\"fr-FR\",\"@id\":\"https:\/\/resawod.com\/fr\/telecharger-guide-programmation-experiences\/#primaryimage\",\"url\":\"https:\/\/resawod.com\/wp-content\/uploads\/sites\/7\/2025\/10\/1-2.png\",\"contentUrl\":\"https:\/\/resawod.com\/wp-content\/uploads\/sites\/7\/2025\/10\/1-2.png\",\"width\":1080,\"height\":1080,\"caption\":\"De entrenamientos a experiencias\"},{\"@type\":\"BreadcrumbList\",\"@id\":\"https:\/\/resawod.com\/fr\/telecharger-guide-programmation-experiences\/#breadcrumb\",\"itemListElement\":[{\"@type\":\"ListItem\",\"position\":1,\"name\":\"Portada\",\"item\":\"https:\/\/resawod.com\/fr\/\"},{\"@type\":\"ListItem\",\"position\":2,\"name\":\"T\u00e9l\u00e9chargez \u2013 Des entra\u00eenements aux exp\u00e9riences\"}]},{\"@type\":\"WebSite\",\"@id\":\"https:\/\/resawod.com\/fr\/#website\",\"url\":\"https:\/\/resawod.com\/fr\/\",\"name\":\"Resawod\",\"description\":\"\",\"publisher\":{\"@id\":\"https:\/\/resawod.com\/fr\/#organization\"},\"potentialAction\":[{\"@type\":\"SearchAction\",\"target\":{\"@type\":\"EntryPoint\",\"urlTemplate\":\"https:\/\/resawod.com\/fr\/?s={search_term_string}\"},\"query-input\":{\"@type\":\"PropertyValueSpecification\",\"valueRequired\":true,\"valueName\":\"search_term_string\"}}],\"inLanguage\":\"fr-FR\"},{\"@type\":\"Organization\",\"@id\":\"https:\/\/resawod.com\/fr\/#organization\",\"name\":\"Resawod\",\"url\":\"https:\/\/resawod.com\/fr\/\",\"logo\":{\"@type\":\"ImageObject\",\"inLanguage\":\"fr-FR\",\"@id\":\"https:\/\/resawod.com\/fr\/#\/schema\/logo\/image\/\",\"url\":\"https:\/\/resawod.com\/wp-content\/uploads\/sites\/7\/2025\/06\/resawod_Sitelogo.svg\",\"contentUrl\":\"https:\/\/resawod.com\/wp-content\/uploads\/sites\/7\/2025\/06\/resawod_Sitelogo.svg\",\"width\":350,\"height\":65,\"caption\":\"Resawod\"},\"image\":{\"@id\":\"https:\/\/resawod.com\/fr\/#\/schema\/logo\/image\/\"}}]}<\/script>\n<!-- \/ Yoast SEO plugin. -->","yoast_head_json":{"title":"Des entra\u00eenements aux exp\u00e9riences: guide gratuit","description":"T\u00e9l\u00e9chargez gratuitement notre guide et d\u00e9couvrez comment faire de votre programmation d\u2019entra\u00eenement la cl\u00e9 pour d\u00e9marquer et d\u00e9velopper votre salle.","robots":{"index":"index","follow":"follow","max-snippet":"max-snippet:-1","max-image-preview":"max-image-preview:large","max-video-preview":"max-video-preview:-1"},"canonical":"https:\/\/resawod.com\/fr\/telecharger-guide-programmation-experiences\/","og_locale":"fr_FR","og_type":"article","og_title":"Des entra\u00eenements aux exp\u00e9riences: guide gratuit","og_description":"T\u00e9l\u00e9chargez gratuitement notre guide et d\u00e9couvrez comment faire de votre programmation d\u2019entra\u00eenement la cl\u00e9 pour d\u00e9marquer et d\u00e9velopper votre salle.","og_url":"https:\/\/resawod.com\/fr\/telecharger-guide-programmation-experiences\/","og_site_name":"Resawod","article_modified_time":"2025-10-07T07:27:50+00:00","og_image":[{"width":1080,"height":1080,"url":"https:\/\/resawod.com\/wp-content\/uploads\/sites\/7\/2025\/10\/1-2.png","type":"image\/png"}],"twitter_card":"summary_large_image","twitter_misc":{"Dur\u00e9e de lecture estim\u00e9e":"1 minute"},"schema":{"@context":"https:\/\/schema.org","@graph":[{"@type":"WebPage","@id":"https:\/\/resawod.com\/fr\/telecharger-guide-programmation-experiences\/","url":"https:\/\/resawod.com\/fr\/telecharger-guide-programmation-experiences\/","name":"Des entra\u00eenements aux exp\u00e9riences: guide gratuit","isPartOf":{"@id":"https:\/\/resawod.com\/fr\/#website"},"primaryImageOfPage":{"@id":"https:\/\/resawod.com\/fr\/telecharger-guide-programmation-experiences\/#primaryimage"},"image":{"@id":"https:\/\/resawod.com\/fr\/telecharger-guide-programmation-experiences\/#primaryimage"},"thumbnailUrl":"https:\/\/resawod.com\/wp-content\/uploads\/sites\/7\/2025\/10\/1-2.png","datePublished":"2025-10-06T08:31:34+00:00","dateModified":"2025-10-07T07:27:50+00:00","description":"T\u00e9l\u00e9chargez gratuitement notre guide et d\u00e9couvrez comment faire de votre programmation d\u2019entra\u00eenement la cl\u00e9 pour d\u00e9marquer et d\u00e9velopper votre salle.","breadcrumb":{"@id":"https:\/\/resawod.com\/fr\/telecharger-guide-programmation-experiences\/#breadcrumb"},"inLanguage":"fr-FR","potentialAction":[{"@type":"ReadAction","target":["https:\/\/resawod.com\/fr\/telecharger-guide-programmation-experiences\/"]}]},{"@type":"ImageObject","inLanguage":"fr-FR","@id":"https:\/\/resawod.com\/fr\/telecharger-guide-programmation-experiences\/#primaryimage","url":"https:\/\/resawod.com\/wp-content\/uploads\/sites\/7\/2025\/10\/1-2.png","contentUrl":"https:\/\/resawod.com\/wp-content\/uploads\/sites\/7\/2025\/10\/1-2.png","width":1080,"height":1080,"caption":"De entrenamientos a experiencias"},{"@type":"BreadcrumbList","@id":"https:\/\/resawod.com\/fr\/telecharger-guide-programmation-experiences\/#breadcrumb","itemListElement":[{"@type":"ListItem","position":1,"name":"Portada","item":"https:\/\/resawod.com\/fr\/"},{"@type":"ListItem","position":2,"name":"T\u00e9l\u00e9chargez \u2013 Des entra\u00eenements aux exp\u00e9riences"}]},{"@type":"WebSite","@id":"https:\/\/resawod.com\/fr\/#website","url":"https:\/\/resawod.com\/fr\/","name":"Resawod","description":"","publisher":{"@id":"https:\/\/resawod.com\/fr\/#organization"},"potentialAction":[{"@type":"SearchAction","target":{"@type":"EntryPoint","urlTemplate":"https:\/\/resawod.com\/fr\/?s={search_term_string}"},"query-input":{"@type":"PropertyValueSpecification","valueRequired":true,"valueName":"search_term_string"}}],"inLanguage":"fr-FR"},{"@type":"Organization","@id":"https:\/\/resawod.com\/fr\/#organization","name":"Resawod","url":"https:\/\/resawod.com\/fr\/","logo":{"@type":"ImageObject","inLanguage":"fr-FR","@id":"https:\/\/resawod.com\/fr\/#\/schema\/logo\/image\/","url":"https:\/\/resawod.com\/wp-content\/uploads\/sites\/7\/2025\/06\/resawod_Sitelogo.svg","contentUrl":"https:\/\/resawod.com\/wp-content\/uploads\/sites\/7\/2025\/06\/resawod_Sitelogo.svg","width":350,"height":65,"caption":"Resawod"},"image":{"@id":"https:\/\/resawod.com\/fr\/#\/schema\/logo\/image\/"}}]}},"_links":{"self":[{"href":"https:\/\/resawod.com\/fr\/wp-json\/wp\/v2\/pages\/34445","targetHints":{"allow":["GET"]}}],"collection":[{"href":"https:\/\/resawod.com\/fr\/wp-json\/wp\/v2\/pages"}],"about":[{"href":"https:\/\/resawod.com\/fr\/wp-json\/wp\/v2\/types\/page"}],"author":[{"embeddable":true,"href":"https:\/\/resawod.com\/fr\/wp-json\/wp\/v2\/users\/9"}],"replies":[{"embeddable":true,"href":"https:\/\/resawod.com\/fr\/wp-json\/wp\/v2\/comments?post=34445"}],"version-history":[{"count":8,"href":"https:\/\/resawod.com\/fr\/wp-json\/wp\/v2\/pages\/34445\/revisions"}],"predecessor-version":[{"id":34529,"href":"https:\/\/resawod.com\/fr\/wp-json\/wp\/v2\/pages\/34445\/revisions\/34529"}],"wp:featuredmedia":[{"embeddable":true,"href":"https:\/\/resawod.com\/fr\/wp-json\/wp\/v2\/media\/34426"}],"wp:attachment":[{"href":"https:\/\/resawod.com\/fr\/wp-json\/wp\/v2\/media?parent=34445"}],"curies":[{"name":"wp","href":"https:\/\/api.w.org\/{rel}","templated":true}]}}