{"id":34942,"date":"2026-02-24T11:06:15","date_gmt":"2026-02-24T11:06:15","guid":{"rendered":"https:\/\/resawod.com\/?page_id=34942"},"modified":"2026-02-24T11:10:14","modified_gmt":"2026-02-24T11:10:14","slug":"podcast","status":"publish","type":"page","link":"https:\/\/resawod.com\/fr\/podcast\/","title":{"rendered":"Gym Hackers Podcast"},"content":{"rendered":"\t\t<div data-elementor-type=\"wp-page\" data-elementor-id=\"34942\" class=\"elementor elementor-34942 elementor-34938\" data-elementor-post-type=\"page\">\n\t\t\t\t<div class=\"elementor-element elementor-element-223a119 e-flex e-con-boxed e-con e-parent\" data-id=\"223a119\" data-element_type=\"container\" data-settings=\"{&quot;background_background&quot;:&quot;classic&quot;}\">\n\t\t\t\t\t<div class=\"e-con-inner\">\n\t\t<div class=\"elementor-element elementor-element-ae3046f e-flex e-con-boxed e-con e-child\" data-id=\"ae3046f\" data-element_type=\"container\" data-settings=\"{&quot;background_background&quot;:&quot;gradient&quot;}\">\n\t\t\t\t\t<div class=\"e-con-inner\">\n\t\t\t\t<div class=\"elementor-element elementor-element-1c741d2 elementor-widget elementor-widget-heading\" data-id=\"1c741d2\" data-element_type=\"widget\" data-widget_type=\"heading.default\">\n\t\t\t\t<div class=\"elementor-widget-container\">\n\t\t\t\t\t<h1 class=\"elementor-heading-title elementor-size-default\">Gym Hackers Podcast<\/h1>\t\t\t\t<\/div>\n\t\t\t\t<\/div>\n\t\t\t\t\t<\/div>\n\t\t\t\t<\/div>\n\t\t\t\t\t<\/div>\n\t\t\t\t<\/div>\n\t\t<div class=\"elementor-element elementor-element-0b08c96 e-grid e-con-boxed e-con e-parent\" data-id=\"0b08c96\" data-element_type=\"container\" data-settings=\"{&quot;background_background&quot;:&quot;classic&quot;}\">\n\t\t\t\t\t<div class=\"e-con-inner\">\n\t\t<div class=\"elementor-element elementor-element-5a0b6a5 e-flex e-con-boxed e-con e-child\" data-id=\"5a0b6a5\" data-element_type=\"container\">\n\t\t\t\t\t<div class=\"e-con-inner\">\n\t\t<div class=\"elementor-element elementor-element-a63ae95 e-con-full e-flex e-con e-child\" data-id=\"a63ae95\" data-element_type=\"container\" data-settings=\"{&quot;background_background&quot;:&quot;classic&quot;}\">\n\t\t\t\t<div class=\"elementor-element elementor-element-5f93e02 elementor-widget elementor-widget-image\" data-id=\"5f93e02\" data-element_type=\"widget\" data-widget_type=\"image.default\">\n\t\t\t\t<div class=\"elementor-widget-container\">\n\t\t\t\t\t\t\t\t\t\t\t\t\t\t\t<img fetchpriority=\"high\" decoding=\"async\" width=\"800\" height=\"450\" src=\"https:\/\/resawod.com\/wp-content\/uploads\/sites\/7\/2026\/02\/maxresdefault-1-1024x576.jpg\" class=\"attachment-large size-large wp-image-35050\" alt=\"Gym Hackers episodio2\" srcset=\"https:\/\/resawod.com\/wp-content\/uploads\/sites\/7\/2026\/02\/maxresdefault-1-1024x576.jpg 1024w, https:\/\/resawod.com\/wp-content\/uploads\/sites\/7\/2026\/02\/maxresdefault-1-300x169.jpg 300w, https:\/\/resawod.com\/wp-content\/uploads\/sites\/7\/2026\/02\/maxresdefault-1-768x432.jpg 768w, https:\/\/resawod.com\/wp-content\/uploads\/sites\/7\/2026\/02\/maxresdefault-1.jpg 1280w\" sizes=\"(max-width: 800px) 100vw, 800px\" \/>\t\t\t\t\t\t\t\t\t\t\t\t\t\t\t<\/div>\n\t\t\t\t<\/div>\n\t\t\t\t<div class=\"elementor-element elementor-element-a94edda elementor-widget elementor-widget-heading\" data-id=\"a94edda\" data-element_type=\"widget\" data-widget_type=\"heading.default\">\n\t\t\t\t<div class=\"elementor-widget-container\">\n\t\t\t\t\t<h1 class=\"elementor-heading-title elementor-size-default\">Gym Hackers #2 \u00b7 Avec Ione Tainta y Virginia Finol<\/h1>\t\t\t\t<\/div>\n\t\t\t\t<\/div>\n\t\t\t\t<div class=\"elementor-element elementor-element-2c5038b elementor-widget elementor-widget-text-editor\" data-id=\"2c5038b\" data-element_type=\"widget\" data-widget_type=\"text-editor.default\">\n\t\t\t\t<div class=\"elementor-widget-container\">\n\t\t\t\t\t\t\t\t\t<div class=\"et_pb_module et_pb_text et_pb_text_12 et_pb_text_align_left et_pb_bg_layout_light\">\n<div class=\"et_pb_text_inner\">\n<blockquote data-start=\"558\" data-end=\"745\">\n<p data-start=\"560\" data-end=\"745\">Peut-on vivre de la programmation en ligne apr\u00e8s avoir concouru au plus haut niveau ? Dans cet \u00e9pisode de Gym Hackers, nous analysons la transition d\u2019athl\u00e8te \u00e0 professionnel du fitness.<\/p>\n<\/blockquote>\n<\/div>\n<\/div>\n\t\t\t\t\t\t\t\t<\/div>\n\t\t\t\t<\/div>\n\t\t\t\t<div class=\"elementor-element elementor-element-07c47d0 elementor-align-center elementor-widget elementor-widget-button\" data-id=\"07c47d0\" data-element_type=\"widget\" data-widget_type=\"button.default\">\n\t\t\t\t<div class=\"elementor-widget-container\">\n\t\t\t\t\t\t\t\t\t<div class=\"elementor-button-wrapper\">\n\t\t\t\t\t<a class=\"elementor-button elementor-button-link elementor-size-sm\" href=\"https:\/\/youtu.be\/BxL-Zh6R9GE\">\n\t\t\t\t\t\t<span class=\"elementor-button-content-wrapper\">\n\t\t\t\t\t\t\t\t\t<span class=\"elementor-button-text\">Voir sur Youtube<\/span>\n\t\t\t\t\t<\/span>\n\t\t\t\t\t<\/a>\n\t\t\t\t<\/div>\n\t\t\t\t\t\t\t\t<\/div>\n\t\t\t\t<\/div>\n\t\t\t\t<div class=\"elementor-element elementor-element-a6fb248 elementor-align-center elementor-widget elementor-widget-button\" data-id=\"a6fb248\" data-element_type=\"widget\" data-widget_type=\"button.default\">\n\t\t\t\t<div class=\"elementor-widget-container\">\n\t\t\t\t\t\t\t\t\t<div class=\"elementor-button-wrapper\">\n\t\t\t\t\t<a class=\"elementor-button elementor-button-link elementor-size-sm\" href=\"https:\/\/open.spotify.com\/episode\/4FO9GxYTpl6hjOpqLUpUW4?si=Lzyp7caXS2O-C5AdIMAzww\">\n\t\t\t\t\t\t<span class=\"elementor-button-content-wrapper\">\n\t\t\t\t\t\t\t\t\t<span class=\"elementor-button-text\">Voir sur Spotify<\/span>\n\t\t\t\t\t<\/span>\n\t\t\t\t\t<\/a>\n\t\t\t\t<\/div>\n\t\t\t\t\t\t\t\t<\/div>\n\t\t\t\t<\/div>\n\t\t\t\t<\/div>\n\t\t\t\t\t<\/div>\n\t\t\t\t<\/div>\n\t\t<div class=\"elementor-element elementor-element-aa1371b e-con-full e-flex e-con e-child\" data-id=\"aa1371b\" data-element_type=\"container\" data-settings=\"{&quot;background_background&quot;:&quot;classic&quot;}\">\n\t\t\t\t<div class=\"elementor-element elementor-element-b0d42a6 elementor-widget elementor-widget-image\" data-id=\"b0d42a6\" data-element_type=\"widget\" data-widget_type=\"image.default\">\n\t\t\t\t<div class=\"elementor-widget-container\">\n\t\t\t\t\t\t\t\t\t\t\t\t\t\t\t<img decoding=\"async\" width=\"800\" height=\"450\" src=\"https:\/\/resawod.com\/wp-content\/uploads\/sites\/7\/2026\/02\/Episodio-1-1024x576.webp\" class=\"attachment-large size-large wp-image-34918\" alt=\"Gym hackers podcast by resawod\" srcset=\"https:\/\/resawod.com\/wp-content\/uploads\/sites\/7\/2026\/02\/Episodio-1-1024x576.webp 1024w, https:\/\/resawod.com\/wp-content\/uploads\/sites\/7\/2026\/02\/Episodio-1-300x169.webp 300w, https:\/\/resawod.com\/wp-content\/uploads\/sites\/7\/2026\/02\/Episodio-1-768x432.webp 768w, https:\/\/resawod.com\/wp-content\/uploads\/sites\/7\/2026\/02\/Episodio-1.webp 1280w\" sizes=\"(max-width: 800px) 100vw, 800px\" \/>\t\t\t\t\t\t\t\t\t\t\t\t\t\t\t<\/div>\n\t\t\t\t<\/div>\n\t\t\t\t<div class=\"elementor-element elementor-element-0dcc69c elementor-widget elementor-widget-heading\" data-id=\"0dcc69c\" data-element_type=\"widget\" data-widget_type=\"heading.default\">\n\t\t\t\t<div class=\"elementor-widget-container\">\n\t\t\t\t\t<h1 class=\"elementor-heading-title elementor-size-default\">Gym Hackers #1 \u00b7 Coach Mike (CrossFit Queiron)<\/h1>\t\t\t\t<\/div>\n\t\t\t\t<\/div>\n\t\t\t\t<div class=\"elementor-element elementor-element-e15d117 elementor-widget elementor-widget-text-editor\" data-id=\"e15d117\" data-element_type=\"widget\" data-widget_type=\"text-editor.default\">\n\t\t\t\t<div class=\"elementor-widget-container\">\n\t\t\t\t\t\t\t\t\t<div class=\"et_pb_module et_pb_text et_pb_text_12 et_pb_text_align_left et_pb_bg_layout_light\">\n<div class=\"et_pb_text_inner\">\n<p><strong data-start=\"379\" data-end=\"536\">La r\u00e9alit\u00e9 de la gestion d\u2019une salle de sport pendant plus d\u2019une d\u00e9cennie. D\u00e9cisions difficiles, croissance non ma\u00eetris\u00e9e et charge mentale du dirigeant.<\/strong><\/p>\n<\/div>\n<\/div>\n\t\t\t\t\t\t\t\t<\/div>\n\t\t\t\t<\/div>\n\t\t\t\t<div class=\"elementor-element elementor-element-5fac89b elementor-align-center elementor-widget elementor-widget-button\" data-id=\"5fac89b\" data-element_type=\"widget\" data-widget_type=\"button.default\">\n\t\t\t\t<div class=\"elementor-widget-container\">\n\t\t\t\t\t\t\t\t\t<div class=\"elementor-button-wrapper\">\n\t\t\t\t\t<a class=\"elementor-button elementor-button-link elementor-size-sm\" href=\"https:\/\/youtu.be\/Uw_Ckn34hSw\">\n\t\t\t\t\t\t<span class=\"elementor-button-content-wrapper\">\n\t\t\t\t\t\t\t\t\t<span class=\"elementor-button-text\">Voir sur YouTube<\/span>\n\t\t\t\t\t<\/span>\n\t\t\t\t\t<\/a>\n\t\t\t\t<\/div>\n\t\t\t\t\t\t\t\t<\/div>\n\t\t\t\t<\/div>\n\t\t\t\t<div class=\"elementor-element elementor-element-cd6e2a4 elementor-align-center elementor-widget elementor-widget-button\" data-id=\"cd6e2a4\" data-element_type=\"widget\" data-widget_type=\"button.default\">\n\t\t\t\t<div class=\"elementor-widget-container\">\n\t\t\t\t\t\t\t\t\t<div class=\"elementor-button-wrapper\">\n\t\t\t\t\t<a class=\"elementor-button elementor-button-link elementor-size-sm\" href=\"https:\/\/open.spotify.com\/episode\/1mLGoACn4iq86mS73pkxpr?si=4f5c0a1bbc12440c\">\n\t\t\t\t\t\t<span class=\"elementor-button-content-wrapper\">\n\t\t\t\t\t\t\t\t\t<span class=\"elementor-button-text\">Voir sur Spotify<\/span>\n\t\t\t\t\t<\/span>\n\t\t\t\t\t<\/a>\n\t\t\t\t<\/div>\n\t\t\t\t\t\t\t\t<\/div>\n\t\t\t\t<\/div>\n\t\t\t\t<\/div>\n\t\t\t\t\t<\/div>\n\t\t\t\t<\/div>\n\t\t\t\t<\/div>\n\t\t","protected":false},"excerpt":{"rendered":"<p>Gym Hackers Podcast Gym Hackers #2 \u00b7 Avec Ione Tainta y Virginia Finol Peut-on vivre de la programmation en ligne apr\u00e8s avoir concouru au plus haut niveau ? Dans cet \u00e9pisode de Gym Hackers, nous analysons la transition d\u2019athl\u00e8te \u00e0 professionnel du fitness. Voir sur Youtube Voir sur Spotify Gym Hackers #1 \u00b7 Coach Mike [&hellip;]<\/p>\n","protected":false},"author":9,"featured_media":0,"parent":0,"menu_order":0,"comment_status":"closed","ping_status":"closed","template":"","meta":{"content-type":"","footnotes":""},"class_list":["post-34942","page","type-page","status-publish","hentry"],"yoast_head":"<!-- This site is optimized with the Yoast SEO plugin v25.7 - https:\/\/yoast.com\/wordpress\/plugins\/seo\/ -->\n<title>Gym Hackers Podcast - Resawod<\/title>\n<meta name=\"robots\" content=\"index, follow, max-snippet:-1, max-image-preview:large, max-video-preview:-1\" \/>\n<link rel=\"canonical\" href=\"https:\/\/resawod.com\/fr\/podcast\/\" \/>\n<meta property=\"og:locale\" content=\"fr_FR\" \/>\n<meta property=\"og:type\" content=\"article\" \/>\n<meta property=\"og:title\" content=\"Gym Hackers Podcast - Resawod\" \/>\n<meta property=\"og:description\" content=\"Gym Hackers Podcast Gym Hackers #2 \u00b7 Avec Ione Tainta y Virginia Finol Peut-on vivre de la programmation en ligne apr\u00e8s avoir concouru au plus haut niveau ? Dans cet \u00e9pisode de Gym Hackers, nous analysons la transition d\u2019athl\u00e8te \u00e0 professionnel du fitness. Voir sur Youtube Voir sur Spotify Gym Hackers #1 \u00b7 Coach Mike [&hellip;]\" \/>\n<meta property=\"og:url\" content=\"https:\/\/resawod.com\/fr\/podcast\/\" \/>\n<meta property=\"og:site_name\" content=\"Resawod\" \/>\n<meta property=\"article:modified_time\" content=\"2026-02-24T11:10:14+00:00\" \/>\n<meta property=\"og:image\" content=\"https:\/\/resawod.com\/wp-content\/uploads\/sites\/7\/2026\/02\/maxresdefault-1.jpg\" \/>\n\t<meta property=\"og:image:width\" content=\"1280\" \/>\n\t<meta property=\"og:image:height\" content=\"720\" \/>\n\t<meta property=\"og:image:type\" content=\"image\/jpeg\" \/>\n<meta name=\"twitter:card\" content=\"summary_large_image\" \/>\n<script type=\"application\/ld+json\" class=\"yoast-schema-graph\">{\"@context\":\"https:\/\/schema.org\",\"@graph\":[{\"@type\":\"WebPage\",\"@id\":\"https:\/\/resawod.com\/fr\/podcast\/\",\"url\":\"https:\/\/resawod.com\/fr\/podcast\/\",\"name\":\"Gym Hackers Podcast - Resawod\",\"isPartOf\":{\"@id\":\"https:\/\/resawod.com\/fr\/#website\"},\"primaryImageOfPage\":{\"@id\":\"https:\/\/resawod.com\/fr\/podcast\/#primaryimage\"},\"image\":{\"@id\":\"https:\/\/resawod.com\/fr\/podcast\/#primaryimage\"},\"thumbnailUrl\":\"https:\/\/resawod.com\/wp-content\/uploads\/sites\/7\/2026\/02\/maxresdefault-1-1024x576.jpg\",\"datePublished\":\"2026-02-24T11:06:15+00:00\",\"dateModified\":\"2026-02-24T11:10:14+00:00\",\"breadcrumb\":{\"@id\":\"https:\/\/resawod.com\/fr\/podcast\/#breadcrumb\"},\"inLanguage\":\"fr-FR\",\"potentialAction\":[{\"@type\":\"ReadAction\",\"target\":[\"https:\/\/resawod.com\/fr\/podcast\/\"]}]},{\"@type\":\"ImageObject\",\"inLanguage\":\"fr-FR\",\"@id\":\"https:\/\/resawod.com\/fr\/podcast\/#primaryimage\",\"url\":\"https:\/\/resawod.com\/wp-content\/uploads\/sites\/7\/2026\/02\/maxresdefault-1-1024x576.jpg\",\"contentUrl\":\"https:\/\/resawod.com\/wp-content\/uploads\/sites\/7\/2026\/02\/maxresdefault-1-1024x576.jpg\"},{\"@type\":\"BreadcrumbList\",\"@id\":\"https:\/\/resawod.com\/fr\/podcast\/#breadcrumb\",\"itemListElement\":[{\"@type\":\"ListItem\",\"position\":1,\"name\":\"Portada\",\"item\":\"https:\/\/resawod.com\/fr\/\"},{\"@type\":\"ListItem\",\"position\":2,\"name\":\"Gym Hackers Podcast\"}]},{\"@type\":\"WebSite\",\"@id\":\"https:\/\/resawod.com\/fr\/#website\",\"url\":\"https:\/\/resawod.com\/fr\/\",\"name\":\"Resawod\",\"description\":\"\",\"publisher\":{\"@id\":\"https:\/\/resawod.com\/fr\/#organization\"},\"potentialAction\":[{\"@type\":\"SearchAction\",\"target\":{\"@type\":\"EntryPoint\",\"urlTemplate\":\"https:\/\/resawod.com\/fr\/?s={search_term_string}\"},\"query-input\":{\"@type\":\"PropertyValueSpecification\",\"valueRequired\":true,\"valueName\":\"search_term_string\"}}],\"inLanguage\":\"fr-FR\"},{\"@type\":\"Organization\",\"@id\":\"https:\/\/resawod.com\/fr\/#organization\",\"name\":\"Resawod\",\"url\":\"https:\/\/resawod.com\/fr\/\",\"logo\":{\"@type\":\"ImageObject\",\"inLanguage\":\"fr-FR\",\"@id\":\"https:\/\/resawod.com\/fr\/#\/schema\/logo\/image\/\",\"url\":\"https:\/\/resawod.com\/wp-content\/uploads\/sites\/7\/2025\/06\/resawod_Sitelogo.svg\",\"contentUrl\":\"https:\/\/resawod.com\/wp-content\/uploads\/sites\/7\/2025\/06\/resawod_Sitelogo.svg\",\"width\":350,\"height\":65,\"caption\":\"Resawod\"},\"image\":{\"@id\":\"https:\/\/resawod.com\/fr\/#\/schema\/logo\/image\/\"}}]}<\/script>\n<!-- \/ Yoast SEO plugin. -->","yoast_head_json":{"title":"Gym Hackers Podcast - Resawod","robots":{"index":"index","follow":"follow","max-snippet":"max-snippet:-1","max-image-preview":"max-image-preview:large","max-video-preview":"max-video-preview:-1"},"canonical":"https:\/\/resawod.com\/fr\/podcast\/","og_locale":"fr_FR","og_type":"article","og_title":"Gym Hackers Podcast - Resawod","og_description":"Gym Hackers Podcast Gym Hackers #2 \u00b7 Avec Ione Tainta y Virginia Finol Peut-on vivre de la programmation en ligne apr\u00e8s avoir concouru au plus haut niveau ? Dans cet \u00e9pisode de Gym Hackers, nous analysons la transition d\u2019athl\u00e8te \u00e0 professionnel du fitness. Voir sur Youtube Voir sur Spotify Gym Hackers #1 \u00b7 Coach Mike [&hellip;]","og_url":"https:\/\/resawod.com\/fr\/podcast\/","og_site_name":"Resawod","article_modified_time":"2026-02-24T11:10:14+00:00","og_image":[{"width":1280,"height":720,"url":"https:\/\/resawod.com\/wp-content\/uploads\/sites\/7\/2026\/02\/maxresdefault-1.jpg","type":"image\/jpeg"}],"twitter_card":"summary_large_image","schema":{"@context":"https:\/\/schema.org","@graph":[{"@type":"WebPage","@id":"https:\/\/resawod.com\/fr\/podcast\/","url":"https:\/\/resawod.com\/fr\/podcast\/","name":"Gym Hackers Podcast - Resawod","isPartOf":{"@id":"https:\/\/resawod.com\/fr\/#website"},"primaryImageOfPage":{"@id":"https:\/\/resawod.com\/fr\/podcast\/#primaryimage"},"image":{"@id":"https:\/\/resawod.com\/fr\/podcast\/#primaryimage"},"thumbnailUrl":"https:\/\/resawod.com\/wp-content\/uploads\/sites\/7\/2026\/02\/maxresdefault-1-1024x576.jpg","datePublished":"2026-02-24T11:06:15+00:00","dateModified":"2026-02-24T11:10:14+00:00","breadcrumb":{"@id":"https:\/\/resawod.com\/fr\/podcast\/#breadcrumb"},"inLanguage":"fr-FR","potentialAction":[{"@type":"ReadAction","target":["https:\/\/resawod.com\/fr\/podcast\/"]}]},{"@type":"ImageObject","inLanguage":"fr-FR","@id":"https:\/\/resawod.com\/fr\/podcast\/#primaryimage","url":"https:\/\/resawod.com\/wp-content\/uploads\/sites\/7\/2026\/02\/maxresdefault-1-1024x576.jpg","contentUrl":"https:\/\/resawod.com\/wp-content\/uploads\/sites\/7\/2026\/02\/maxresdefault-1-1024x576.jpg"},{"@type":"BreadcrumbList","@id":"https:\/\/resawod.com\/fr\/podcast\/#breadcrumb","itemListElement":[{"@type":"ListItem","position":1,"name":"Portada","item":"https:\/\/resawod.com\/fr\/"},{"@type":"ListItem","position":2,"name":"Gym Hackers Podcast"}]},{"@type":"WebSite","@id":"https:\/\/resawod.com\/fr\/#website","url":"https:\/\/resawod.com\/fr\/","name":"Resawod","description":"","publisher":{"@id":"https:\/\/resawod.com\/fr\/#organization"},"potentialAction":[{"@type":"SearchAction","target":{"@type":"EntryPoint","urlTemplate":"https:\/\/resawod.com\/fr\/?s={search_term_string}"},"query-input":{"@type":"PropertyValueSpecification","valueRequired":true,"valueName":"search_term_string"}}],"inLanguage":"fr-FR"},{"@type":"Organization","@id":"https:\/\/resawod.com\/fr\/#organization","name":"Resawod","url":"https:\/\/resawod.com\/fr\/","logo":{"@type":"ImageObject","inLanguage":"fr-FR","@id":"https:\/\/resawod.com\/fr\/#\/schema\/logo\/image\/","url":"https:\/\/resawod.com\/wp-content\/uploads\/sites\/7\/2025\/06\/resawod_Sitelogo.svg","contentUrl":"https:\/\/resawod.com\/wp-content\/uploads\/sites\/7\/2025\/06\/resawod_Sitelogo.svg","width":350,"height":65,"caption":"Resawod"},"image":{"@id":"https:\/\/resawod.com\/fr\/#\/schema\/logo\/image\/"}}]}},"_links":{"self":[{"href":"https:\/\/resawod.com\/fr\/wp-json\/wp\/v2\/pages\/34942","targetHints":{"allow":["GET"]}}],"collection":[{"href":"https:\/\/resawod.com\/fr\/wp-json\/wp\/v2\/pages"}],"about":[{"href":"https:\/\/resawod.com\/fr\/wp-json\/wp\/v2\/types\/page"}],"author":[{"embeddable":true,"href":"https:\/\/resawod.com\/fr\/wp-json\/wp\/v2\/users\/9"}],"replies":[{"embeddable":true,"href":"https:\/\/resawod.com\/fr\/wp-json\/wp\/v2\/comments?post=34942"}],"version-history":[{"count":5,"href":"https:\/\/resawod.com\/fr\/wp-json\/wp\/v2\/pages\/34942\/revisions"}],"predecessor-version":[{"id":35081,"href":"https:\/\/resawod.com\/fr\/wp-json\/wp\/v2\/pages\/34942\/revisions\/35081"}],"wp:attachment":[{"href":"https:\/\/resawod.com\/fr\/wp-json\/wp\/v2\/media?parent=34942"}],"curies":[{"name":"wp","href":"https:\/\/api.w.org\/{rel}","templated":true}]}}